{"id":4594,"date":"2024-08-06T11:17:07","date_gmt":"2024-08-06T10:17:07","guid":{"rendered":"https:\/\/autopdz.com\/product\/cric-a-ciseaux-en-acier-robuste-de-15-tonnes-pour-voiture-outil-de-changement-de-pneus-automatique\/"},"modified":"2025-07-08T13:26:55","modified_gmt":"2025-07-08T12:26:55","slug":"cric-a-ciseaux-en-acier-robuste-de-15-tonnes-pour-voiture-outil-de-changement-de-pneus-automatique","status":"publish","type":"product","link":"https:\/\/autopdz.com\/ar\/product\/cric-a-ciseaux-en-acier-robuste-de-15-tonnes-pour-voiture-outil-de-changement-de-pneus-automatique\/","title":{"rendered":"Cric \u00e0 ciseaux en acier robuste de 1,5 tonnes pour voiture, outil de changement de pneus automatique"},"content":{"rendered":"<p>Cadre en m\u00e9tal robuste, pliable, le cric de levage \u00e0 ciseaux en acier a un design compact qui peut \u00eatre utilis\u00e9 comme un cric de rechange robuste ou comme un cric utilitaire suppl\u00e9mentaire qui peut \u00eatre rang\u00e9 dans le coffre de votre voiture.<br \/>\nLa plaque de base solide assure \u00e9galement une bonne stabilit\u00e9. Le produit peut \u00eatre facilement pli\u00e9 et transport\u00e9 dans le v\u00e9hicule.<br \/>\nLa taille compacte et le poids l\u00e9ger le rendent facile \u00e0 positionner et la conception de la poign\u00e9e le rend facile \u00e0 soulever, plage de levage de 8,9 cm \u00e0 hauteur maximale de 35,1 cm.<br \/>\nCapacit\u00e9 de charge : 1,5 t (1500 kg\/3307lbs), avec le cric ciseau, vous pouvez facilement et rapidement r\u00e9gler la hauteur de vos v\u00e9hicules.<br \/>\nPortable et facile \u00e0 utiliser, id\u00e9al pour break, van, SUV, Big Van, Mini Bus. En cas de crevaison, vous pouvez rapidement et facilement changer avec le cric ciseau.<\/p>","protected":false},"excerpt":{"rendered":"<p>Cadre en m\u00e9tal robuste, pliable, le cric de levage \u00e0 ciseaux en acier a un design compact qui peut \u00eatre utilis\u00e9 comme un cric de rechange robuste ou comme un cric utilitaire suppl\u00e9mentaire qui peut \u00eatre rang\u00e9 dans le coffre de votre voiture. La plaque de base solide assure \u00e9galement une bonne stabilit\u00e9. Le produit [&hellip;]<\/p>","protected":false},"featured_media":4590,"comment_status":"open","ping_status":"closed","template":"","meta":[],"product_brand":[],"product_cat":[26],"product_tag":[],"class_list":{"0":"post-4594","1":"product","2":"type-product","3":"status-publish","4":"has-post-thumbnail","6":"product_cat-accessoires-exterieur","8":"first","9":"instock","10":"shipping-taxable","11":"purchasable","12":"product-type-simple"},"jetpack_sharing_enabled":true,"_links":{"self":[{"href":"https:\/\/autopdz.com\/ar\/wp-json\/wp\/v2\/product\/4594","targetHints":{"allow":["GET"]}}],"collection":[{"href":"https:\/\/autopdz.com\/ar\/wp-json\/wp\/v2\/product"}],"about":[{"href":"https:\/\/autopdz.com\/ar\/wp-json\/wp\/v2\/types\/product"}],"replies":[{"embeddable":true,"href":"https:\/\/autopdz.com\/ar\/wp-json\/wp\/v2\/comments?post=4594"}],"wp:featuredmedia":[{"embeddable":true,"href":"https:\/\/autopdz.com\/ar\/wp-json\/wp\/v2\/media\/4590"}],"wp:attachment":[{"href":"https:\/\/autopdz.com\/ar\/wp-json\/wp\/v2\/media?parent=4594"}],"wp:term":[{"taxonomy":"product_brand","embeddable":true,"href":"https:\/\/autopdz.com\/ar\/wp-json\/wp\/v2\/product_brand?post=4594"},{"taxonomy":"product_cat","embeddable":true,"href":"https:\/\/autopdz.com\/ar\/wp-json\/wp\/v2\/product_cat?post=4594"},{"taxonomy":"product_tag","embeddable":true,"href":"https:\/\/autopdz.com\/ar\/wp-json\/wp\/v2\/product_tag?post=4594"}],"curies":[{"name":"wp","href":"https:\/\/api.w.org\/{rel}","templated":true}]}}