{"id":4600,"date":"2024-08-06T11:31:31","date_gmt":"2024-08-06T10:31:31","guid":{"rendered":"https:\/\/autopdz.com\/product\/lustreur-titanum-profwell-3en1\/"},"modified":"2025-06-20T19:22:39","modified_gmt":"2025-06-20T18:22:39","slug":"lustreur-titanum-profwell-3en1","status":"publish","type":"product","link":"https:\/\/autopdz.com\/ar\/product\/lustreur-titanum-profwell-3en1\/","title":{"rendered":"Lustreur Titanum Profwell 3en1 450ml"},"content":{"rendered":"<p>Description<br \/>\nce produit a la puissance de la cire 3 en 1 de profwell vous permet de nettoyer, de polir et de prot\u00e9ger, offrant  des r\u00e9sultats incroyables en une seule \u00e9tape<br \/>\nla technologie avanc\u00e9e \u00e9limine rapidement les tourbillons, les taches d&rsquo;eau et les autres dans les imperfections de peinture<br \/>\ncire de polissage riches ajoutent de la profondeur, de la couleurs et de la pl\u00e9nitude du gloss et de la brillance<br \/>\nle m\u00e9lange unique de cire de carnauba et de cire synth\u00e9tiques fournit une action r\u00e9siliente avec une barri\u00e8re durable et protectrice entre votre peinture et les \u00e9l\u00e9ments<br \/>\n\u00e9liminer les tourbillons<br \/>\n\u00e9liminer les taches d&rsquo;eau et les imperfections<br \/>\naugmenter la profondeur de brillance et la clart\u00e9 des couleurs<br \/>\nPrincipales caract\u00e9ristiques<br \/>\n\u00e9liminer les tourbillons<br \/>\n\u00e9liminer les taches d&rsquo;eau et les imperfections<br \/>\naugmenter la profondeur de brillance et la clart\u00e9 des couleurs<br \/>\noffre une protection durable<br \/>\nnettoie<br \/>\nfais briller<br \/>\nprot\u00e8ge<br \/>\nla puissance de la cire 3 en 1 de profwell vous permet de nettoyer, de polir et de prot\u00e9ger, offrant  des r\u00e9sultats incroyables en une seule \u00e9tape<br \/>\nla technologie avanc\u00e9e \u00e9limine rapidement les tourbillons, les taches d&rsquo;eau et les autres dans les imperfections de peinture<br \/>\ncire de polissage riches ajoutent de la profondeur, de la couleurs et de la pl\u00e9nitude du gloss et de la brillance<br \/>\nle m\u00e9lange unique de cire de carnauba et de cire synth\u00e9tiques fournit une action r\u00e9siliente avec une barri\u00e8re durable et protectrice entre votre peinture et les \u00e9l\u00e9ments<\/p>","protected":false},"excerpt":{"rendered":"<p>Description ce produit a la puissance de la cire 3 en 1 de profwell vous permet de nettoyer, de polir et de prot\u00e9ger, offrant des r\u00e9sultats incroyables en une seule \u00e9tape la technologie avanc\u00e9e \u00e9limine rapidement les tourbillons, les taches d&rsquo;eau et les autres dans les imperfections de peinture cire de polissage riches ajoutent de [&hellip;]<\/p>","protected":false},"featured_media":4595,"comment_status":"open","ping_status":"closed","template":"","meta":[],"product_brand":[],"product_cat":[15],"product_tag":[],"class_list":{"0":"post-4600","1":"product","2":"type-product","3":"status-publish","4":"has-post-thumbnail","6":"product_cat-divers","8":"first","9":"instock","10":"sale","11":"shipping-taxable","12":"purchasable","13":"product-type-simple"},"jetpack_sharing_enabled":true,"_links":{"self":[{"href":"https:\/\/autopdz.com\/ar\/wp-json\/wp\/v2\/product\/4600","targetHints":{"allow":["GET"]}}],"collection":[{"href":"https:\/\/autopdz.com\/ar\/wp-json\/wp\/v2\/product"}],"about":[{"href":"https:\/\/autopdz.com\/ar\/wp-json\/wp\/v2\/types\/product"}],"replies":[{"embeddable":true,"href":"https:\/\/autopdz.com\/ar\/wp-json\/wp\/v2\/comments?post=4600"}],"wp:featuredmedia":[{"embeddable":true,"href":"https:\/\/autopdz.com\/ar\/wp-json\/wp\/v2\/media\/4595"}],"wp:attachment":[{"href":"https:\/\/autopdz.com\/ar\/wp-json\/wp\/v2\/media?parent=4600"}],"wp:term":[{"taxonomy":"product_brand","embeddable":true,"href":"https:\/\/autopdz.com\/ar\/wp-json\/wp\/v2\/product_brand?post=4600"},{"taxonomy":"product_cat","embeddable":true,"href":"https:\/\/autopdz.com\/ar\/wp-json\/wp\/v2\/product_cat?post=4600"},{"taxonomy":"product_tag","embeddable":true,"href":"https:\/\/autopdz.com\/ar\/wp-json\/wp\/v2\/product_tag?post=4600"}],"curies":[{"name":"wp","href":"https:\/\/api.w.org\/{rel}","templated":true}]}}