{"id":461,"date":"2023-08-31T22:10:14","date_gmt":"2023-08-31T21:10:14","guid":{"rendered":"https:\/\/autopdz.com\/?post_type=product&#038;p=461"},"modified":"2025-08-04T15:00:19","modified_gmt":"2025-08-04T14:00:19","slug":"lumieres-dinterieur-de-voiture-usb-2m","status":"publish","type":"product","link":"https:\/\/autopdz.com\/ar\/product\/lumieres-dinterieur-de-voiture-usb-2m\/","title":{"rendered":"Lumi\u00e8res d&rsquo;int\u00e9rieur de voiture USB 2m"},"content":{"rendered":"<div id=\"offer-template-0\" data-spm-anchor-id=\"a2g0o.detail.1000023.i0.74cdbHJtbHJtgB\">Caract\u00e9ristique:<\/div>\n<div id=\"offer-template-0\">\n1. interface USB, pr\u00eat \u00e0 l&#8217;emploi. Tr\u00e8s appropri\u00e9 \u00e0 la d\u00e9coration de voiture, \u00e0 la partie, au camping, \u00e0 la d\u00e9coration de barre, etc.<\/p>\n<p>2. Il existe plusieurs modes de couleur rvb pour votre choix, r\u00e9glable \u00e0 360 degr\u00e9s;<\/p>\n<p>3. Flexible, facile \u00e0 installer, peut \u00eatre pli\u00e9 dans n&rsquo;importe quelle forme, et coup\u00e9 \u00e0 n&rsquo;importe quelle longueur;<\/p>\n<p>4. Le contr\u00f4le par bouton rend l&rsquo;op\u00e9ration plus pratique. Plus facile de contr\u00f4ler les lumi\u00e8res \u00e0 tout moment et n&rsquo;importe o\u00f9; Contr\u00f4le de la musique et du son pour cr\u00e9er une atmosph\u00e8re d\u00e9tendue et agr\u00e9able.<\/p>\n<p>Sp\u00e9cification:<br \/>\nTension: 5V-24V<\/p><\/div>\n<div id=\"offer-template-0\"><\/div>\n<div id=\"offer-template-0\">Mode\/d\u00e9mo<\/div>\n<div><\/div>\n<div>1. Un scintillement de couleur unique<\/div>\n<div>2. Une seule couleur passe de sombre \u00e0 lumineux<\/div>\n<div>3. Scintillement de couleurs multiples + d\u00e9grad\u00e9<\/div>\n<div><\/div>\n<div><\/div>\n<div>Vitesse\/marche\/arr\u00eat<\/div>\n<div><\/div>\n<div>1. Appuyez longuement pour allumer\/\u00e9teindre.<\/div>\n<div>2. La presse courte peut ajuster la vitesse de clignotant de couleur<\/div>\n<div><\/div>\n<div><\/div>\n<div>\u0627\u0644\u0644\u0648\u0646<\/div>\n<div><\/div>\n<div>Couleur unique, 10 couleurs peuvent \u00eatre commut\u00e9es (rouge\/vert\/rose\/bleu\/blanc\/orange\/violet\/jaune\/vert fluorescent\/bleu glace)<\/div>\n<div><\/div>\n<div><\/div>\n<div>Mode\/d\u00e9mo + vitesse\/on off<\/div>\n<div><\/div>\n<div>Appuyez bri\u00e8vement pour ajuster la longueur du temps de clignotant de couleur,<\/div>\n<div>Un total de 9 modes clignotants<\/div>\n<div><\/div>\n<div><\/div>\n<div>Couleur + vitesse\/on off<\/div>\n<div><\/div>\n<div>Ajuster la luminosit\u00e9 d&rsquo;une seule couleur,<\/div>\n<div>Un total de 8 types de luminosit\u00e9<\/p>\n<p>Le forfait comprend: 1x bande lumineuse + 1x c\u00e2ble usb + 1x outil (cadeau) + 1 x instructions d&rsquo;installation<\/p><\/div>","protected":false},"excerpt":{"rendered":"<p>Caract\u00e9ristique: 1. interface USB, pr\u00eat \u00e0 l&#8217;emploi. Tr\u00e8s appropri\u00e9 \u00e0 la d\u00e9coration de voiture, \u00e0 la partie, au camping, \u00e0 la d\u00e9coration de barre, etc. 2. Il existe plusieurs modes de couleur rvb pour votre choix, r\u00e9glable \u00e0 360 degr\u00e9s; 3. Flexible, facile \u00e0 installer, peut \u00eatre pli\u00e9 dans n&rsquo;importe quelle forme, et coup\u00e9 \u00e0 [&hellip;]<\/p>","protected":false},"featured_media":470,"comment_status":"open","ping_status":"closed","template":"","meta":[],"product_brand":[],"product_cat":[24,23],"product_tag":[18,32],"class_list":{"0":"post-461","1":"product","2":"type-product","3":"status-publish","4":"has-post-thumbnail","6":"product_cat-accessoires-interieur","7":"product_cat-eclairage","8":"product_tag-led","9":"product_tag-led-car","11":"first","12":"instock","13":"featured","14":"shipping-taxable","15":"purchasable","16":"product-type-simple"},"jetpack_sharing_enabled":true,"_links":{"self":[{"href":"https:\/\/autopdz.com\/ar\/wp-json\/wp\/v2\/product\/461","targetHints":{"allow":["GET"]}}],"collection":[{"href":"https:\/\/autopdz.com\/ar\/wp-json\/wp\/v2\/product"}],"about":[{"href":"https:\/\/autopdz.com\/ar\/wp-json\/wp\/v2\/types\/product"}],"replies":[{"embeddable":true,"href":"https:\/\/autopdz.com\/ar\/wp-json\/wp\/v2\/comments?post=461"}],"wp:featuredmedia":[{"embeddable":true,"href":"https:\/\/autopdz.com\/ar\/wp-json\/wp\/v2\/media\/470"}],"wp:attachment":[{"href":"https:\/\/autopdz.com\/ar\/wp-json\/wp\/v2\/media?parent=461"}],"wp:term":[{"taxonomy":"product_brand","embeddable":true,"href":"https:\/\/autopdz.com\/ar\/wp-json\/wp\/v2\/product_brand?post=461"},{"taxonomy":"product_cat","embeddable":true,"href":"https:\/\/autopdz.com\/ar\/wp-json\/wp\/v2\/product_cat?post=461"},{"taxonomy":"product_tag","embeddable":true,"href":"https:\/\/autopdz.com\/ar\/wp-json\/wp\/v2\/product_tag?post=461"}],"curies":[{"name":"wp","href":"https:\/\/api.w.org\/{rel}","templated":true}]}}