{"id":4628,"date":"2024-08-06T12:23:08","date_gmt":"2024-08-06T11:23:08","guid":{"rendered":"https:\/\/autopdz.com\/product\/2pcs-led-feu-de-jours-parchoc-standard\/"},"modified":"2025-09-14T16:27:10","modified_gmt":"2025-09-14T15:27:10","slug":"2pcs-led-feu-de-jours-parchoc-standard","status":"publish","type":"product","link":"https:\/\/autopdz.com\/ar\/product\/2pcs-led-feu-de-jours-parchoc-standard\/","title":{"rendered":"2Pcs Led Feu de Jours Parchoc Standard Grand Modele"},"content":{"rendered":"<p>Lot de 2 feux de jour \u00e9tanches pour voiture, haute puissance 6 W 12 V 6 000 K, x\u00e9non fin COB LED DRL, feu de jour pour conduite, feu de jour pour voiture, SUV, berline, coup\u00e9, v\u00e9hicule universel<\/p>\n<p>Largeur : 16,5cm<\/p>\n<p>Hauteur: 2cm<\/p>","protected":false},"excerpt":{"rendered":"<p>Lot de 2 feux de jour \u00e9tanches pour voiture, haute puissance 6 W 12 V 6 000 K, x\u00e9non fin COB LED DRL, feu de jour pour conduite, feu de jour pour voiture, SUV, berline, coup\u00e9, v\u00e9hicule universel Largeur : 16,5cm Hauteur: 2cm<\/p>","protected":false},"featured_media":4624,"comment_status":"open","ping_status":"closed","template":"","meta":[],"product_brand":[],"product_cat":[23],"product_tag":[],"class_list":{"0":"post-4628","1":"product","2":"type-product","3":"status-publish","4":"has-post-thumbnail","6":"product_cat-eclairage","8":"first","9":"instock","10":"shipping-taxable","11":"purchasable","12":"product-type-simple"},"jetpack_sharing_enabled":true,"_links":{"self":[{"href":"https:\/\/autopdz.com\/ar\/wp-json\/wp\/v2\/product\/4628","targetHints":{"allow":["GET"]}}],"collection":[{"href":"https:\/\/autopdz.com\/ar\/wp-json\/wp\/v2\/product"}],"about":[{"href":"https:\/\/autopdz.com\/ar\/wp-json\/wp\/v2\/types\/product"}],"replies":[{"embeddable":true,"href":"https:\/\/autopdz.com\/ar\/wp-json\/wp\/v2\/comments?post=4628"}],"wp:featuredmedia":[{"embeddable":true,"href":"https:\/\/autopdz.com\/ar\/wp-json\/wp\/v2\/media\/4624"}],"wp:attachment":[{"href":"https:\/\/autopdz.com\/ar\/wp-json\/wp\/v2\/media?parent=4628"}],"wp:term":[{"taxonomy":"product_brand","embeddable":true,"href":"https:\/\/autopdz.com\/ar\/wp-json\/wp\/v2\/product_brand?post=4628"},{"taxonomy":"product_cat","embeddable":true,"href":"https:\/\/autopdz.com\/ar\/wp-json\/wp\/v2\/product_cat?post=4628"},{"taxonomy":"product_tag","embeddable":true,"href":"https:\/\/autopdz.com\/ar\/wp-json\/wp\/v2\/product_tag?post=4628"}],"curies":[{"name":"wp","href":"https:\/\/api.w.org\/{rel}","templated":true}]}}