{"id":4647,"date":"2024-08-07T12:33:02","date_gmt":"2024-08-07T11:33:02","guid":{"rendered":"https:\/\/autopdz.com\/product\/systeme-dentree-sans-cle-scorpion-r\/"},"modified":"2025-06-20T19:22:39","modified_gmt":"2025-06-20T18:22:39","slug":"systeme-dentree-sans-cle-scorpion-r","status":"publish","type":"product","link":"https:\/\/autopdz.com\/ar\/product\/systeme-dentree-sans-cle-scorpion-r\/","title":{"rendered":"Syst\u00e8me D&rsquo;entr\u00e9e  Sans Cl\u00e9 SCORPION"},"content":{"rendered":"<p>CARACT\u00c9RISTIQUES<\/p>\n<p>\u2022 Verrouillage\/d\u00e9verrouillage des portes \u00e0 distance<\/p>\n<p>\u2022 Confirmation du clignotement lumineux<\/p>\n<p>\u2022 Ouverture du coffre<\/p>\n<p>\u2022 Sortie ferme-fen\u00eatre<\/p>\n<p>\u2022 Universel pour toutes les voitures<\/p>","protected":false},"excerpt":{"rendered":"<p>CARACT\u00c9RISTIQUES \u2022 Verrouillage\/d\u00e9verrouillage des portes \u00e0 distance \u2022 Confirmation du clignotement lumineux \u2022 Ouverture du coffre \u2022 Sortie ferme-fen\u00eatre \u2022 Universel pour toutes les voitures<\/p>","protected":false},"featured_media":8113,"comment_status":"open","ping_status":"closed","template":"","meta":[],"product_brand":[],"product_cat":[24],"product_tag":[],"class_list":{"0":"post-4647","1":"product","2":"type-product","3":"status-publish","4":"has-post-thumbnail","6":"product_cat-accessoires-interieur","8":"first","9":"outofstock","10":"sale","11":"shipping-taxable","12":"purchasable","13":"product-type-simple"},"jetpack_sharing_enabled":true,"_links":{"self":[{"href":"https:\/\/autopdz.com\/ar\/wp-json\/wp\/v2\/product\/4647","targetHints":{"allow":["GET"]}}],"collection":[{"href":"https:\/\/autopdz.com\/ar\/wp-json\/wp\/v2\/product"}],"about":[{"href":"https:\/\/autopdz.com\/ar\/wp-json\/wp\/v2\/types\/product"}],"replies":[{"embeddable":true,"href":"https:\/\/autopdz.com\/ar\/wp-json\/wp\/v2\/comments?post=4647"}],"wp:featuredmedia":[{"embeddable":true,"href":"https:\/\/autopdz.com\/ar\/wp-json\/wp\/v2\/media\/8113"}],"wp:attachment":[{"href":"https:\/\/autopdz.com\/ar\/wp-json\/wp\/v2\/media?parent=4647"}],"wp:term":[{"taxonomy":"product_brand","embeddable":true,"href":"https:\/\/autopdz.com\/ar\/wp-json\/wp\/v2\/product_brand?post=4647"},{"taxonomy":"product_cat","embeddable":true,"href":"https:\/\/autopdz.com\/ar\/wp-json\/wp\/v2\/product_cat?post=4647"},{"taxonomy":"product_tag","embeddable":true,"href":"https:\/\/autopdz.com\/ar\/wp-json\/wp\/v2\/product_tag?post=4647"}],"curies":[{"name":"wp","href":"https:\/\/api.w.org\/{rel}","templated":true}]}}