{"id":4666,"date":"2024-08-07T14:26:42","date_gmt":"2024-08-07T13:26:42","guid":{"rendered":"https:\/\/autopdz.com\/product\/couvre-volant-en-cuir-veritable\/"},"modified":"2024-12-31T14:48:08","modified_gmt":"2024-12-31T13:48:08","slug":"couvre-volant-en-cuir-veritable","status":"publish","type":"product","link":"https:\/\/autopdz.com\/ar\/product\/couvre-volant-en-cuir-veritable\/","title":{"rendered":"Couvre Volant Simili Cuir M"},"content":{"rendered":"<p>Couvre volant en cuir de haute qualit\u00e9, au toucher doux et lisse, antid\u00e9rapant, pratique pour les mains et convient \u00e0 toutes les tailles<\/p>\n<p>Tiens plus longtemps.<\/p>\n<p>Prise en main facile.<\/p>\n<p>Doux et sans odeur.<\/p>\n<p>Montage universel.<\/p>\n<p>Installation facile.<\/p>\n<p>Taille universel 300mm~325mm!!<\/p>","protected":false},"excerpt":{"rendered":"<p>Couvre volant en cuir de haute qualit\u00e9, au toucher doux et lisse, antid\u00e9rapant, pratique pour les mains et convient \u00e0 toutes les tailles Tiens plus longtemps. Prise en main facile. Doux et sans odeur. Montage universel. Installation facile. Taille universel 300mm~325mm!!<\/p>","protected":false},"featured_media":4664,"comment_status":"open","ping_status":"closed","template":"","meta":[],"product_brand":[],"product_cat":[24],"product_tag":[],"class_list":{"0":"post-4666","1":"product","2":"type-product","3":"status-publish","4":"has-post-thumbnail","6":"product_cat-accessoires-interieur","8":"first","9":"instock","10":"shipping-taxable","11":"purchasable","12":"product-type-simple"},"jetpack_sharing_enabled":true,"_links":{"self":[{"href":"https:\/\/autopdz.com\/ar\/wp-json\/wp\/v2\/product\/4666","targetHints":{"allow":["GET"]}}],"collection":[{"href":"https:\/\/autopdz.com\/ar\/wp-json\/wp\/v2\/product"}],"about":[{"href":"https:\/\/autopdz.com\/ar\/wp-json\/wp\/v2\/types\/product"}],"replies":[{"embeddable":true,"href":"https:\/\/autopdz.com\/ar\/wp-json\/wp\/v2\/comments?post=4666"}],"wp:featuredmedia":[{"embeddable":true,"href":"https:\/\/autopdz.com\/ar\/wp-json\/wp\/v2\/media\/4664"}],"wp:attachment":[{"href":"https:\/\/autopdz.com\/ar\/wp-json\/wp\/v2\/media?parent=4666"}],"wp:term":[{"taxonomy":"product_brand","embeddable":true,"href":"https:\/\/autopdz.com\/ar\/wp-json\/wp\/v2\/product_brand?post=4666"},{"taxonomy":"product_cat","embeddable":true,"href":"https:\/\/autopdz.com\/ar\/wp-json\/wp\/v2\/product_cat?post=4666"},{"taxonomy":"product_tag","embeddable":true,"href":"https:\/\/autopdz.com\/ar\/wp-json\/wp\/v2\/product_tag?post=4666"}],"curies":[{"name":"wp","href":"https:\/\/api.w.org\/{rel}","templated":true}]}}