{"id":4670,"date":"2024-08-07T14:47:33","date_gmt":"2024-08-07T13:47:33","guid":{"rendered":"https:\/\/autopdz.com\/product\/camera-de-vision-arriere-hd\/"},"modified":"2024-08-07T14:47:33","modified_gmt":"2024-08-07T13:47:33","slug":"camera-de-vision-arriere-hd","status":"publish","type":"product","link":"https:\/\/autopdz.com\/ar\/product\/camera-de-vision-arriere-hd\/","title":{"rendered":"Cam\u00e9ra De Vision Arri\u00e8re HD"},"content":{"rendered":"<p>VISION NOCTURNE<\/p>\n<p>IMPERM\u00c9ABLE<\/p>\n<p>HAUTE PR\u00c9CISION<\/p>\n<p>VUE GRAND ANGLE<\/p>\n<p>FORMAT COMPACT<\/p>\n<p>\u2022 TROISI\u00c8ME \u0152IL AJOUT\u00c9<\/p>\n<p>\u2022 FONCTION MIROIR<\/p>\n<p>\u2022 BASSE CONSOMMATION \u00c9NERG\u00c9TIQUE<\/p>\n<p>CCD-185<\/p>\n<p>\u2022 ANGLE DE VISION DE 170\u00b0<\/p>\n<p>\u2022 HAUTE PR\u00c9CISION<\/p>\n<p>\u2022 OBJECTIF DE CAM\u00c9RA HAUTE D\u00c9FINITION (HD)<\/p>\n<p>\u2022 PLAQUE D&rsquo;IMMATRICULATION DE TYPE OEM FIX\u00c9E<\/p>","protected":false},"excerpt":{"rendered":"<p>VISION NOCTURNE IMPERM\u00c9ABLE HAUTE PR\u00c9CISION VUE GRAND ANGLE FORMAT COMPACT \u2022 TROISI\u00c8ME \u0152IL AJOUT\u00c9 \u2022 FONCTION MIROIR \u2022 BASSE CONSOMMATION \u00c9NERG\u00c9TIQUE CCD-185 \u2022 ANGLE DE VISION DE 170\u00b0 \u2022 HAUTE PR\u00c9CISION \u2022 OBJECTIF DE CAM\u00c9RA HAUTE D\u00c9FINITION (HD) \u2022 PLAQUE D&rsquo;IMMATRICULATION DE TYPE OEM FIX\u00c9E<\/p>","protected":false},"featured_media":4669,"comment_status":"open","ping_status":"closed","template":"","meta":[],"product_brand":[],"product_cat":[26],"product_tag":[],"class_list":{"0":"post-4670","1":"product","2":"type-product","3":"status-publish","4":"has-post-thumbnail","6":"product_cat-accessoires-exterieur","8":"first","9":"instock","10":"shipping-taxable","11":"purchasable","12":"product-type-simple"},"jetpack_sharing_enabled":true,"_links":{"self":[{"href":"https:\/\/autopdz.com\/ar\/wp-json\/wp\/v2\/product\/4670","targetHints":{"allow":["GET"]}}],"collection":[{"href":"https:\/\/autopdz.com\/ar\/wp-json\/wp\/v2\/product"}],"about":[{"href":"https:\/\/autopdz.com\/ar\/wp-json\/wp\/v2\/types\/product"}],"replies":[{"embeddable":true,"href":"https:\/\/autopdz.com\/ar\/wp-json\/wp\/v2\/comments?post=4670"}],"wp:featuredmedia":[{"embeddable":true,"href":"https:\/\/autopdz.com\/ar\/wp-json\/wp\/v2\/media\/4669"}],"wp:attachment":[{"href":"https:\/\/autopdz.com\/ar\/wp-json\/wp\/v2\/media?parent=4670"}],"wp:term":[{"taxonomy":"product_brand","embeddable":true,"href":"https:\/\/autopdz.com\/ar\/wp-json\/wp\/v2\/product_brand?post=4670"},{"taxonomy":"product_cat","embeddable":true,"href":"https:\/\/autopdz.com\/ar\/wp-json\/wp\/v2\/product_cat?post=4670"},{"taxonomy":"product_tag","embeddable":true,"href":"https:\/\/autopdz.com\/ar\/wp-json\/wp\/v2\/product_tag?post=4670"}],"curies":[{"name":"wp","href":"https:\/\/api.w.org\/{rel}","templated":true}]}}