{"id":4679,"date":"2024-08-07T14:58:14","date_gmt":"2024-08-07T13:58:14","guid":{"rendered":"https:\/\/autopdz.com\/product\/2pcs-lampe-led-multicouleur-9-smd\/"},"modified":"2025-06-20T19:22:39","modified_gmt":"2025-06-20T18:22:39","slug":"2pcs-lampe-led-multicouleur-9-smd","status":"publish","type":"product","link":"https:\/\/autopdz.com\/ar\/product\/2pcs-lampe-led-multicouleur-9-smd\/","title":{"rendered":"2Pcs Lampe Led Multicouleur 9 SMD"},"content":{"rendered":"<p>Caract\u00e9ristiques:<\/p>\n<p>* Tout neuf, de qualit\u00e9 sup\u00e9rieure, facile \u00e0 installer.<\/p>\n<p>* \u00c9clairage ultra-lumineux incroyable.<\/p>\n<p>* Haute conductivit\u00e9 thermique, alliage d&rsquo;aluminium.<\/p>\n<p>* Pour changement de signal, direction, freins, stationnement, queue, DRL.<\/p>\n<p>Caract\u00e9ristiques:<\/p>\n<p>* Type de prise : 1157 BAY15D<\/p>\n<p>* Type de LED : 6 lampes COB + 3 lampes LED<\/p>\n<p>* Couleur : RVB (Les couleurs changent \u00e0 volont\u00e9, incontr\u00f4lables)<\/p>\n<p>* Tension : 12 V CC<\/p>","protected":false},"excerpt":{"rendered":"<p>Caract\u00e9ristiques: * Tout neuf, de qualit\u00e9 sup\u00e9rieure, facile \u00e0 installer. * \u00c9clairage ultra-lumineux incroyable. * Haute conductivit\u00e9 thermique, alliage d&rsquo;aluminium. * Pour changement de signal, direction, freins, stationnement, queue, DRL. Caract\u00e9ristiques: * Type de prise : 1157 BAY15D * Type de LED : 6 lampes COB + 3 lampes LED * Couleur : RVB (Les [&hellip;]<\/p>","protected":false},"featured_media":4673,"comment_status":"open","ping_status":"closed","template":"","meta":[],"product_brand":[],"product_cat":[23],"product_tag":[],"class_list":{"0":"post-4679","1":"product","2":"type-product","3":"status-publish","4":"has-post-thumbnail","6":"product_cat-eclairage","8":"first","9":"instock","10":"shipping-taxable","11":"purchasable","12":"product-type-simple"},"jetpack_sharing_enabled":true,"_links":{"self":[{"href":"https:\/\/autopdz.com\/ar\/wp-json\/wp\/v2\/product\/4679","targetHints":{"allow":["GET"]}}],"collection":[{"href":"https:\/\/autopdz.com\/ar\/wp-json\/wp\/v2\/product"}],"about":[{"href":"https:\/\/autopdz.com\/ar\/wp-json\/wp\/v2\/types\/product"}],"replies":[{"embeddable":true,"href":"https:\/\/autopdz.com\/ar\/wp-json\/wp\/v2\/comments?post=4679"}],"wp:featuredmedia":[{"embeddable":true,"href":"https:\/\/autopdz.com\/ar\/wp-json\/wp\/v2\/media\/4673"}],"wp:attachment":[{"href":"https:\/\/autopdz.com\/ar\/wp-json\/wp\/v2\/media?parent=4679"}],"wp:term":[{"taxonomy":"product_brand","embeddable":true,"href":"https:\/\/autopdz.com\/ar\/wp-json\/wp\/v2\/product_brand?post=4679"},{"taxonomy":"product_cat","embeddable":true,"href":"https:\/\/autopdz.com\/ar\/wp-json\/wp\/v2\/product_cat?post=4679"},{"taxonomy":"product_tag","embeddable":true,"href":"https:\/\/autopdz.com\/ar\/wp-json\/wp\/v2\/product_tag?post=4679"}],"curies":[{"name":"wp","href":"https:\/\/api.w.org\/{rel}","templated":true}]}}