{"id":471,"date":"2023-08-31T22:18:11","date_gmt":"2023-08-31T21:18:11","guid":{"rendered":"https:\/\/autopdz.com\/?post_type=product&#038;p=471"},"modified":"2024-12-31T14:18:34","modified_gmt":"2024-12-31T13:18:34","slug":"retroviseur-dangle-mort-anti-reflet-300mm","status":"publish","type":"product","link":"https:\/\/autopdz.com\/ar\/product\/retroviseur-dangle-mort-anti-reflet-300mm\/","title":{"rendered":"R\u00e9troviseur d&rsquo;angle mort Anti reflet 300mm"},"content":{"rendered":"<ul>\n<li>\u00a0Installation facile<\/li>\n<li>Avec clip r\u00e9glable, il est con\u00e7u pour une installation rapide et facile. Pendant et apr\u00e8s l&rsquo;installation, n&rsquo;appuyez pas trop fort sur le miroir.<\/li>\n<li><\/li>\n<li>La taille est de 300mm, peut s&rsquo;adapter aux v\u00e9hicules universels comme les SUV, les CRV, les fourgonnettes et les camions.<\/li>\n<li><\/li>\n<li>Mat\u00e9riel De miroir: Verre<\/li>\n<li>Mat\u00e9riau Du cadre: ABS<\/li>\n<li>Couleur du miroir: teinte bleue<\/li>\n<li>Surface: Convexe<\/li>\n<li>Taille: 300mm<\/li>\n<\/ul>","protected":false},"excerpt":{"rendered":"<p>\u00a0Installation facile Avec clip r\u00e9glable, il est con\u00e7u pour une installation rapide et facile. Pendant et apr\u00e8s l&rsquo;installation, n&rsquo;appuyez pas trop fort sur le miroir. La taille est de 300mm, peut s&rsquo;adapter aux v\u00e9hicules universels comme les SUV, les CRV, les fourgonnettes et les camions. Mat\u00e9riel De miroir: Verre Mat\u00e9riau Du cadre: ABS Couleur du [&hellip;]<\/p>","protected":false},"featured_media":474,"comment_status":"open","ping_status":"closed","template":"","meta":[],"product_brand":[],"product_cat":[24],"product_tag":[33],"class_list":{"0":"post-471","1":"product","2":"type-product","3":"status-publish","4":"has-post-thumbnail","6":"product_cat-accessoires-interieur","7":"product_tag-retroviseur","9":"first","10":"instock","11":"shipping-taxable","12":"purchasable","13":"product-type-simple"},"jetpack_sharing_enabled":true,"_links":{"self":[{"href":"https:\/\/autopdz.com\/ar\/wp-json\/wp\/v2\/product\/471","targetHints":{"allow":["GET"]}}],"collection":[{"href":"https:\/\/autopdz.com\/ar\/wp-json\/wp\/v2\/product"}],"about":[{"href":"https:\/\/autopdz.com\/ar\/wp-json\/wp\/v2\/types\/product"}],"replies":[{"embeddable":true,"href":"https:\/\/autopdz.com\/ar\/wp-json\/wp\/v2\/comments?post=471"}],"wp:featuredmedia":[{"embeddable":true,"href":"https:\/\/autopdz.com\/ar\/wp-json\/wp\/v2\/media\/474"}],"wp:attachment":[{"href":"https:\/\/autopdz.com\/ar\/wp-json\/wp\/v2\/media?parent=471"}],"wp:term":[{"taxonomy":"product_brand","embeddable":true,"href":"https:\/\/autopdz.com\/ar\/wp-json\/wp\/v2\/product_brand?post=471"},{"taxonomy":"product_cat","embeddable":true,"href":"https:\/\/autopdz.com\/ar\/wp-json\/wp\/v2\/product_cat?post=471"},{"taxonomy":"product_tag","embeddable":true,"href":"https:\/\/autopdz.com\/ar\/wp-json\/wp\/v2\/product_tag?post=471"}],"curies":[{"name":"wp","href":"https:\/\/api.w.org\/{rel}","templated":true}]}}