{"id":4813,"date":"2024-08-24T14:23:12","date_gmt":"2024-08-24T13:23:12","guid":{"rendered":"https:\/\/autopdz.com\/product\/bande-adhesif-fibre-de-carbon-5m\/"},"modified":"2026-05-03T09:24:59","modified_gmt":"2026-05-03T08:24:59","slug":"bande-adhesif-fibre-de-carbon-5m","status":"publish","type":"product","link":"https:\/\/autopdz.com\/ar\/product\/bande-adhesif-fibre-de-carbon-5m\/","title":{"rendered":"Bande Protection Adh\u00e9sif Fibre de Carbon 5m"},"content":{"rendered":"<p>Longueur :3 m\u00e8tre \/Largeur:10cm\u3010Protection de seuil de porte transparente\u3011 Mat\u00e9riau flexible et durable de haute qualit\u00e9. Effet de transparence \u00e9lev\u00e9 de furtivit\u00e9, n&rsquo;affecte pas l&rsquo;esth\u00e9tique du v\u00e9hicule, forte performance de protection furtive et aide \u00e0 pr\u00e9venir l&rsquo;\u00e9caillage, les rayures et les \u00e9raflures sur la surface prot\u00e9g\u00e9e.<\/p>\n<p>\u3010Caract\u00e9ristique\u3011 Ces protections de bord de porte prot\u00e9geront les bords de porte du v\u00e9hicule contre les entailles, les \u00e9clats et les rayures. Imperm\u00e9able, r\u00e9sistant aux rayures, r\u00e9sistant \u00e0 l&rsquo;usure, r\u00e9sistant aux hautes temp\u00e9ratures, anti-vieillissement.<\/p>\n<p>\u3010Avantages\u3011 Durable, flexible et pliable (ne se fissure pas et ne se casse pas). Pas facile \u00e0 d\u00e9gommer, se d\u00e9chire sans laisser de traces, ne laisse pas de r\u00e9sidus de colle, n&rsquo;endommage pas la peinture, garde la porti\u00e8re de votre voiture propre. La protection de bord de porti\u00e8re de voiture emp\u00eache les rayures sur la porti\u00e8re (lorsque la porte est ouverte), l&rsquo;\u00e9caillage de la peinture et la rouille et am\u00e9liore la r\u00e9duction du bruit.<\/p>\n<p>\u3010Emplacement d&rsquo;installation\u3011 La protection de bord de porti\u00e8re de voiture peut \u00eatre utilis\u00e9e sur la porte du moteur, la porte du hayon, la porte avant et arri\u00e8re, le seuil d&rsquo;entr\u00e9e de la porte de voiture. Dans la m\u00e9ta&rsquo; de la carrosserie de la voiture entre la porti\u00e8re et la carrosserie.<\/p>\n<p>\u3010Facile \u00e0 installer\u3011 La bande de protection pour pare-chocs de porti\u00e8re de voiture peut \u00eatre d\u00e9form\u00e9e et clips\u00e9e librement. Selon la structure de la porti\u00e8re de votre voiture, vous pouvez couper la longueur requise \u00e0 volont\u00e9. Ils s&rsquo;installent facilement sans outils Ajustement universel pour la plupart des voitures<\/p>","protected":false},"excerpt":{"rendered":"<p>Longueur :3 m\u00e8tre \/Largeur:10cm\u3010Protection de seuil de porte transparente\u3011 Mat\u00e9riau flexible et durable de haute qualit\u00e9. Effet de transparence \u00e9lev\u00e9 de furtivit\u00e9, n&rsquo;affecte pas l&rsquo;esth\u00e9tique du v\u00e9hicule, forte performance de protection furtive et aide \u00e0 pr\u00e9venir l&rsquo;\u00e9caillage, les rayures et les \u00e9raflures sur la surface prot\u00e9g\u00e9e. \u3010Caract\u00e9ristique\u3011 Ces protections de bord de porte prot\u00e9geront les [&hellip;]<\/p>","protected":false},"featured_media":4812,"comment_status":"open","ping_status":"closed","template":"","meta":[],"product_brand":[],"product_cat":[26,24],"product_tag":[],"class_list":{"0":"post-4813","1":"product","2":"type-product","3":"status-publish","4":"has-post-thumbnail","6":"product_cat-accessoires-exterieur","7":"product_cat-accessoires-interieur","9":"first","10":"outofstock","11":"sale","12":"shipping-taxable","13":"purchasable","14":"product-type-simple"},"jetpack_sharing_enabled":true,"_links":{"self":[{"href":"https:\/\/autopdz.com\/ar\/wp-json\/wp\/v2\/product\/4813","targetHints":{"allow":["GET"]}}],"collection":[{"href":"https:\/\/autopdz.com\/ar\/wp-json\/wp\/v2\/product"}],"about":[{"href":"https:\/\/autopdz.com\/ar\/wp-json\/wp\/v2\/types\/product"}],"replies":[{"embeddable":true,"href":"https:\/\/autopdz.com\/ar\/wp-json\/wp\/v2\/comments?post=4813"}],"wp:featuredmedia":[{"embeddable":true,"href":"https:\/\/autopdz.com\/ar\/wp-json\/wp\/v2\/media\/4812"}],"wp:attachment":[{"href":"https:\/\/autopdz.com\/ar\/wp-json\/wp\/v2\/media?parent=4813"}],"wp:term":[{"taxonomy":"product_brand","embeddable":true,"href":"https:\/\/autopdz.com\/ar\/wp-json\/wp\/v2\/product_brand?post=4813"},{"taxonomy":"product_cat","embeddable":true,"href":"https:\/\/autopdz.com\/ar\/wp-json\/wp\/v2\/product_cat?post=4813"},{"taxonomy":"product_tag","embeddable":true,"href":"https:\/\/autopdz.com\/ar\/wp-json\/wp\/v2\/product_tag?post=4813"}],"curies":[{"name":"wp","href":"https:\/\/api.w.org\/{rel}","templated":true}]}}