{"id":4835,"date":"2024-08-26T14:38:12","date_gmt":"2024-08-26T13:38:12","guid":{"rendered":"https:\/\/autopdz.com\/product\/haut-parleur-auto-standard-127mm-120w\/"},"modified":"2025-01-11T10:39:54","modified_gmt":"2025-01-11T09:39:54","slug":"haut-parleur-auto-standard-127mm-120w","status":"publish","type":"product","link":"https:\/\/autopdz.com\/ar\/product\/haut-parleur-auto-standard-127mm-120w\/","title":{"rendered":"Haut Parleur Auto Standard 127mm 120W SILVERTON"},"content":{"rendered":"<p>Haut-parleur de voiture \u00e0 deux voies de 5 pouces<\/p>\n<p>Diam\u00e8tre : 5&Prime; (127mm)<\/p>\n<p>Puissance: 120 Watts (Max)<\/p>\n<p>40 Watts (Nom)<\/p>\n<p>Imp\u00e9dance nominal : 4 OHM<\/p>\n<p>Fr\u00e9quence de r\u00e9sonance: 100 Hz<\/p>\n<p>Niveau acoustique: 85 \u00b1 3 dB<\/p>","protected":false},"excerpt":{"rendered":"<p>Haut-parleur de voiture \u00e0 deux voies de 5 pouces Diam\u00e8tre : 5&Prime; (127mm) Puissance: 120 Watts (Max) 40 Watts (Nom) Imp\u00e9dance nominal : 4 OHM Fr\u00e9quence de r\u00e9sonance: 100 Hz Niveau acoustique: 85 \u00b1 3 dB<\/p>","protected":false},"featured_media":4832,"comment_status":"open","ping_status":"closed","template":"","meta":[],"product_brand":[],"product_cat":[24],"product_tag":[],"class_list":{"0":"post-4835","1":"product","2":"type-product","3":"status-publish","4":"has-post-thumbnail","6":"product_cat-accessoires-interieur","8":"first","9":"outofstock","10":"shipping-taxable","11":"purchasable","12":"product-type-simple"},"jetpack_sharing_enabled":true,"_links":{"self":[{"href":"https:\/\/autopdz.com\/ar\/wp-json\/wp\/v2\/product\/4835","targetHints":{"allow":["GET"]}}],"collection":[{"href":"https:\/\/autopdz.com\/ar\/wp-json\/wp\/v2\/product"}],"about":[{"href":"https:\/\/autopdz.com\/ar\/wp-json\/wp\/v2\/types\/product"}],"replies":[{"embeddable":true,"href":"https:\/\/autopdz.com\/ar\/wp-json\/wp\/v2\/comments?post=4835"}],"wp:featuredmedia":[{"embeddable":true,"href":"https:\/\/autopdz.com\/ar\/wp-json\/wp\/v2\/media\/4832"}],"wp:attachment":[{"href":"https:\/\/autopdz.com\/ar\/wp-json\/wp\/v2\/media?parent=4835"}],"wp:term":[{"taxonomy":"product_brand","embeddable":true,"href":"https:\/\/autopdz.com\/ar\/wp-json\/wp\/v2\/product_brand?post=4835"},{"taxonomy":"product_cat","embeddable":true,"href":"https:\/\/autopdz.com\/ar\/wp-json\/wp\/v2\/product_cat?post=4835"},{"taxonomy":"product_tag","embeddable":true,"href":"https:\/\/autopdz.com\/ar\/wp-json\/wp\/v2\/product_tag?post=4835"}],"curies":[{"name":"wp","href":"https:\/\/api.w.org\/{rel}","templated":true}]}}