{"id":4840,"date":"2024-08-26T14:47:10","date_gmt":"2024-08-26T13:47:10","guid":{"rendered":"https:\/\/autopdz.com\/product\/haut-parleur-auto-standard-10cm-40w-silverton\/"},"modified":"2024-08-26T14:47:10","modified_gmt":"2024-08-26T13:47:10","slug":"haut-parleur-auto-standard-10cm-40w-silverton","status":"publish","type":"product","link":"https:\/\/autopdz.com\/ar\/product\/haut-parleur-auto-standard-10cm-40w-silverton\/","title":{"rendered":"Haut Parleur Auto Standard 10cm 40W SILVERTON"},"content":{"rendered":"<p>Haut-parleurs de voiture<\/p>\n<p>MK-401-A<\/p>\n<p>Woofer \u00e0 c\u00f4ne en papier de 4,5&Prime;<\/p>\n<p>Diam\u00e8tre : 4,5&Prime; (10cm)<\/p>\n<p>Imp\u00e9dance nominal : 4 OHM<\/p>\n<p>Fr\u00e9quence de r\u00e9sonance: 100Hz<\/p>\n<p>Niveau acoustique : 87 \u00b1 3dB<\/p>\n<p>Puissance d&rsquo;entr\u00e9\u0119: 40 W<\/p>","protected":false},"excerpt":{"rendered":"<p>Haut-parleurs de voiture MK-401-A Woofer \u00e0 c\u00f4ne en papier de 4,5&Prime; Diam\u00e8tre : 4,5&Prime; (10cm) Imp\u00e9dance nominal : 4 OHM Fr\u00e9quence de r\u00e9sonance: 100Hz Niveau acoustique : 87 \u00b1 3dB Puissance d&rsquo;entr\u00e9\u0119: 40 W<\/p>","protected":false},"featured_media":4836,"comment_status":"open","ping_status":"closed","template":"","meta":[],"product_brand":[],"product_cat":[24],"product_tag":[],"class_list":{"0":"post-4840","1":"product","2":"type-product","3":"status-publish","4":"has-post-thumbnail","6":"product_cat-accessoires-interieur","8":"first","9":"instock","10":"shipping-taxable","11":"purchasable","12":"product-type-simple"},"jetpack_sharing_enabled":true,"_links":{"self":[{"href":"https:\/\/autopdz.com\/ar\/wp-json\/wp\/v2\/product\/4840","targetHints":{"allow":["GET"]}}],"collection":[{"href":"https:\/\/autopdz.com\/ar\/wp-json\/wp\/v2\/product"}],"about":[{"href":"https:\/\/autopdz.com\/ar\/wp-json\/wp\/v2\/types\/product"}],"replies":[{"embeddable":true,"href":"https:\/\/autopdz.com\/ar\/wp-json\/wp\/v2\/comments?post=4840"}],"wp:featuredmedia":[{"embeddable":true,"href":"https:\/\/autopdz.com\/ar\/wp-json\/wp\/v2\/media\/4836"}],"wp:attachment":[{"href":"https:\/\/autopdz.com\/ar\/wp-json\/wp\/v2\/media?parent=4840"}],"wp:term":[{"taxonomy":"product_brand","embeddable":true,"href":"https:\/\/autopdz.com\/ar\/wp-json\/wp\/v2\/product_brand?post=4840"},{"taxonomy":"product_cat","embeddable":true,"href":"https:\/\/autopdz.com\/ar\/wp-json\/wp\/v2\/product_cat?post=4840"},{"taxonomy":"product_tag","embeddable":true,"href":"https:\/\/autopdz.com\/ar\/wp-json\/wp\/v2\/product_tag?post=4840"}],"curies":[{"name":"wp","href":"https:\/\/api.w.org\/{rel}","templated":true}]}}