{"id":4843,"date":"2024-08-29T11:58:45","date_gmt":"2024-08-29T10:58:45","guid":{"rendered":"https:\/\/autopdz.com\/product\/lampe-halogene-h7-prilight-55w\/"},"modified":"2024-08-29T11:58:45","modified_gmt":"2024-08-29T10:58:45","slug":"lampe-halogene-h7-prilight-55w","status":"publish","type":"product","link":"https:\/\/autopdz.com\/ar\/product\/lampe-halogene-h7-prilight-55w\/","title":{"rendered":"Lampe Halog\u00e8ne H7 Prilight 55W"},"content":{"rendered":"<p>Sp\u00e9cification:<\/p>\n<p>Marque: PRILIGHT<\/p>\n<p>Mod\u00e8le : H7<\/p>\n<p>\u00c9tat : Neuf<\/p>\n<p>Tension : 12 V<\/p>\n<p>Puissance : 55 W<\/p>\n<p>Type : Halog\u00e8ne<\/p>","protected":false},"excerpt":{"rendered":"<p>Sp\u00e9cification: Marque: PRILIGHT Mod\u00e8le : H7 \u00c9tat : Neuf Tension : 12 V Puissance : 55 W Type : Halog\u00e8ne<\/p>","protected":false},"featured_media":4841,"comment_status":"open","ping_status":"closed","template":"","meta":[],"product_brand":[],"product_cat":[23],"product_tag":[],"class_list":{"0":"post-4843","1":"product","2":"type-product","3":"status-publish","4":"has-post-thumbnail","6":"product_cat-eclairage","8":"first","9":"instock","10":"shipping-taxable","11":"purchasable","12":"product-type-simple"},"jetpack_sharing_enabled":true,"_links":{"self":[{"href":"https:\/\/autopdz.com\/ar\/wp-json\/wp\/v2\/product\/4843","targetHints":{"allow":["GET"]}}],"collection":[{"href":"https:\/\/autopdz.com\/ar\/wp-json\/wp\/v2\/product"}],"about":[{"href":"https:\/\/autopdz.com\/ar\/wp-json\/wp\/v2\/types\/product"}],"replies":[{"embeddable":true,"href":"https:\/\/autopdz.com\/ar\/wp-json\/wp\/v2\/comments?post=4843"}],"wp:featuredmedia":[{"embeddable":true,"href":"https:\/\/autopdz.com\/ar\/wp-json\/wp\/v2\/media\/4841"}],"wp:attachment":[{"href":"https:\/\/autopdz.com\/ar\/wp-json\/wp\/v2\/media?parent=4843"}],"wp:term":[{"taxonomy":"product_brand","embeddable":true,"href":"https:\/\/autopdz.com\/ar\/wp-json\/wp\/v2\/product_brand?post=4843"},{"taxonomy":"product_cat","embeddable":true,"href":"https:\/\/autopdz.com\/ar\/wp-json\/wp\/v2\/product_cat?post=4843"},{"taxonomy":"product_tag","embeddable":true,"href":"https:\/\/autopdz.com\/ar\/wp-json\/wp\/v2\/product_tag?post=4843"}],"curies":[{"name":"wp","href":"https:\/\/api.w.org\/{rel}","templated":true}]}}