{"id":4884,"date":"2024-08-31T14:32:26","date_gmt":"2024-08-31T13:32:26","guid":{"rendered":"https:\/\/autopdz.com\/?post_type=product&#038;p=4884"},"modified":"2025-07-20T12:51:08","modified_gmt":"2025-07-20T11:51:08","slug":"bande-lumineuse-pour-chassis-de-voiture-8-couleurs-application-avec-capteur-de-son","status":"publish","type":"product","link":"https:\/\/autopdz.com\/ar\/product\/bande-lumineuse-pour-chassis-de-voiture-8-couleurs-application-avec-capteur-de-son\/","title":{"rendered":"Bande lumineuse pour ch\u00e2ssis de voiture 8 couleurs Application avec capteur de son"},"content":{"rendered":"<p>Sp\u00e9cifications<br \/>\nPuce LED : 5050 SMD ; 250 LED au total<br \/>\nPuce LED RVB 3 en 1<br \/>\nMat\u00e9riau : tube en caoutchouc flexible<br \/>\nIndice d&rsquo;\u00e9tanch\u00e9it\u00e9 : IP67<br \/>\nTension de fonctionnement : 12 V CC<\/p>\n<p>Nom de l&rsquo;application : lampe LED ou lanterne Lotus<\/p>\n<p>8 couleurs statiques pr\u00e9d\u00e9finies<br \/>\nLuminosit\u00e9 r\u00e9glable, bouton marche\/arr\u00eat facile<br \/>\n4 effets d&rsquo;\u00e9clairage : 2 sauts et 2 fondus<br \/>\n4 modes d&rsquo;activation du son, les LED s&rsquo;allument en fonction du son.<br \/>\nNouvelle t\u00e9l\u00e9commande sans fil repens\u00e9e ; port\u00e9e de la t\u00e9l\u00e9commande : plus de 100 pieds<\/p>\n<p>APPLICATION UNIVERSELLE<br \/>\nToutes les automobiles et appareils \u00e9quip\u00e9s d&rsquo;une source d&rsquo;alimentation 12 V.<br \/>\nIl peut \u00e9galement \u00eatre utilis\u00e9 dans une vari\u00e9t\u00e9 d&rsquo;applications int\u00e9rieures et ext\u00e9rieures, y compris sous la voiture, les plates-formes de camion, les puits de pied, les lumi\u00e8res de roche, etc.<\/p>\n<p>LE PAQUET COMPREND<\/p>\n<p>Paquet:<br \/>\n10x serre-c\u00e2bles<br \/>\n4x bande lumineuse LED<br \/>\nC\u00e2bles de connexion et d&rsquo;extension<\/p>\n<p>REMARQUE<br \/>\nLa t\u00e9l\u00e9commande doit \u00eatre point\u00e9e dans la direction du bo\u00eetier r\u00e9cepteur noir avec un minimum d&rsquo;obstacles.<br \/>\nAssurez-vous de nettoyer les zones de montage avant de coller pour une meilleure tenue. Utilisez des attaches zipp\u00e9es \u00e0 chaque occasion pour plus de s\u00e9curit\u00e9 et pour resserrer les fils.<\/p>\n<p>Caract\u00e9ristiques:<\/p>\n<p>1. \u300ePuce LED de haute qualit\u00e9\u300f T\u00e9l\u00e9commande sans fil \u00e0 changement de couleur, mode clignotant , cr\u00e9e un mode d\u00e9grad\u00e9 color\u00e9. Puce LED SMD 5050 haute intensit\u00e9 am\u00e9lior\u00e9e, fournit une lumi\u00e8re plus vive, ajoute l&rsquo;apparence et la sensation du v\u00e9hicule avec des effets d&rsquo;\u00e9clairage lumineux.<\/p>\n<p>2. \u300eSON ACTIF ET D\u00c9CORATION \u300f Les lumi\u00e8res LED n\u00e9on pour voiture disposent \u00e9galement de 8 modes de clignotement de couleur avec des capteurs sonores qui permettent au syst\u00e8me de lueur sous la voiture de se synchroniser avec le rythme de la musique. La bande lumineuse LED musicale suit le rythme et ajuste le clignotement pour s&rsquo;adapter \u00e0 la force du son, luminosit\u00e9 r\u00e9glable.<\/p>\n<p>3. \u300eCompatibilit\u00e9 universelle\u300f Les lumi\u00e8res LED pour dessous de caisse sont compatibles avec 12 V. Les lumi\u00e8res LED pour dessous de caisse sont \u00e9tanches et sont dot\u00e9es d&rsquo;une protection int\u00e9gr\u00e9e contre les surcharges, elles peuvent donc \u00eatre utilis\u00e9es en toute s\u00e9curit\u00e9. Elles peuvent \u00eatre utilis\u00e9es par presque toutes les voitures. Parfait pour les passages de roue, autour de la calandre avant, sous les repose-pieds, dans le coffre, le long du tableau de bord.<\/p>\n<p>4. \u300eInstallation facile\u300f Kit de bandes lumineuses LED adh\u00e9sives puissantes (avec attache fixe noire), flexibles et faciles \u00e0 installer. Con\u00e7u avec un tube flexible, prot\u00e9g\u00e9 des mauvaises conditions routi\u00e8res et des d\u00e9bris. Mat\u00e9riau de haute qualit\u00e9 et r\u00e9sistance aux basses temp\u00e9ratures.<\/p>\n<p>5. \u300ePLUS DE COULEUR ET D&rsquo;\u00c9CONOMIE D&rsquo;\u00c9NERGIE\u300f Le syst\u00e8me d&rsquo;\u00e9clairage LED sous la voiture illumine des couleurs color\u00e9es, il peut \u00eatre pli\u00e9, pli\u00e9, avec votre imagination pour cr\u00e9er votre ambiance, donner un look \u00e9l\u00e9gant et \u00e9poustouflant aux zones sur lesquelles vous souhaitez les placer. M\u00eame s&rsquo;ils sont vraiment lumineux, ils sont d&rsquo;excellents \u00e9conomiseurs d&rsquo;\u00e9nergie, vous n&rsquo;avez donc pas \u00e0 vous soucier de la consommation d&rsquo;\u00e9nergie<\/p>\n<div class=\"woocommerce-product-details__short-description\">\n<ul>\n<li><strong>Taille optinal:<\/strong><\/li>\n<li>LUMI\u00c8RE DE BANDE DE 60cmX2 + 90cmx2 LED<\/li>\n<li>Lumi\u00e8re de bande de 90cmX2 + 120cmx2 LED<\/li>\n<li>120cmX2 + 150cmx2 LED BANDE LUMI\u00c8RE<\/li>\n<\/ul>\n<\/div>\n<form class=\"cart\" action=\"https:\/\/new.letshop.dz\/boutique\/app-smart-bande-lumineuse-neon-rgb-de-chassis-avec-capteur-de-son-underglow-pour-voiture-12v\/\" enctype=\"multipart\/form-data\" method=\"post\">\n<div class=\"single-button-wrapper\">\n<div class=\"quantity\"><\/div>\n<\/div>\n<\/form>","protected":false},"excerpt":{"rendered":"<p>Sp\u00e9cifications Puce LED : 5050 SMD ; 250 LED au total Puce LED RVB 3 en 1 Mat\u00e9riau : tube en caoutchouc flexible Indice d&rsquo;\u00e9tanch\u00e9it\u00e9 : IP67 Tension de fonctionnement : 12 V CC Nom de l&rsquo;application : lampe LED ou lanterne Lotus 8 couleurs statiques pr\u00e9d\u00e9finies Luminosit\u00e9 r\u00e9glable, bouton marche\/arr\u00eat facile 4 effets d&rsquo;\u00e9clairage [&hellip;]<\/p>","protected":false},"featured_media":4893,"comment_status":"open","ping_status":"closed","template":"","meta":[],"product_brand":[],"product_cat":[26],"product_tag":[],"class_list":{"0":"post-4884","1":"product","2":"type-product","3":"status-publish","4":"has-post-thumbnail","6":"product_cat-accessoires-exterieur","8":"first","9":"outofstock","10":"shipping-taxable","11":"purchasable","12":"product-type-simple"},"jetpack_sharing_enabled":true,"_links":{"self":[{"href":"https:\/\/autopdz.com\/ar\/wp-json\/wp\/v2\/product\/4884","targetHints":{"allow":["GET"]}}],"collection":[{"href":"https:\/\/autopdz.com\/ar\/wp-json\/wp\/v2\/product"}],"about":[{"href":"https:\/\/autopdz.com\/ar\/wp-json\/wp\/v2\/types\/product"}],"replies":[{"embeddable":true,"href":"https:\/\/autopdz.com\/ar\/wp-json\/wp\/v2\/comments?post=4884"}],"wp:featuredmedia":[{"embeddable":true,"href":"https:\/\/autopdz.com\/ar\/wp-json\/wp\/v2\/media\/4893"}],"wp:attachment":[{"href":"https:\/\/autopdz.com\/ar\/wp-json\/wp\/v2\/media?parent=4884"}],"wp:term":[{"taxonomy":"product_brand","embeddable":true,"href":"https:\/\/autopdz.com\/ar\/wp-json\/wp\/v2\/product_brand?post=4884"},{"taxonomy":"product_cat","embeddable":true,"href":"https:\/\/autopdz.com\/ar\/wp-json\/wp\/v2\/product_cat?post=4884"},{"taxonomy":"product_tag","embeddable":true,"href":"https:\/\/autopdz.com\/ar\/wp-json\/wp\/v2\/product_tag?post=4884"}],"curies":[{"name":"wp","href":"https:\/\/api.w.org\/{rel}","templated":true}]}}