{"id":4905,"date":"2024-09-02T11:33:23","date_gmt":"2024-09-02T10:33:23","guid":{"rendered":"https:\/\/autopdz.com\/product\/2pcs-kalxon-electrique-universel-12v\/"},"modified":"2026-05-05T14:38:46","modified_gmt":"2026-05-05T13:38:46","slug":"2pcs-kalxon-electrique-universel-12v","status":"publish","type":"product","link":"https:\/\/autopdz.com\/ar\/product\/2pcs-kalxon-electrique-universel-12v\/","title":{"rendered":"2Pcs Kalxon \u00c9lectrique Universel 12V"},"content":{"rendered":"<p>Ajustement universel pour beaucoup de genres de voitures, d&rsquo;automobile et de v\u00e9hicules. Super pratique peut \u00eatre utilis\u00e9 depuis longtemps.<\/p>\n<p>Puissant conducteur de puissance mais il est silencieux, ne vous d\u00e9rangera pas.<\/p>\n<p>Il offre le summum de la performance, de la durabilit\u00e9 et du style.<\/p>\n<p>Il est id\u00e9al pour l&rsquo;utilisation de mauvais environnements et la conduite hors route.<\/p>\n<p>Principales caract\u00e9ristiques<\/p>\n<p>L&rsquo;installation Simple et facile.<\/p>\n<p>Taille de l&rsquo;article: 12 * 12 *6cm<\/p>\n<p>Puissance: 2 x 72W<\/p>\n<p>Fr\u00e9quence: 335 \u00b1 20Hz (L) 400 \u00b1 20Hz (H)<\/p>\n<p>Puissance sonore: 139dBTension nominale: 12 V<\/p>\n<p>Convient pour: Voitures, Motos, etc<\/p>\n<p>Emballage inclus: 2x cornes de voiture<\/p>\n<p>Contenu de la bo\u00eete<\/p>\n<p>Emballage inclus: 2x cornes de voiture<\/p>","protected":false},"excerpt":{"rendered":"<p>Ajustement universel pour beaucoup de genres de voitures, d&rsquo;automobile et de v\u00e9hicules. Super pratique peut \u00eatre utilis\u00e9 depuis longtemps. Puissant conducteur de puissance mais il est silencieux, ne vous d\u00e9rangera pas. Il offre le summum de la performance, de la durabilit\u00e9 et du style. Il est id\u00e9al pour l&rsquo;utilisation de mauvais environnements et la conduite [&hellip;]<\/p>","protected":false},"featured_media":4903,"comment_status":"open","ping_status":"closed","template":"","meta":[],"product_brand":[],"product_cat":[24],"product_tag":[],"class_list":{"0":"post-4905","1":"product","2":"type-product","3":"status-publish","4":"has-post-thumbnail","6":"product_cat-accessoires-interieur","8":"first","9":"instock","10":"sale","11":"shipping-taxable","12":"purchasable","13":"product-type-simple"},"jetpack_sharing_enabled":true,"_links":{"self":[{"href":"https:\/\/autopdz.com\/ar\/wp-json\/wp\/v2\/product\/4905","targetHints":{"allow":["GET"]}}],"collection":[{"href":"https:\/\/autopdz.com\/ar\/wp-json\/wp\/v2\/product"}],"about":[{"href":"https:\/\/autopdz.com\/ar\/wp-json\/wp\/v2\/types\/product"}],"replies":[{"embeddable":true,"href":"https:\/\/autopdz.com\/ar\/wp-json\/wp\/v2\/comments?post=4905"}],"wp:featuredmedia":[{"embeddable":true,"href":"https:\/\/autopdz.com\/ar\/wp-json\/wp\/v2\/media\/4903"}],"wp:attachment":[{"href":"https:\/\/autopdz.com\/ar\/wp-json\/wp\/v2\/media?parent=4905"}],"wp:term":[{"taxonomy":"product_brand","embeddable":true,"href":"https:\/\/autopdz.com\/ar\/wp-json\/wp\/v2\/product_brand?post=4905"},{"taxonomy":"product_cat","embeddable":true,"href":"https:\/\/autopdz.com\/ar\/wp-json\/wp\/v2\/product_cat?post=4905"},{"taxonomy":"product_tag","embeddable":true,"href":"https:\/\/autopdz.com\/ar\/wp-json\/wp\/v2\/product_tag?post=4905"}],"curies":[{"name":"wp","href":"https:\/\/api.w.org\/{rel}","templated":true}]}}