{"id":4925,"date":"2024-09-02T14:29:39","date_gmt":"2024-09-02T13:29:39","guid":{"rendered":"https:\/\/autopdz.com\/product\/kit-de-cric-de-voiture-a-ciseaux-avec-poignee-a-cliquet-et-pochette-1t\/"},"modified":"2025-12-31T12:43:44","modified_gmt":"2025-12-31T11:43:44","slug":"kit-de-cric-de-voiture-a-ciseaux-avec-poignee-a-cliquet-et-pochette-1t","status":"publish","type":"product","link":"https:\/\/autopdz.com\/ar\/product\/kit-de-cric-de-voiture-a-ciseaux-avec-poignee-a-cliquet-et-pochette-1t\/","title":{"rendered":"Kit de cric de voiture  avec poign\u00e9e \u00e0 cliquet 1,5T"},"content":{"rendered":"<p>1. Compatibilit\u00e9 : cric \u00e0 ciseaux universel pour v\u00e9hicules de petite et moyenne taille, tels que voitures, remorques, camping-cars et camping-cars, a une longue dur\u00e9e de vie.<br \/>\n2. Pliable : vous pouvez facilement et rapidement r\u00e9gler la hauteur de vos v\u00e9hicules, la hauteur minimale est de 85 mm\/3,35 pouces, la hauteur maximale est de 398 mm\/15,67 pouces.<br \/>\n3. Grande capacit\u00e9 de charge : fabrication professionnelle, fabrication exquise, robuste, capacit\u00e9 de charge de 1 T (1 000 kg), stable et fiable.<br \/>\n4. Mat\u00e9riau de qualit\u00e9 sup\u00e9rieure : le cric \u00e0 ciseaux pour voiture est fabriqu\u00e9 en m\u00e9tal de qualit\u00e9 sup\u00e9rieure, antirouille, haute r\u00e9sistance, pas facile \u00e0 casser, robuste et.<\/p>\n<p>Sp\u00e9cifications<br \/>\nType d&rsquo;article : kit de cric \u00e0 ciseaux<br \/>\nMat\u00e9riau : m\u00e9tal<br \/>\nCapacit\u00e9 de charge maximale : 1 T (1 000 kg)<br \/>\nHauteur minimale : environ 85 mm\/3,35 pouces<br \/>\nHauteur maximale : environ 398 mm\/15,67 pouces<br \/>\nCompatibilit\u00e9 : universelle pour les v\u00e9hicules de petite et moyenne taille, tels que les voitures, les remorques, les camping-cars et les camping-cars.<\/p>\n<p>Comment utiliser<br \/>\n1. Ins\u00e9rez la poign\u00e9e dans le trou de la douille de la poign\u00e9e.<br \/>\n2. Assurez-vous que la selle est correctement positionn\u00e9e. Pour \u00e9viter d&rsquo;endommager la douille, ne d\u00e9placez pas la douille lorsque la poign\u00e9e dans la douille est intacte.<br \/>\n3. Pour augmenter la charge, tenez l&rsquo;avant de la poign\u00e9e d&rsquo;une main et tournez dans le sens des aiguilles d&rsquo;une montre derri\u00e8re la poign\u00e9e avec l&rsquo;autre main.<br \/>\n4. Pour abaisser la charge, tenez l&rsquo;avant de la poign\u00e9e d&rsquo;une main et tournez lentement l&rsquo;autre main dans le sens inverse des aiguilles d&rsquo;une montre \u00e0 l&rsquo;arri\u00e8re de la poign\u00e9e.<\/p>\n<p>Liste des colis<br \/>\n1 x cric \u00e0 ciseaux<br \/>\n1 x cl\u00e9<\/p>\n<p>1 x pochette<\/p>","protected":false},"excerpt":{"rendered":"<p>1. Compatibilit\u00e9 : cric \u00e0 ciseaux universel pour v\u00e9hicules de petite et moyenne taille, tels que voitures, remorques, camping-cars et camping-cars, a une longue dur\u00e9e de vie. 2. Pliable : vous pouvez facilement et rapidement r\u00e9gler la hauteur de vos v\u00e9hicules, la hauteur minimale est de 85 mm\/3,35 pouces, la hauteur maximale est de 398 [&hellip;]<\/p>","protected":false},"featured_media":4922,"comment_status":"open","ping_status":"closed","template":"","meta":[],"product_brand":[],"product_cat":[26],"product_tag":[],"class_list":{"0":"post-4925","1":"product","2":"type-product","3":"status-publish","4":"has-post-thumbnail","6":"product_cat-accessoires-exterieur","8":"first","9":"instock","10":"sale","11":"shipping-taxable","12":"purchasable","13":"product-type-simple"},"jetpack_sharing_enabled":true,"_links":{"self":[{"href":"https:\/\/autopdz.com\/ar\/wp-json\/wp\/v2\/product\/4925","targetHints":{"allow":["GET"]}}],"collection":[{"href":"https:\/\/autopdz.com\/ar\/wp-json\/wp\/v2\/product"}],"about":[{"href":"https:\/\/autopdz.com\/ar\/wp-json\/wp\/v2\/types\/product"}],"replies":[{"embeddable":true,"href":"https:\/\/autopdz.com\/ar\/wp-json\/wp\/v2\/comments?post=4925"}],"wp:featuredmedia":[{"embeddable":true,"href":"https:\/\/autopdz.com\/ar\/wp-json\/wp\/v2\/media\/4922"}],"wp:attachment":[{"href":"https:\/\/autopdz.com\/ar\/wp-json\/wp\/v2\/media?parent=4925"}],"wp:term":[{"taxonomy":"product_brand","embeddable":true,"href":"https:\/\/autopdz.com\/ar\/wp-json\/wp\/v2\/product_brand?post=4925"},{"taxonomy":"product_cat","embeddable":true,"href":"https:\/\/autopdz.com\/ar\/wp-json\/wp\/v2\/product_cat?post=4925"},{"taxonomy":"product_tag","embeddable":true,"href":"https:\/\/autopdz.com\/ar\/wp-json\/wp\/v2\/product_tag?post=4925"}],"curies":[{"name":"wp","href":"https:\/\/api.w.org\/{rel}","templated":true}]}}