{"id":4931,"date":"2024-09-03T12:25:06","date_gmt":"2024-09-03T11:25:06","guid":{"rendered":"https:\/\/autopdz.com\/product\/pompe-a-air-electrique-intelligente-vexoneye\/"},"modified":"2024-11-09T12:03:18","modified_gmt":"2024-11-09T11:03:18","slug":"pompe-a-air-electrique-intelligente-vexoneye","status":"publish","type":"product","link":"https:\/\/autopdz.com\/ar\/product\/pompe-a-air-electrique-intelligente-vexoneye\/","title":{"rendered":"Pompe \u00e0 air \u00e9lectrique intelligente VEXONEYE"},"content":{"rendered":"<p>D\u00e9tection num\u00e9rique de la pression des pneus |<\/p>\n<p>Pression pr\u00e9r\u00e9gl\u00e9e |<\/p>\n<p>Arr\u00eat automatique |<\/p>\n<p>Power Bank<\/p>\n<p>Peu utilis\u00e9 largement :<\/p>\n<p>Voiture<br \/>\nMoto<br \/>\nV\u00e9lo<br \/>\nBalle<br \/>\nPersonnaliser<\/p>\n<p>Pompe \u00e0 air \u00e9lectrique intelligente:<\/p>\n<p>Entr\u00e9e de charge : 5 V-2 A<\/p>\n<p>Dimensions : 156x66x42 mm<\/p>\n<p>Sortie USB : 5 V-2 A<\/p>\n<p>Poids : 415g<\/p>\n<p>Pression de gonflage : 2-150 PSI ( jusqu&rsquo;\u00e0 2,5BAR)<\/p>\n<p>Capacit\u00e9 de la batterie : 14,8 Wh\/7,4 V<\/p>\n<p>Contenu de l&#8217;emballage : pompe \u00e0 air \u00e9lectrique intelligente LP5, tuyau \u00e0 air Schrader, valve Presta, aiguille \u00e0 bille, c\u00e2ble de charge de type C, manuel<\/p>","protected":false},"excerpt":{"rendered":"<p>D\u00e9tection num\u00e9rique de la pression des pneus | Pression pr\u00e9r\u00e9gl\u00e9e | Arr\u00eat automatique | Power Bank Peu utilis\u00e9 largement : Voiture Moto V\u00e9lo Balle Personnaliser Pompe \u00e0 air \u00e9lectrique intelligente: Entr\u00e9e de charge : 5 V-2 A Dimensions : 156x66x42 mm Sortie USB : 5 V-2 A Poids : 415g Pression de gonflage : 2-150 [&hellip;]<\/p>","protected":false},"featured_media":4926,"comment_status":"open","ping_status":"closed","template":"","meta":[],"product_brand":[],"product_cat":[26],"product_tag":[],"class_list":{"0":"post-4931","1":"product","2":"type-product","3":"status-publish","4":"has-post-thumbnail","6":"product_cat-accessoires-exterieur","8":"first","9":"outofstock","10":"shipping-taxable","11":"purchasable","12":"product-type-simple"},"jetpack_sharing_enabled":true,"_links":{"self":[{"href":"https:\/\/autopdz.com\/ar\/wp-json\/wp\/v2\/product\/4931","targetHints":{"allow":["GET"]}}],"collection":[{"href":"https:\/\/autopdz.com\/ar\/wp-json\/wp\/v2\/product"}],"about":[{"href":"https:\/\/autopdz.com\/ar\/wp-json\/wp\/v2\/types\/product"}],"replies":[{"embeddable":true,"href":"https:\/\/autopdz.com\/ar\/wp-json\/wp\/v2\/comments?post=4931"}],"wp:featuredmedia":[{"embeddable":true,"href":"https:\/\/autopdz.com\/ar\/wp-json\/wp\/v2\/media\/4926"}],"wp:attachment":[{"href":"https:\/\/autopdz.com\/ar\/wp-json\/wp\/v2\/media?parent=4931"}],"wp:term":[{"taxonomy":"product_brand","embeddable":true,"href":"https:\/\/autopdz.com\/ar\/wp-json\/wp\/v2\/product_brand?post=4931"},{"taxonomy":"product_cat","embeddable":true,"href":"https:\/\/autopdz.com\/ar\/wp-json\/wp\/v2\/product_cat?post=4931"},{"taxonomy":"product_tag","embeddable":true,"href":"https:\/\/autopdz.com\/ar\/wp-json\/wp\/v2\/product_tag?post=4931"}],"curies":[{"name":"wp","href":"https:\/\/api.w.org\/{rel}","templated":true}]}}