{"id":504,"date":"2023-09-03T14:59:40","date_gmt":"2023-09-03T13:59:40","guid":{"rendered":"https:\/\/autopdz.com\/?post_type=product&#038;p=504"},"modified":"2026-03-05T03:00:16","modified_gmt":"2026-03-05T02:00:16","slug":"radar-de-recul-camera-avant-arriere-full-hd-1080p","status":"publish","type":"product","link":"https:\/\/autopdz.com\/ar\/product\/radar-de-recul-camera-avant-arriere-full-hd-1080p\/","title":{"rendered":"Retroviseur Cam\u00e9ra avant &amp; arri\u00e9re Full HD 1080P"},"content":{"rendered":"<p data-spm-anchor-id=\"a2g0o.detail.1000023.i0.4431sHXEsHXEJ0\">DVR de voiture miroir Anti-\u00e9blouissement, \u00e9galement avec une cam\u00e9ra de recul. L&rsquo;enregistreur de v\u00e9hicule \u00e0 double lentille peut attraper les vues de face et vous aider \u00e0 garer la voiture.<br \/>\nIl prend en charge la fonction image dans l&rsquo;image.<\/p>\n<p>Caract\u00e9ristiques:<br \/>\nDouble objectif avant et arri\u00e8re, ce qui le rend capable d&rsquo;attraper et de filmer \u00e0 la fois les images avant et arri\u00e8re.<br \/>\n\u00c9cran LCD haute d\u00e9finition 4.3 pouces.<br \/>\nPrise en charge des fonctions d&rsquo;enregistrement en boucle, de capteur G et de d\u00e9tection de mouvement.<br \/>\nMiroir bleu Anti-\u00e9blouissement, non seulement beau, mais aussi pour emp\u00eacher l&rsquo;\u00e9blouissement r\u00e9fl\u00e9chissant.<br \/>\nPrise en charge de la carte TF haute capacit\u00e9 (non incluse) jusqu&rsquo;\u00e0 32 go de stockage.<\/p>\n<p>Caract\u00e9ristiques:<br \/>\nCouleur: noir<br \/>\nTaille de l&rsquo;\u00e9cran LCD: 4.3 pouces<br \/>\nLangue: Support chinois\/anglais\/occidental\/fran\u00e7ais\/allemand\/italien\/fran\u00e7ais\/russe<br \/>\nAngle de vue: avant 170 degr\u00e9s, arri\u00e8re 140 degr\u00e9s<br \/>\nR\u00e9solution vid\u00e9o: avant 1080P, arri\u00e8re 720P<br \/>\nFormat vid\u00e9o: AVI<br \/>\nFr\u00e9quence: 50Hz<br \/>\nR\u00e9solution Photo: JPEG,1920*1080<br \/>\nMicro\/haut-parleur int\u00e9gr\u00e9: oui<br \/>\nStockage: maximum jusqu&rsquo;\u00e0 32 go (non inclus)<\/p>\n<p>Voici quelques conseils chaleureux lorsque vous utilisez dash cam.<\/p>\n<p>Continuer \u00e0 dire carte Sd pleine<\/p>\n<p>1. Formatez votre nouvelle carte sd sur la cam\u00e9ra de tableau de bord lors de la premi\u00e8re utilisation. Nous vous sugg\u00e9rons d&rsquo;utiliser une carte micro sd haute vitesse de classe 10, pas plus de 32 go. (carte sd non incluse!)<\/p>\n<p>2. N&rsquo;oubliez pas de fermer la fonction de surveillance du stationnement et de d\u00e9tection de mouvement lorsque vous conduisez sur la route. (sinon, ces deux fonctions d\u00e9clenchent les vid\u00e9os verrouill\u00e9es captur\u00e9es qui ne peuvent pas \u00eatre \u00e9cras\u00e9es. Si la carte est pleine, vous devez formater la carte.)<\/p>\n<p>3. Si le capteur G est r\u00e9gl\u00e9 \u00e0 haut niveau, il est facile de verrouiller le fichier et de rendre la carte Micro SD compl\u00e8te, ainsi sugg\u00e9r\u00e9 de r\u00e9gler \u00e0 faible, assez s\u00fbr et recommand\u00e9 pour formater votre carte SD tous les mois.<\/p>\n<p>4. Si vous continuez \u00e0 dire \u00ab\u00a0ins\u00e9rez C6 et au-dessus de la carte sd\u00a0\u00bb, cela peut \u00eatre d\u00fb au fait que la carte sd n&rsquo;est pas compatible avec dash cam. Certaines cartes sd sur le march\u00e9 sont de fausses cartes sd. Veuillez essayer une nouvelle carte sd.<\/p>\n<p>5. Dash cam dispose d&rsquo;une batterie int\u00e9gr\u00e9e uniquement pour le verrouillage d&rsquo;urgence (seulement 15 \u00e0 20 minutes). Une alimentation externe est n\u00e9cessaire lors de l&rsquo;utilisation. Veuillez garder le chargeur de voiture dans l&rsquo;allume-cigare de voiture.<\/p>\n<p>Forfait inclus:<br \/>\n1 * DVR de voiture<br \/>\n1 * chargeur de voiture<br \/>\n1 * cam\u00e9ra de recul<br \/>\n1 * c\u00e2ble de cam\u00e9ra arri\u00e8re<br \/>\n1 * manuel d&rsquo;utilisation<\/p>","protected":false},"excerpt":{"rendered":"<p>DVR de voiture miroir Anti-\u00e9blouissement, \u00e9galement avec une cam\u00e9ra de recul. L&rsquo;enregistreur de v\u00e9hicule \u00e0 double lentille peut attraper les vues de face et vous aider \u00e0 garer la voiture. Il prend en charge la fonction image dans l&rsquo;image. Caract\u00e9ristiques: Double objectif avant et arri\u00e8re, ce qui le rend capable d&rsquo;attraper et de filmer \u00e0 [&hellip;]<\/p>","protected":false},"featured_media":30396,"comment_status":"open","ping_status":"closed","template":"","meta":[],"product_brand":[],"product_cat":[24],"product_tag":[35],"class_list":{"0":"post-504","1":"product","2":"type-product","3":"status-publish","4":"has-post-thumbnail","6":"product_cat-accessoires-interieur","7":"product_tag-dash-cam","9":"first","10":"instock","11":"sale","12":"shipping-taxable","13":"purchasable","14":"product-type-simple"},"jetpack_sharing_enabled":true,"_links":{"self":[{"href":"https:\/\/autopdz.com\/ar\/wp-json\/wp\/v2\/product\/504","targetHints":{"allow":["GET"]}}],"collection":[{"href":"https:\/\/autopdz.com\/ar\/wp-json\/wp\/v2\/product"}],"about":[{"href":"https:\/\/autopdz.com\/ar\/wp-json\/wp\/v2\/types\/product"}],"replies":[{"embeddable":true,"href":"https:\/\/autopdz.com\/ar\/wp-json\/wp\/v2\/comments?post=504"}],"wp:featuredmedia":[{"embeddable":true,"href":"https:\/\/autopdz.com\/ar\/wp-json\/wp\/v2\/media\/30396"}],"wp:attachment":[{"href":"https:\/\/autopdz.com\/ar\/wp-json\/wp\/v2\/media?parent=504"}],"wp:term":[{"taxonomy":"product_brand","embeddable":true,"href":"https:\/\/autopdz.com\/ar\/wp-json\/wp\/v2\/product_brand?post=504"},{"taxonomy":"product_cat","embeddable":true,"href":"https:\/\/autopdz.com\/ar\/wp-json\/wp\/v2\/product_cat?post=504"},{"taxonomy":"product_tag","embeddable":true,"href":"https:\/\/autopdz.com\/ar\/wp-json\/wp\/v2\/product_tag?post=504"}],"curies":[{"name":"wp","href":"https:\/\/api.w.org\/{rel}","templated":true}]}}