{"id":5070,"date":"2024-10-17T12:11:11","date_gmt":"2024-10-17T11:11:11","guid":{"rendered":"https:\/\/autopdz.com\/product\/retroviseur-moniteur-de-voiture-stationnement-automatique-43-5-tft-led\/"},"modified":"2025-10-15T13:38:45","modified_gmt":"2025-10-15T12:38:45","slug":"retroviseur-moniteur-de-voiture-stationnement-automatique-43-5-tft-led","status":"publish","type":"product","link":"https:\/\/autopdz.com\/ar\/product\/retroviseur-moniteur-de-voiture-stationnement-automatique-43-5-tft-led\/","title":{"rendered":"R\u00e9troviseur moniteur de voiture avec cam\u00e9ra  4,3&Prime;"},"content":{"rendered":"<p>LED DISPLAY HAUTE D\u00c9FINITION<\/p>\n<p>MENU D&rsquo;AFFICHAGE \u00c0 L&rsquo;\u00c9CRAN<\/p>\n<p>BOUTON TACTILE<\/p>\n<p>DEUX ENTR\u00c9ES VID\u00c9O<\/p>\n<p>La ferrure de remplacement pr\u00e9serve enti\u00e8rement l&rsquo;ORIGINALIT\u00c9 de votre voiture<\/p>\n<p>Bras en m\u00e9tal unique avec ajustement serr\u00e9 et interchangeable pour la plupart des voitures populaires<\/p>\n<p>Miroir sp\u00e9cial antireflet avec une visibilit\u00e9 parfaite<\/p>\n<p>Panneau LED num\u00e9rique haute r\u00e9solution int\u00e9gr\u00e9<\/p>\n<p>Contr\u00f4le intelligent et facile par bouton tactile<\/p>\n<p>Entr\u00e9es vid\u00e9o doubles pour cam\u00e9ra de recul et DVD<\/p>\n<p>Fonction m\u00e9moire de puissance et faible consommation de courant<\/p>\n<p>Caract\u00e9ristiques:<\/p>\n<p>Alimentation : DC 12V<\/p>\n<p>Consommation \u00e9lectrique : 0.35 W<\/p>\n<p>Temp\u00e9rature de fonctionnement : 0\u00b0C~80\u00b0C<\/p>\n<p>Temp\u00e9rature de stockage : -10\u00b0C~80\u00b0C<\/p>\n<p>Vid\u00e9o : entr\u00e9es vid\u00e9o \u00e0 2 canaux, commutation V1\/V2<\/p>\n<p>Afficher un \u00e9cran noir en l&rsquo;absence de signal<\/p>\n<p>Mode de fonctionnement : commutation automatique lors du recul du v\u00e9hicule<\/p>\n<p>Taille de l&rsquo;\u00e9cran : 4,3&Prime;\/5&Prime;<\/p>\n<p>R\u00e9solutions : 480\u00d7RGB\u00d7234<\/p>","protected":false},"excerpt":{"rendered":"<p>LED DISPLAY HAUTE D\u00c9FINITION MENU D&rsquo;AFFICHAGE \u00c0 L&rsquo;\u00c9CRAN BOUTON TACTILE DEUX ENTR\u00c9ES VID\u00c9O La ferrure de remplacement pr\u00e9serve enti\u00e8rement l&rsquo;ORIGINALIT\u00c9 de votre voiture Bras en m\u00e9tal unique avec ajustement serr\u00e9 et interchangeable pour la plupart des voitures populaires Miroir sp\u00e9cial antireflet avec une visibilit\u00e9 parfaite Panneau LED num\u00e9rique haute r\u00e9solution int\u00e9gr\u00e9 Contr\u00f4le intelligent et facile [&hellip;]<\/p>","protected":false},"featured_media":6369,"comment_status":"open","ping_status":"closed","template":"","meta":[],"product_brand":[],"product_cat":[24],"product_tag":[],"class_list":{"0":"post-5070","1":"product","2":"type-product","3":"status-publish","4":"has-post-thumbnail","6":"product_cat-accessoires-interieur","8":"first","9":"instock","10":"shipping-taxable","11":"purchasable","12":"product-type-simple"},"jetpack_sharing_enabled":true,"_links":{"self":[{"href":"https:\/\/autopdz.com\/ar\/wp-json\/wp\/v2\/product\/5070","targetHints":{"allow":["GET"]}}],"collection":[{"href":"https:\/\/autopdz.com\/ar\/wp-json\/wp\/v2\/product"}],"about":[{"href":"https:\/\/autopdz.com\/ar\/wp-json\/wp\/v2\/types\/product"}],"replies":[{"embeddable":true,"href":"https:\/\/autopdz.com\/ar\/wp-json\/wp\/v2\/comments?post=5070"}],"wp:featuredmedia":[{"embeddable":true,"href":"https:\/\/autopdz.com\/ar\/wp-json\/wp\/v2\/media\/6369"}],"wp:attachment":[{"href":"https:\/\/autopdz.com\/ar\/wp-json\/wp\/v2\/media?parent=5070"}],"wp:term":[{"taxonomy":"product_brand","embeddable":true,"href":"https:\/\/autopdz.com\/ar\/wp-json\/wp\/v2\/product_brand?post=5070"},{"taxonomy":"product_cat","embeddable":true,"href":"https:\/\/autopdz.com\/ar\/wp-json\/wp\/v2\/product_cat?post=5070"},{"taxonomy":"product_tag","embeddable":true,"href":"https:\/\/autopdz.com\/ar\/wp-json\/wp\/v2\/product_tag?post=5070"}],"curies":[{"name":"wp","href":"https:\/\/api.w.org\/{rel}","templated":true}]}}