{"id":5075,"date":"2024-10-17T12:16:31","date_gmt":"2024-10-17T11:16:31","guid":{"rendered":"https:\/\/autopdz.com\/product\/accoudoir-de-voiture-standard-noir\/"},"modified":"2025-10-14T14:40:28","modified_gmt":"2025-10-14T13:40:28","slug":"accoudoir-de-voiture-standard-noir","status":"publish","type":"product","link":"https:\/\/autopdz.com\/ar\/product\/accoudoir-de-voiture-standard-noir\/","title":{"rendered":"Accoudoir de Voiture Standard Noir"},"content":{"rendered":"<p>L&rsquo;accoudoir de voiture est un suppl\u00e9ment \u00e9l\u00e9gant \u00e0 l&rsquo;int\u00e9rieur du v\u00e9hicule et offre un espace de rangement suppl\u00e9mentaire pour vos articles<br \/>\nMat\u00e9riau durable : fabriqu\u00e9 en ABS (Acrylonitrile butadi\u00e8ne styr\u00e8ne), l&rsquo;accoudoir pour voiture a une bonne r\u00e9sistance \u00e0 l&rsquo;abrasion et \u00e0 la d\u00e9formation<br \/>\nEt vous pouvez vous d\u00e9tendre sur le couvercle rembourr\u00e9 en similicuir, qui est facile \u00e0 nettoyer<br \/>\nRangement suppl\u00e9mentaire : le compartiment de cet accoudoir pour voiture vous permet de ranger en toute s\u00e9curit\u00e9 divers petits articles, tels que des t\u00e9l\u00e9phones portables, des portefeuilles, des cartes, des cl\u00e9s, etc<br \/>\nHauteur r\u00e9glable : la hauteur de l&rsquo;accoudoir de voiture universel peut \u00eatre r\u00e9gl\u00e9e en fonction de la hauteur de votre coude<\/p>","protected":false},"excerpt":{"rendered":"<p>L&rsquo;accoudoir de voiture est un suppl\u00e9ment \u00e9l\u00e9gant \u00e0 l&rsquo;int\u00e9rieur du v\u00e9hicule et offre un espace de rangement suppl\u00e9mentaire pour vos articles Mat\u00e9riau durable : fabriqu\u00e9 en ABS (Acrylonitrile butadi\u00e8ne styr\u00e8ne), l&rsquo;accoudoir pour voiture a une bonne r\u00e9sistance \u00e0 l&rsquo;abrasion et \u00e0 la d\u00e9formation Et vous pouvez vous d\u00e9tendre sur le couvercle rembourr\u00e9 en similicuir, qui [&hellip;]<\/p>","protected":false},"featured_media":5074,"comment_status":"open","ping_status":"closed","template":"","meta":[],"product_brand":[],"product_cat":[24],"product_tag":[],"class_list":{"0":"post-5075","1":"product","2":"type-product","3":"status-publish","4":"has-post-thumbnail","6":"product_cat-accessoires-interieur","8":"first","9":"instock","10":"sale","11":"shipping-taxable","12":"purchasable","13":"product-type-simple"},"jetpack_sharing_enabled":true,"_links":{"self":[{"href":"https:\/\/autopdz.com\/ar\/wp-json\/wp\/v2\/product\/5075","targetHints":{"allow":["GET"]}}],"collection":[{"href":"https:\/\/autopdz.com\/ar\/wp-json\/wp\/v2\/product"}],"about":[{"href":"https:\/\/autopdz.com\/ar\/wp-json\/wp\/v2\/types\/product"}],"replies":[{"embeddable":true,"href":"https:\/\/autopdz.com\/ar\/wp-json\/wp\/v2\/comments?post=5075"}],"wp:featuredmedia":[{"embeddable":true,"href":"https:\/\/autopdz.com\/ar\/wp-json\/wp\/v2\/media\/5074"}],"wp:attachment":[{"href":"https:\/\/autopdz.com\/ar\/wp-json\/wp\/v2\/media?parent=5075"}],"wp:term":[{"taxonomy":"product_brand","embeddable":true,"href":"https:\/\/autopdz.com\/ar\/wp-json\/wp\/v2\/product_brand?post=5075"},{"taxonomy":"product_cat","embeddable":true,"href":"https:\/\/autopdz.com\/ar\/wp-json\/wp\/v2\/product_cat?post=5075"},{"taxonomy":"product_tag","embeddable":true,"href":"https:\/\/autopdz.com\/ar\/wp-json\/wp\/v2\/product_tag?post=5075"}],"curies":[{"name":"wp","href":"https:\/\/api.w.org\/{rel}","templated":true}]}}