{"id":5082,"date":"2024-10-17T12:35:13","date_gmt":"2024-10-17T11:35:13","guid":{"rendered":"https:\/\/autopdz.com\/product\/signal-de-securite-universel-multifonction-etanche-pour-moto-casque-velo-voiture-scooters-et-drone\/"},"modified":"2025-05-27T08:27:18","modified_gmt":"2025-05-27T07:27:18","slug":"signal-de-securite-universel-multifonction-etanche-pour-moto-casque-velo-voiture-scooters-et-drone","status":"publish","type":"product","link":"https:\/\/autopdz.com\/ar\/product\/signal-de-securite-universel-multifonction-etanche-pour-moto-casque-velo-voiture-scooters-et-drone\/","title":{"rendered":"Signal de s\u00e9curit\u00e9 universel multifonction, \u00e9tanche pour moto, casque, v\u00e9lo, voiture, scooters et drone"},"content":{"rendered":"<p>Taille plus petite et lumi\u00e8res plus lumineuses : ne p\u00e8se que 6 g, super l\u00e9ger, ne causera pas de charge suppl\u00e9mentaire au drone et prendra de la place sur le v\u00e9lo. La lumi\u00e8re stroboscopique de l&rsquo;avion adopte un jeu de puces LED de qualit\u00e9 sup\u00e9rieure, les effets de lumi\u00e8re et la luminosit\u00e9 seront meilleurs. 7 couleurs de lumi\u00e8re diff\u00e9rentes<br \/>\nBouton de commutation Appuyez et maintenez enfonc\u00e9 pendant 2 secondes pour allumer et \u00e9teindre, appuyez bri\u00e8vement pour r\u00e9gler le mode d&rsquo;\u00e9clairage peut \u00eatre cycl\u00e9 sous sept couleurs (rouge\/bleu\/vert\/blanc\/violet\/jaune\/bleu glacier) flash rapide, flash lent, toujours allum\u00e9.<br \/>\nIMPERM\u00c9ABLE &#8211; Les lumi\u00e8res stroboscopiques LED pour avion ont \u00e9t\u00e9 test\u00e9es pour l&rsquo;\u00e9tanch\u00e9it\u00e9. Vous n&rsquo;avez pas \u00e0 vous soucier que les lumi\u00e8res des roues de v\u00e9lo soient endommag\u00e9es lorsque vous roulez par temps de pluie, adapt\u00e9es \u00e0 toutes sortes de conditions m\u00e9t\u00e9orologiques, mais veuillez ne pas les mettre trop longtemps dans l&rsquo;eau.<br \/>\nS\u00c9CURIT\u00c9 &#8211; Les lumi\u00e8res stroboscopiques LED pour avion augmentent la visibilit\u00e9 nocturne et par mauvais temps pour assurer la s\u00e9curit\u00e9. Ces lumi\u00e8res stroboscopiques LED pour avion sont un moyen id\u00e9al pour am\u00e9liorer votre s\u00e9curit\u00e9 lorsque vous roulez dans l&rsquo;obscurit\u00e9. La s\u00e9curit\u00e9 est notre principale consid\u00e9ration.<\/p>","protected":false},"excerpt":{"rendered":"<p>Taille plus petite et lumi\u00e8res plus lumineuses : ne p\u00e8se que 6 g, super l\u00e9ger, ne causera pas de charge suppl\u00e9mentaire au drone et prendra de la place sur le v\u00e9lo. La lumi\u00e8re stroboscopique de l&rsquo;avion adopte un jeu de puces LED de qualit\u00e9 sup\u00e9rieure, les effets de lumi\u00e8re et la luminosit\u00e9 seront meilleurs. 7 [&hellip;]<\/p>","protected":false},"featured_media":5080,"comment_status":"open","ping_status":"closed","template":"","meta":[],"product_brand":[],"product_cat":[23],"product_tag":[],"class_list":{"0":"post-5082","1":"product","2":"type-product","3":"status-publish","4":"has-post-thumbnail","6":"product_cat-eclairage","8":"first","9":"outofstock","10":"shipping-taxable","11":"purchasable","12":"product-type-simple"},"jetpack_sharing_enabled":true,"_links":{"self":[{"href":"https:\/\/autopdz.com\/ar\/wp-json\/wp\/v2\/product\/5082","targetHints":{"allow":["GET"]}}],"collection":[{"href":"https:\/\/autopdz.com\/ar\/wp-json\/wp\/v2\/product"}],"about":[{"href":"https:\/\/autopdz.com\/ar\/wp-json\/wp\/v2\/types\/product"}],"replies":[{"embeddable":true,"href":"https:\/\/autopdz.com\/ar\/wp-json\/wp\/v2\/comments?post=5082"}],"wp:featuredmedia":[{"embeddable":true,"href":"https:\/\/autopdz.com\/ar\/wp-json\/wp\/v2\/media\/5080"}],"wp:attachment":[{"href":"https:\/\/autopdz.com\/ar\/wp-json\/wp\/v2\/media?parent=5082"}],"wp:term":[{"taxonomy":"product_brand","embeddable":true,"href":"https:\/\/autopdz.com\/ar\/wp-json\/wp\/v2\/product_brand?post=5082"},{"taxonomy":"product_cat","embeddable":true,"href":"https:\/\/autopdz.com\/ar\/wp-json\/wp\/v2\/product_cat?post=5082"},{"taxonomy":"product_tag","embeddable":true,"href":"https:\/\/autopdz.com\/ar\/wp-json\/wp\/v2\/product_tag?post=5082"}],"curies":[{"name":"wp","href":"https:\/\/api.w.org\/{rel}","templated":true}]}}