{"id":510,"date":"2023-09-03T15:16:56","date_gmt":"2023-09-03T14:16:56","guid":{"rendered":"https:\/\/autopdz.com\/?post_type=product&#038;p=510"},"modified":"2026-04-18T12:32:48","modified_gmt":"2026-04-18T11:32:48","slug":"pare-soleil-de-voiture-en-forme-de-parapluie","status":"publish","type":"product","link":"https:\/\/autopdz.com\/ar\/product\/pare-soleil-de-voiture-en-forme-de-parapluie\/","title":{"rendered":"PARE-SOLEIL DE VOITURE EN FORME DE PARAPLUIE"},"content":{"rendered":"<p><span style=\"color: #000000;\">Avez-vous besoin de monter dans une voiture chaude apr\u00e8s un long stationnement au soleil ?<\/span><br \/>\n<span style=\"color: #000000;\">Le parapluie de pare-brise de voiture est parfaitement con\u00e7u pour garder l&rsquo;int\u00e9rieur de la voiture au frais en bloquant efficacement les rayons ultraviolets nocifs et la chaleur solaire dans la voiture et en emp\u00eachant le tableau de bord de la voiture de se d\u00e9colorer et de se fissurer. Cela aide \u00e0 prot\u00e9ger l&rsquo;int\u00e9rieur de votre v\u00e9hicule, comme les si\u00e8ges, les tableaux de bord et d&rsquo;autres appareils \u00e9lectroniques. Le pare-soleil de pare-brise de voiture peut \u00eatre mont\u00e9 verticalement ou horizontalement pour s&rsquo;adapter parfaitement au pare-brise de votre voiture. La protection solaire de la voiture se compose d&rsquo;un adh\u00e9sif titane-argent de haute qualit\u00e9 et tr\u00e8s r\u00e9sistant + une pellicule qui prot\u00e8ge efficacement contre les rayons ultraviolets.<\/span><\/p>\n<p><span style=\"color: #000000;\">Incontournable pour les voitures d&rsquo;\u00e9t\u00e9 Pare-brise de voiture de protection solaire colle argent\u00e9e \u00e9paisse + mat\u00e9riau adh\u00e9sif noir, protection UV et isolation thermique. peut bloquer efficacement 99% des rayons ultraviolets, garder la voiture au frais, pour garder votre voiture au frais et confortable par temps chaud d&rsquo;\u00e9t\u00e9.<\/span><\/p>\n<p><span style=\"color: #000000;\">Facile \u00e0 plier et \u00e0 transporter<\/span><br \/>\n<span style=\"color: #000000;\">pare-brise de voiture Le style pliable peut \u00eatre d\u00e9mont\u00e9 en une seconde. Livr\u00e9 avec un sac de rangement en cuir PU, peut \u00eatre rang\u00e9 dans le sac de rangement, pratique \u00e0 transporter et \u00e0 ranger sans prendre de place. \u00a0<\/span><\/p>\n<p><span style=\"color: #000000;\"><strong>Mat\u00e9riaux de haute qualit\u00e9<\/strong><\/span><br \/>\n<span style=\"color: #000000;\">Nos parasols sont fabriqu\u00e9s \u00e0 partir de mat\u00e9riaux r\u00e9sistants \u00e0 la chaleur, \u00e0 haute densit\u00e9, r\u00e9fl\u00e9chissant les UV Ils ont des fonctions anti-ultraviolets et de protection solaire efficaces pour \u00e9viter les dommages caus\u00e9s par les ultraviolets et la chaleur aux \u00e9quipements \u00e9lectroniques de la voiture. Ils peuvent \u00e9galement emp\u00eacher le tableau de bord de se d\u00e9colorer et de se fissurer.<\/span><\/p>\n<p><span style=\"color: #000000;\"><strong>Caract\u00e9ristiques du produit<\/strong><\/span><\/p>\n<p data-cel-widget=\"featurebullets_feature_div\" data-csa-c-id=\"284gf6-ld3n0n-nqu2r3-p1lwhw\" data-feature-name=\"featurebullets\"><span style=\"color: #000000;\">Mat\u00e9riel de tissu de parapluie: fibre de polyester<\/span><br \/>\n<span style=\"color: #000000;\">Rev\u00eatement: colle composite argent titane<\/span><br \/>\n<span style=\"color: #000000;\">Mat\u00e9riel d&rsquo;os de parapluie: Acier inoxydable<\/span><br \/>\n<span style=\"color: #000000;\">Nombre d&rsquo;os: 10<\/span><br \/>\n<span style=\"color: #000000;\">Couleur: noir (arri\u00e8re), blanc argent\u00e9 (avant)<\/span><br \/>\n<span style=\"color: #000000;\">Taille d&#8217;emballage: 32 * 6 * 6 cm<\/span><br \/>\n<span style=\"color: #000000;\">Taille du parasol: 142 * 79 cm<\/span><br \/>\n<span style=\"color: #000000;\">Convient pour: universel pour la plupart des voitures\u00a0<\/span><\/p>\n<p>&nbsp;<\/p>","protected":false},"excerpt":{"rendered":"<p>Avez-vous besoin de monter dans une voiture chaude apr\u00e8s un long stationnement au soleil ? Le parapluie de pare-brise de voiture est parfaitement con\u00e7u pour garder l&rsquo;int\u00e9rieur de la voiture au frais en bloquant efficacement les rayons ultraviolets nocifs et la chaleur solaire dans la voiture et en emp\u00eachant le tableau de bord de la [&hellip;]<\/p>","protected":false},"featured_media":513,"comment_status":"open","ping_status":"closed","template":"","meta":[],"product_brand":[],"product_cat":[24],"product_tag":[36],"class_list":{"0":"post-510","1":"product","2":"type-product","3":"status-publish","4":"has-post-thumbnail","6":"product_cat-accessoires-interieur","7":"product_tag-pare-soleil","9":"first","10":"instock","11":"sale","12":"shipping-taxable","13":"purchasable","14":"product-type-simple"},"jetpack_sharing_enabled":true,"_links":{"self":[{"href":"https:\/\/autopdz.com\/ar\/wp-json\/wp\/v2\/product\/510","targetHints":{"allow":["GET"]}}],"collection":[{"href":"https:\/\/autopdz.com\/ar\/wp-json\/wp\/v2\/product"}],"about":[{"href":"https:\/\/autopdz.com\/ar\/wp-json\/wp\/v2\/types\/product"}],"replies":[{"embeddable":true,"href":"https:\/\/autopdz.com\/ar\/wp-json\/wp\/v2\/comments?post=510"}],"wp:featuredmedia":[{"embeddable":true,"href":"https:\/\/autopdz.com\/ar\/wp-json\/wp\/v2\/media\/513"}],"wp:attachment":[{"href":"https:\/\/autopdz.com\/ar\/wp-json\/wp\/v2\/media?parent=510"}],"wp:term":[{"taxonomy":"product_brand","embeddable":true,"href":"https:\/\/autopdz.com\/ar\/wp-json\/wp\/v2\/product_brand?post=510"},{"taxonomy":"product_cat","embeddable":true,"href":"https:\/\/autopdz.com\/ar\/wp-json\/wp\/v2\/product_cat?post=510"},{"taxonomy":"product_tag","embeddable":true,"href":"https:\/\/autopdz.com\/ar\/wp-json\/wp\/v2\/product_tag?post=510"}],"curies":[{"name":"wp","href":"https:\/\/api.w.org\/{rel}","templated":true}]}}