{"id":5139,"date":"2024-10-19T12:10:24","date_gmt":"2024-10-19T11:10:24","guid":{"rendered":"https:\/\/autopdz.com\/product\/autoradio-android-ecran-retractable-7pouces-navigation-gps-wi-fi\/"},"modified":"2025-02-04T09:03:33","modified_gmt":"2025-02-04T08:03:33","slug":"autoradio-android-ecran-retractable-7pouces-navigation-gps-wi-fi","status":"publish","type":"product","link":"https:\/\/autopdz.com\/ar\/product\/autoradio-android-ecran-retractable-7pouces-navigation-gps-wi-fi\/","title":{"rendered":"Autoradio Android Ecran R\u00e9tractable 7Pouces Navigation GPS Wi-Fi"},"content":{"rendered":"<p>Description<br \/>\nCanbus<br \/>\nFonctionnalit\u00e9s de base<br \/>\nGPS+Radio+Bluetooth+WiFi+Mirror Link<\/p>\n<p>\u00c9cran t\u00e9lescopique manuel de 17,8 cm st\u00e9r\u00e9o de voiture : 870 x 880 x 60 mm, bouton unique de r\u00e9glage du volume, \u00e9cran t\u00e9lescopique manuel haute d\u00e9finition de 17,8 cm. Cet autoradio Bluetooth est livr\u00e9 avec une fente USB\/entr\u00e9e auxiliaire\/carte TF.<br \/>\nParam\u00e8tres d\u00e9taill\u00e9s<br \/>\n1. CPU : Quad Core\/Octa Core<br \/>\n2. OS : Android 10.<br \/>\n3. RAM : 1G\/2G<br \/>\n4. ROM : 16G\/32G<br \/>\n5. Prise en charge de l&rsquo;entr\u00e9e USB<br \/>\n6. Prise en charge du d\u00e9codage mat\u00e9riel 1080P et de tous les formats de lecture audio<br \/>\n7. Prise en charge de la cam\u00e9ra d&rsquo;interface USB, DVR USB<br \/>\n8. Prise en charge du lien miroir (t\u00e9l\u00e9phone Android et iPhone).<br \/>\n9. Bluetooth int\u00e9gr\u00e9, peut lire de l&rsquo;audio st\u00e9r\u00e9o depuis votre t\u00e9l\u00e9phone via Bluetooth<br \/>\n10. Prise en charge du WIFI interne, du Wi-Fi et du partage de points d&rsquo;acc\u00e8s<br \/>\n11. Prise en charge de la cam\u00e9ra de recul de voiture (cam\u00e9ra de recul de type RCA de rechange, si vous souhaitez v\u00e9rifier la cam\u00e9ra de recul d&rsquo;origine, veuillez nous contacter pour plus de d\u00e9tails)<br \/>\n12. L&rsquo;\u00e9cran en majuscules prend en charge plusieurs. R\u00e9ponse sensible<br \/>\n13. Petite interf\u00e9rence de rayonnement, profitez d&rsquo;une meilleure r\u00e9ception radio.<br \/>\n14. Prise en charge du contr\u00f4le de la poign\u00e9e<br \/>\n15. Langues OSD : prend en charge plus de 20 langues, dont l&rsquo;anglais, le japonais, le fran\u00e7ais, l&rsquo;allemand, l&rsquo;espagnol, l&rsquo;italien, etc.<br \/>\n16. Prise en charge de la sortie vid\u00e9o (en option, si n\u00e9cessaire, veuillez acheter le c\u00e2blage s\u00e9par\u00e9ment aupr\u00e8s d&rsquo;Asin : B0BLGQ48Y8. )<br \/>\nListe de colisage :<br \/>\n1 x unit\u00e9 principale Android pour voiture<br \/>\n1 x antenne GPS<br \/>\n2 x c\u00e2bles d&rsquo;alimentation et autres c\u00e2bles et prises n\u00e9cessaires<\/p>","protected":false},"excerpt":{"rendered":"<p>Description Canbus Fonctionnalit\u00e9s de base GPS+Radio+Bluetooth+WiFi+Mirror Link \u00c9cran t\u00e9lescopique manuel de 17,8 cm st\u00e9r\u00e9o de voiture : 870 x 880 x 60 mm, bouton unique de r\u00e9glage du volume, \u00e9cran t\u00e9lescopique manuel haute d\u00e9finition de 17,8 cm. Cet autoradio Bluetooth est livr\u00e9 avec une fente USB\/entr\u00e9e auxiliaire\/carte TF. Param\u00e8tres d\u00e9taill\u00e9s 1. CPU : Quad Core\/Octa [&hellip;]<\/p>","protected":false},"featured_media":5135,"comment_status":"open","ping_status":"closed","template":"","meta":[],"product_brand":[],"product_cat":[24],"product_tag":[86,89,88,87],"class_list":{"0":"post-5139","1":"product","2":"type-product","3":"status-publish","4":"has-post-thumbnail","6":"product_cat-accessoires-interieur","7":"product_tag-android","8":"product_tag-autoradio","9":"product_tag-tablet-android","10":"product_tag-tablette","12":"first","13":"instock","14":"sale","15":"shipping-taxable","16":"purchasable","17":"product-type-simple"},"jetpack_sharing_enabled":true,"_links":{"self":[{"href":"https:\/\/autopdz.com\/ar\/wp-json\/wp\/v2\/product\/5139","targetHints":{"allow":["GET"]}}],"collection":[{"href":"https:\/\/autopdz.com\/ar\/wp-json\/wp\/v2\/product"}],"about":[{"href":"https:\/\/autopdz.com\/ar\/wp-json\/wp\/v2\/types\/product"}],"replies":[{"embeddable":true,"href":"https:\/\/autopdz.com\/ar\/wp-json\/wp\/v2\/comments?post=5139"}],"wp:featuredmedia":[{"embeddable":true,"href":"https:\/\/autopdz.com\/ar\/wp-json\/wp\/v2\/media\/5135"}],"wp:attachment":[{"href":"https:\/\/autopdz.com\/ar\/wp-json\/wp\/v2\/media?parent=5139"}],"wp:term":[{"taxonomy":"product_brand","embeddable":true,"href":"https:\/\/autopdz.com\/ar\/wp-json\/wp\/v2\/product_brand?post=5139"},{"taxonomy":"product_cat","embeddable":true,"href":"https:\/\/autopdz.com\/ar\/wp-json\/wp\/v2\/product_cat?post=5139"},{"taxonomy":"product_tag","embeddable":true,"href":"https:\/\/autopdz.com\/ar\/wp-json\/wp\/v2\/product_tag?post=5139"}],"curies":[{"name":"wp","href":"https:\/\/api.w.org\/{rel}","templated":true}]}}