{"id":5144,"date":"2024-10-19T13:39:48","date_gmt":"2024-10-19T12:39:48","guid":{"rendered":"https:\/\/autopdz.com\/product\/tablette-multimedia-de-navigation-pioneer-avic-4-core-android-13\/"},"modified":"2024-11-18T11:47:49","modified_gmt":"2024-11-18T10:47:49","slug":"tablette-multimedia-de-navigation-pioneer-avic-4-core-android-13","status":"publish","type":"product","link":"https:\/\/autopdz.com\/ar\/product\/tablette-multimedia-de-navigation-pioneer-avic-4-core-android-13\/","title":{"rendered":"Tablette multim\u00e9dia de navigation Pioneer AVIC 4 Core Android 13"},"content":{"rendered":"<p>Syst\u00e8me d&rsquo;exploitation P iOS Android 13<br \/>\nProcesseur Rockchip RK3066 4 c\u0153urs \u00e0 1,51 GHz<br \/>\nR\u00e9solution d&rsquo;\u00e9cran (pixels) 1280*800 \u00c9cran IPS<br \/>\n2 Go de m\u00e9moire RAM DDR3<br \/>\nM\u00e9moire ROM de 32 Go<br \/>\nCarte SD Non<br \/>\nPuissance 4*50 watts<br \/>\nSortie\/entr\u00e9e AV 1 x entr\u00e9e cam\u00e9ra, 2 x entr\u00e9e vid\u00e9o, micro externe (inclus), 1 x sortie audio avant G\/D, sortie vid\u00e9o USB x 2 avec adaptateur suppl\u00e9mentaire<br \/>\nBluetooth int\u00e9gr\u00e9 pour les mains libres mobiles Oui BT5.0, prenant en charge la lecture de musique A2DP<br \/>\nPort USB Oui, 2 emplacements<br \/>\nFonction GPS int\u00e9gr\u00e9e Oui, avec programme de navigation int\u00e9gr\u00e9 2022-2023<br \/>\nEntr\u00e9e cam\u00e9ra de recul \/ Cam\u00e9ra avant Oui \/ Oui<br \/>\nCompatible avec les cam\u00e9ras CVBS ou AHD 720p (pas AHD 1080p)<br \/>\nVid\u00e9o MP4, WMV, AVI, DIVX, etc.<br \/>\nAudio MP3, WMA, WAV, etc.<br \/>\nSortie caisson de basses Non<br \/>\nDVB-T2 MPEG4 En option avec t\u00e9l\u00e9commande<br \/>\nLien miroir Non<br \/>\nWIFI int\u00e9gr\u00e9 Oui<br \/>\nRadio FM 18 stations avec RDS<br \/>\nFonction DVR En option avec connexion directe de la cam\u00e9ra DVR \u00e0 USB<br \/>\nFonction CarPlay Oui, CarPlay int\u00e9gr\u00e9 sans fil<br \/>\nFonction Android Auto Oui, Android Auto int\u00e9gr\u00e9 sans fil (si pris en charge par votre appareil)<br \/>\nPrise en charge des commandes au volant<\/p>","protected":false},"excerpt":{"rendered":"<p>Syst\u00e8me d&rsquo;exploitation P iOS Android 13 Processeur Rockchip RK3066 4 c\u0153urs \u00e0 1,51 GHz R\u00e9solution d&rsquo;\u00e9cran (pixels) 1280*800 \u00c9cran IPS 2 Go de m\u00e9moire RAM DDR3 M\u00e9moire ROM de 32 Go Carte SD Non Puissance 4*50 watts Sortie\/entr\u00e9e AV 1 x entr\u00e9e cam\u00e9ra, 2 x entr\u00e9e vid\u00e9o, micro externe (inclus), 1 x sortie audio avant [&hellip;]<\/p>","protected":false},"featured_media":5142,"comment_status":"open","ping_status":"closed","template":"","meta":[],"product_brand":[],"product_cat":[24],"product_tag":[86,89,90,91],"class_list":{"0":"post-5144","1":"product","2":"type-product","3":"status-publish","4":"has-post-thumbnail","6":"product_cat-accessoires-interieur","7":"product_tag-android","8":"product_tag-autoradio","9":"product_tag-pionner","10":"product_tag-tablet","12":"first","13":"outofstock","14":"shipping-taxable","15":"purchasable","16":"product-type-simple"},"jetpack_sharing_enabled":true,"_links":{"self":[{"href":"https:\/\/autopdz.com\/ar\/wp-json\/wp\/v2\/product\/5144","targetHints":{"allow":["GET"]}}],"collection":[{"href":"https:\/\/autopdz.com\/ar\/wp-json\/wp\/v2\/product"}],"about":[{"href":"https:\/\/autopdz.com\/ar\/wp-json\/wp\/v2\/types\/product"}],"replies":[{"embeddable":true,"href":"https:\/\/autopdz.com\/ar\/wp-json\/wp\/v2\/comments?post=5144"}],"wp:featuredmedia":[{"embeddable":true,"href":"https:\/\/autopdz.com\/ar\/wp-json\/wp\/v2\/media\/5142"}],"wp:attachment":[{"href":"https:\/\/autopdz.com\/ar\/wp-json\/wp\/v2\/media?parent=5144"}],"wp:term":[{"taxonomy":"product_brand","embeddable":true,"href":"https:\/\/autopdz.com\/ar\/wp-json\/wp\/v2\/product_brand?post=5144"},{"taxonomy":"product_cat","embeddable":true,"href":"https:\/\/autopdz.com\/ar\/wp-json\/wp\/v2\/product_cat?post=5144"},{"taxonomy":"product_tag","embeddable":true,"href":"https:\/\/autopdz.com\/ar\/wp-json\/wp\/v2\/product_tag?post=5144"}],"curies":[{"name":"wp","href":"https:\/\/api.w.org\/{rel}","templated":true}]}}