{"id":515,"date":"2023-09-03T15:32:34","date_gmt":"2023-09-03T14:32:34","guid":{"rendered":"https:\/\/autopdz.com\/?post_type=product&#038;p=515"},"modified":"2024-02-04T22:31:47","modified_gmt":"2024-02-04T21:31:47","slug":"aspirateur-de-voiture-sans-fil","status":"publish","type":"product","link":"https:\/\/autopdz.com\/ar\/product\/aspirateur-de-voiture-sans-fil\/","title":{"rendered":"Aspirateur de voiture sans fil"},"content":{"rendered":"<h1>Aspirateur de voiture<\/h1>\n<p>Cet aspirateur portatif sans fil a une puissance d&rsquo;aspiration puissante de 5 500 Pa, l&rsquo;<a href=\"https:\/\/www.accessoirevoiture.ma\/product\/94-aspirateur-2-en-1-12v-aspirateur-de-voiture\">aspirateur sans fil<\/a>\u00a0avec une vitesse de rotation du moteur haute performance de 62000 tr\/min et un faible bruit. Absorbe facilement la poussi\u00e8re, les poils d&rsquo;animaux, le sable, le gravier, les d\u00e9bris alimentaires, etc.<br \/>\nL&rsquo;aspirateur de voiture avec filtre et d\u00e9poussi\u00e9reur s\u00e9pare l&rsquo;air et la poussi\u00e8re rapidement sans obstruer le filtre, en profondeur et en d\u00e9gageant de l&rsquo;air frais.L&rsquo;aspirateur portable est con\u00e7u avec une lumi\u00e8re LED, qui vous aide \u00e0 nettoyer les coutures du canaap\u00e9, les coins des si\u00e8ges, les crevasses de la voiture et d&rsquo;autres endroits difficiles d&rsquo;acc\u00e8s, que ce soit \u00e0 la maison ou dans votre v\u00e9hicule sous un \u00e9clairage \u00e0 intensit\u00e9 variable.<br \/>\nBatteries au lithium haute capacit\u00e9 2000mAh int\u00e9gr\u00e9es, qui peuvent fonctionner en continu pendant 30 minutes, et le grand collecteur de poussi\u00e8re de 0,5 L vous permet de nettoyer efficacement les ordures dans n&rsquo;importe quel coin de chaque sc\u00e8ne : voitures, salons, cuisines, chambres, etc.L&rsquo;aspirateur \u00e0 main sans fil convient au nettoyage quotidien, Aspirateur de voiture y compris le nettoyage de la maison, du bureau, des v\u00e9hicules et des voitures, la poussi\u00e8re quotidienne, les poils d&rsquo;animaux, les restes de papier.<br \/>\nAspirateur portable de voiture 2 en 1 Cleaneur de nettoyant pour aspirateur sans fil rechargeable,lumi\u00e8re LED,maison et voiture<\/p>\n<div class=\"lx-bloc\">\n<div class=\"lx-bloc-content\">\n<div class=\"lx-tabs\">\n<div class=\"lx-tabs-content\">\n<div class=\"lx-description\">\n<p><strong>Sp\u00e9cification:<\/strong><br \/>\nCouleur: noir<br \/>\nTaille: 16.5X14.5X4CM<br \/>\nVolume de la tasse \u00e0 poussi\u00e8re: 0,5 l<br \/>\nVide: 6000Pa<br \/>\nBatterie: 2000mah<\/p>\n<p><strong>Emballage inclus:<\/strong><br \/>\n1 * aspirateur de voiture \u00e0 main<br \/>\n1 * buse longue<br \/>\n1 * buse de brosse<br \/>\n1 * c\u00e2ble de chargement<br \/>\n1 * manuel<\/p>\n<\/div>\n<\/div>\n<\/div>\n<\/div>\n<\/div>\n<div class=\"lx-clear-fix\"><\/div>\n<div class=\"lx-clear-fix\"><\/div>\n<div class=\"lx-bloc\">\n<div class=\"lx-bloc-title\"><\/div>\n<\/div>","protected":false},"excerpt":{"rendered":"<p>Aspirateur de voiture Cet aspirateur portatif sans fil a une puissance d&rsquo;aspiration puissante de 5 500 Pa, l&rsquo;aspirateur sans fil\u00a0avec une vitesse de rotation du moteur haute performance de 62000 tr\/min et un faible bruit. Absorbe facilement la poussi\u00e8re, les poils d&rsquo;animaux, le sable, le gravier, les d\u00e9bris alimentaires, etc. L&rsquo;aspirateur de voiture avec filtre [&hellip;]<\/p>","protected":false},"featured_media":518,"comment_status":"open","ping_status":"closed","template":"","meta":[],"product_brand":[],"product_cat":[24],"product_tag":[37],"class_list":{"0":"post-515","1":"product","2":"type-product","3":"status-publish","4":"has-post-thumbnail","6":"product_cat-accessoires-interieur","7":"product_tag-aspirateur","9":"first","10":"outofstock","11":"shipping-taxable","12":"purchasable","13":"product-type-simple"},"jetpack_sharing_enabled":true,"_links":{"self":[{"href":"https:\/\/autopdz.com\/ar\/wp-json\/wp\/v2\/product\/515","targetHints":{"allow":["GET"]}}],"collection":[{"href":"https:\/\/autopdz.com\/ar\/wp-json\/wp\/v2\/product"}],"about":[{"href":"https:\/\/autopdz.com\/ar\/wp-json\/wp\/v2\/types\/product"}],"replies":[{"embeddable":true,"href":"https:\/\/autopdz.com\/ar\/wp-json\/wp\/v2\/comments?post=515"}],"wp:featuredmedia":[{"embeddable":true,"href":"https:\/\/autopdz.com\/ar\/wp-json\/wp\/v2\/media\/518"}],"wp:attachment":[{"href":"https:\/\/autopdz.com\/ar\/wp-json\/wp\/v2\/media?parent=515"}],"wp:term":[{"taxonomy":"product_brand","embeddable":true,"href":"https:\/\/autopdz.com\/ar\/wp-json\/wp\/v2\/product_brand?post=515"},{"taxonomy":"product_cat","embeddable":true,"href":"https:\/\/autopdz.com\/ar\/wp-json\/wp\/v2\/product_cat?post=515"},{"taxonomy":"product_tag","embeddable":true,"href":"https:\/\/autopdz.com\/ar\/wp-json\/wp\/v2\/product_tag?post=515"}],"curies":[{"name":"wp","href":"https:\/\/api.w.org\/{rel}","templated":true}]}}