{"id":5151,"date":"2024-10-19T14:15:18","date_gmt":"2024-10-19T13:15:18","guid":{"rendered":"https:\/\/autopdz.com\/product\/demarreur-batterie-de-secours-39800-mah-1800a-v-et-compresseur-dair-avec-lumiere-led\/"},"modified":"2024-11-18T09:49:08","modified_gmt":"2024-11-18T08:49:08","slug":"demarreur-batterie-de-secours-39800-mah-1800a-v-et-compresseur-dair-avec-lumiere-led","status":"publish","type":"product","link":"https:\/\/autopdz.com\/ar\/product\/demarreur-batterie-de-secours-39800-mah-1800a-v-et-compresseur-dair-avec-lumiere-led\/","title":{"rendered":"D\u00e9marreur Batterie de secours 39800 mAh 1800A et compresseur d&rsquo;air avec lumi\u00e8re LED"},"content":{"rendered":"<p>caract\u00e9ristiques:<\/p>\n<p>D\u00e9marrage d&rsquo;urgence automobile 12V<\/p>\n<p>\u2605 Favorable au chargement mobile d&rsquo;ordinateurs portables de diff\u00e9rentes marques<\/p>\n<p>\u2605 Prise en charge du chargement mobile de diff\u00e9rentes marques de t\u00e9l\u00e9phones portables<\/p>\n<p>\u00c9clairage LED haute luminosit\u00e9 et multi-modes<\/p>\n<p>\u2605 D\u00e9marrage \u00e0 basse temp\u00e9rature<\/p>\n<p>Gonflage automatique des pneus avec surveillance de la pression : profitez d&rsquo;un gonflage des pneus sans effort avec des r\u00e9glages de pression pr\u00e9d\u00e9finis et une fonction d&rsquo;arr\u00eat automatique. Le syst\u00e8me de surveillance de la pression des pneus int\u00e9gr\u00e9 garantit des mesures pr\u00e9cises, ce qui facilite le maintien de la bonne pression des pneus pour des performances et une s\u00e9curit\u00e9 optimales.<\/p>\n<p>\u00c9clairage LED : am\u00e9liorez la visibilit\u00e9 dans toutes les situations<\/p>\n<p>avec \u00e9clairage LED offrant des modes feux de route, SOS et clignotants. Que vous ayez besoin d&rsquo;un \u00e9clairage puissant pour les urgences routi\u00e8res ou pour signaler une demande d&rsquo;aide, cet appareil est l\u00e0 pour vous, garantissant s\u00e9curit\u00e9<\/p>\n<p>Puissance de d\u00e9marrage fiable : que vous conduisiez une petite berline, une moto, un SUV ou une camionnette, ce d\u00e9marreur et pompe \u00e0 air peut d\u00e9marrer instantan\u00e9ment les v\u00e9hicules diesel et essence 12 V sans aucune limitation de taille de moteur. Soyez pr\u00eat pour les urgences inattendues et profitez de la tranquillit\u00e9 d&rsquo;esprit sur la route avec cet appareil puissant et fiable.<\/p>\n<p>Batterie externe multifonctionnelle : ce d\u00e9marreur et compresseur d&rsquo;air peut non seulement d\u00e9marrer votre voiture instantan\u00e9ment, mais \u00e9galement servir de batterie externe pour charger vos appareils \u00e9lectroniques tels que les smartphones et les appareils photo num\u00e9riques. Ne vous inqui\u00e9tez plus jamais de tomber en panne de batterie sur la route !<\/p>\n<p>Capacit\u00e9 : 39800mAh<\/p>\n<p>Puissance de d\u00e9marrage : 600 A<\/p>\n<p>Courant de cr\u00eate : 10n800 A<\/p>\n<p>Entr\u00e9e : 5 V 2 A<\/p>\n<p>CE5 Sortie : 12 V<\/p>\n<p>Sortie USB : 5 V 2 A<\/p>\n<p>Temps de charge : 3-4 heures<\/p>\n<p>Couleur du produit : Noir<\/p>\n<p>Taille du produit : 20*13*5cm<\/p>\n<p>Informations sur le paquet :<\/p>\n<p>Taille du paquet: 25*20*6cm<\/p>\n<p>Poids du colis : 1300g<\/p>\n<p>Liste des paquets :<\/p>\n<p>1* D\u00e9marreur de secours avec compresseur d&rsquo;air<\/p>\n<p>1* Pince \u00e0 batterie<\/p>\n<p>1 * tube \u00e0 gaz<\/p>\n<p>1* C\u00e2ble Type-C<\/p>\n<p>T\u00eate de convertisseur gonflable 3*<\/p>\n<p>1* Sac de rangement<\/p>\n<p>1* Manuel<\/p>","protected":false},"excerpt":{"rendered":"<p>caract\u00e9ristiques: D\u00e9marrage d&rsquo;urgence automobile 12V \u2605 Favorable au chargement mobile d&rsquo;ordinateurs portables de diff\u00e9rentes marques \u2605 Prise en charge du chargement mobile de diff\u00e9rentes marques de t\u00e9l\u00e9phones portables \u00c9clairage LED haute luminosit\u00e9 et multi-modes \u2605 D\u00e9marrage \u00e0 basse temp\u00e9rature Gonflage automatique des pneus avec surveillance de la pression : profitez d&rsquo;un gonflage des pneus sans [&hellip;]<\/p>","protected":false},"featured_media":5150,"comment_status":"open","ping_status":"closed","template":"","meta":[],"product_brand":[],"product_cat":[26],"product_tag":[55,92,94],"class_list":{"0":"post-5151","1":"product","2":"type-product","3":"status-publish","4":"has-post-thumbnail","6":"product_cat-accessoires-exterieur","7":"product_tag-booster","8":"product_tag-gonfleur","9":"product_tag-powerbank","11":"first","12":"outofstock","13":"shipping-taxable","14":"purchasable","15":"product-type-simple"},"jetpack_sharing_enabled":true,"_links":{"self":[{"href":"https:\/\/autopdz.com\/ar\/wp-json\/wp\/v2\/product\/5151","targetHints":{"allow":["GET"]}}],"collection":[{"href":"https:\/\/autopdz.com\/ar\/wp-json\/wp\/v2\/product"}],"about":[{"href":"https:\/\/autopdz.com\/ar\/wp-json\/wp\/v2\/types\/product"}],"replies":[{"embeddable":true,"href":"https:\/\/autopdz.com\/ar\/wp-json\/wp\/v2\/comments?post=5151"}],"wp:featuredmedia":[{"embeddable":true,"href":"https:\/\/autopdz.com\/ar\/wp-json\/wp\/v2\/media\/5150"}],"wp:attachment":[{"href":"https:\/\/autopdz.com\/ar\/wp-json\/wp\/v2\/media?parent=5151"}],"wp:term":[{"taxonomy":"product_brand","embeddable":true,"href":"https:\/\/autopdz.com\/ar\/wp-json\/wp\/v2\/product_brand?post=5151"},{"taxonomy":"product_cat","embeddable":true,"href":"https:\/\/autopdz.com\/ar\/wp-json\/wp\/v2\/product_cat?post=5151"},{"taxonomy":"product_tag","embeddable":true,"href":"https:\/\/autopdz.com\/ar\/wp-json\/wp\/v2\/product_tag?post=5151"}],"curies":[{"name":"wp","href":"https:\/\/api.w.org\/{rel}","templated":true}]}}