{"id":5164,"date":"2024-10-19T16:54:57","date_gmt":"2024-10-19T15:54:57","guid":{"rendered":"https:\/\/autopdz.com\/product\/feu-de-calandre-avant-a-led-de-voiture-6pcs\/"},"modified":"2026-04-14T11:30:55","modified_gmt":"2026-04-14T10:30:55","slug":"feu-de-calandre-avant-a-led-de-voiture-6pcs","status":"publish","type":"product","link":"https:\/\/autopdz.com\/ar\/product\/feu-de-calandre-avant-a-led-de-voiture-6pcs\/","title":{"rendered":"Feu de calandre avant \u00e0 LED de voiture 4pcs"},"content":{"rendered":"<p>Caract\u00e9ristiques:<\/p>\n<p>100% neuf et de haute qualit\u00e9<\/p>\n<p>Fabriqu\u00e9 en mat\u00e9riau de haute qualit\u00e9, durable et pratique \u00e0 utiliser<\/p>\n<p>Enti\u00e8rement \u00e9tanche pour une utilisation en ext\u00e9rieur<\/p>\n<p>Donnez \u00e0 votre camion un look unique avec une visibilit\u00e9, une s\u00e9curit\u00e9 et un style accrus la nuit<\/p>\n<p>Ce kit complet d&rsquo;\u00e9clairage de calandre de style Raptor est livr\u00e9 avec 5 pi\u00e8ces d&rsquo;assemblages de montage de calandre \u00e0 LED \u00e0 lentille fum\u00e9e (ambre) et un faisceau de c\u00e2bles<\/p>\n<p>Veuillez noter que ce kit peut s&rsquo;adapter librement sur la calandre OEM et n\u00e9cessitera du ruban adh\u00e9sif et\/ou de la colle pour l&rsquo;adapter correctement.<\/p>\n<p>Caract\u00e9ristiques:<\/p>\n<p>Mat\u00e9riau : ABS<\/p>\n<p>Tension : 12 V<\/p>\n<p>Courant : 0,6 A<\/p>\n<p>Puissance : 6 W<\/p>\n<p>Couleur de la coque : Noir<\/p>\n<p>Couleur de la lumi\u00e8re : Jaunes ambr\u00e9es<\/p>\n<p>Taille : (comme indiqu\u00e9 sur l&rsquo;image)<\/p>\n<p>Feux ambr\u00e9s brillants : ces feux de calandre ambr\u00e9s<\/p>\n<p>sont exclusivement con\u00e7us et parfaitement adapt\u00e9s aux calandres, Les lumi\u00e8res ambr\u00e9es \u00e0 haute luminosit\u00e9 donneront \u00e0 votre camion un aspect g\u00e9n\u00e9ral \u00e9l\u00e9gant et permettront \u00e0 votre camion de se d\u00e9marquer<\/p>\n<p>Mat\u00e9riau ABS de haute qualit\u00e9 : fabriqu\u00e9 en ABS<\/p>\n<p>plastique qui pourrait emp\u00eacher les rayures, l&rsquo;eau et la corrosion et ne se d\u00e9colore pas m\u00eame expos\u00e9 pendant une longue p\u00e9riode. Chaque ensemble de feux de calandre \u00e0 LED est livr\u00e9 avec un faisceau de c\u00e2bles et un adaptateur de fusible, qui offrent une dur\u00e9e de vie plus longue<\/p>\n<p>Installation facile en 15 minutes : ins\u00e9rez simplement le<\/p>\n<p>La lumi\u00e8re est ins\u00e9r\u00e9e dans un trou en maille, vous pouvez la monter de mani\u00e8re flexible n&rsquo;importe o\u00f9 sur la surface ext\u00e9rieure ou la calandre de votre v\u00e9hicule. Aucun per\u00e7age requis<\/p>\n<p>Conduite en toute s\u00e9curit\u00e9 : ces chaussures imperm\u00e9ables ont \u00e9t\u00e9 am\u00e9lior\u00e9es<\/p>\n<p>Feux de calandre avant \u00e0 LED, votre v\u00e9hicule est plus facile \u00e0 voir par temps pluvieux\/neigeux ou brumeux. Les lumi\u00e8res jaunes ambr\u00e9es attirent l&rsquo;attention des autres conducteurs sur votre camion.<\/p>\n<p>Contenu de l&#8217;emballage : 4 grilles lumineuses \u00e0 LED, 4 fils et 1 fusible. Veuillez noter que la grille n&rsquo;est pas incluse.<\/p>","protected":false},"excerpt":{"rendered":"<p>Caract\u00e9ristiques: 100% neuf et de haute qualit\u00e9 Fabriqu\u00e9 en mat\u00e9riau de haute qualit\u00e9, durable et pratique \u00e0 utiliser Enti\u00e8rement \u00e9tanche pour une utilisation en ext\u00e9rieur Donnez \u00e0 votre camion un look unique avec une visibilit\u00e9, une s\u00e9curit\u00e9 et un style accrus la nuit Ce kit complet d&rsquo;\u00e9clairage de calandre de style Raptor est livr\u00e9 avec [&hellip;]<\/p>","protected":false},"featured_media":5159,"comment_status":"open","ping_status":"closed","template":"","meta":[],"product_brand":[],"product_cat":[15],"product_tag":[],"class_list":{"0":"post-5164","1":"product","2":"type-product","3":"status-publish","4":"has-post-thumbnail","6":"product_cat-divers","8":"first","9":"instock","10":"sale","11":"shipping-taxable","12":"purchasable","13":"product-type-simple"},"jetpack_sharing_enabled":true,"_links":{"self":[{"href":"https:\/\/autopdz.com\/ar\/wp-json\/wp\/v2\/product\/5164","targetHints":{"allow":["GET"]}}],"collection":[{"href":"https:\/\/autopdz.com\/ar\/wp-json\/wp\/v2\/product"}],"about":[{"href":"https:\/\/autopdz.com\/ar\/wp-json\/wp\/v2\/types\/product"}],"replies":[{"embeddable":true,"href":"https:\/\/autopdz.com\/ar\/wp-json\/wp\/v2\/comments?post=5164"}],"wp:featuredmedia":[{"embeddable":true,"href":"https:\/\/autopdz.com\/ar\/wp-json\/wp\/v2\/media\/5159"}],"wp:attachment":[{"href":"https:\/\/autopdz.com\/ar\/wp-json\/wp\/v2\/media?parent=5164"}],"wp:term":[{"taxonomy":"product_brand","embeddable":true,"href":"https:\/\/autopdz.com\/ar\/wp-json\/wp\/v2\/product_brand?post=5164"},{"taxonomy":"product_cat","embeddable":true,"href":"https:\/\/autopdz.com\/ar\/wp-json\/wp\/v2\/product_cat?post=5164"},{"taxonomy":"product_tag","embeddable":true,"href":"https:\/\/autopdz.com\/ar\/wp-json\/wp\/v2\/product_tag?post=5164"}],"curies":[{"name":"wp","href":"https:\/\/api.w.org\/{rel}","templated":true}]}}