{"id":5169,"date":"2024-10-19T17:17:22","date_gmt":"2024-10-19T16:17:22","guid":{"rendered":"https:\/\/autopdz.com\/product\/2-pcs-lumiere-stroboscopique-a-led-davertissement-pour-moto-voiture-velo-etanche\/"},"modified":"2025-10-25T15:29:40","modified_gmt":"2025-10-25T14:29:40","slug":"2-pcs-lumiere-stroboscopique-a-led-davertissement-pour-moto-voiture-velo-etanche","status":"publish","type":"product","link":"https:\/\/autopdz.com\/ar\/product\/2-pcs-lumiere-stroboscopique-a-led-davertissement-pour-moto-voiture-velo-etanche\/","title":{"rendered":"2 pcs Lumi\u00e8re stroboscopique \u00e0 LED d&rsquo;avertissement pour moto, voiture, v\u00e9lo, \u00e9tanche"},"content":{"rendered":"<p>Lumi\u00e8re stroboscopique LED \u00e0 t\u00e9l\u00e9commande sans fil pour moto, voiture, v\u00e9lo, scooter, anti-collision<\/p>\n<p>Lampe d&rsquo;avertissement Indicateur de flash \u00c9tanche<\/p>\n<p>Description:<\/p>\n<p>Batterie int\u00e9gr\u00e9e : 3,7 V 300 mAh<\/p>\n<p>Interface de chargement : Micro USB<\/p>\n<p>Temps de charge : environ 90 minutes<\/p>\n<p>Couleur de la lumi\u00e8re : blanc, rouge, vert, bleu, jaune, violet, bleu ciel<\/p>\n<p>Taille du produit : 48&#215;34,3&#215;18,4 mm<\/p>\n<p>Dur\u00e9e d&rsquo;utilisation : environ 3,5 heures en mode flash<\/p>\n<p>Mode de r\u00e9glage : lumi\u00e8re stroboscopique rapide, lumi\u00e8re stroboscopique lente<\/p>\n<p>Chargement du produit : 5 V 1 A<\/p>\n<p>Application : Moto, V\u00e9lo, Avion,<\/p>","protected":false},"excerpt":{"rendered":"<p>Lumi\u00e8re stroboscopique LED \u00e0 t\u00e9l\u00e9commande sans fil pour moto, voiture, v\u00e9lo, scooter, anti-collision Lampe d&rsquo;avertissement Indicateur de flash \u00c9tanche Description: Batterie int\u00e9gr\u00e9e : 3,7 V 300 mAh Interface de chargement : Micro USB Temps de charge : environ 90 minutes Couleur de la lumi\u00e8re : blanc, rouge, vert, bleu, jaune, violet, bleu ciel Taille du [&hellip;]<\/p>","protected":false},"featured_media":5167,"comment_status":"open","ping_status":"closed","template":"","meta":[],"product_brand":[],"product_cat":[23],"product_tag":[96],"class_list":{"0":"post-5169","1":"product","2":"type-product","3":"status-publish","4":"has-post-thumbnail","6":"product_cat-eclairage","7":"product_tag-sos","9":"first","10":"outofstock","11":"shipping-taxable","12":"purchasable","13":"product-type-simple"},"jetpack_sharing_enabled":true,"_links":{"self":[{"href":"https:\/\/autopdz.com\/ar\/wp-json\/wp\/v2\/product\/5169","targetHints":{"allow":["GET"]}}],"collection":[{"href":"https:\/\/autopdz.com\/ar\/wp-json\/wp\/v2\/product"}],"about":[{"href":"https:\/\/autopdz.com\/ar\/wp-json\/wp\/v2\/types\/product"}],"replies":[{"embeddable":true,"href":"https:\/\/autopdz.com\/ar\/wp-json\/wp\/v2\/comments?post=5169"}],"wp:featuredmedia":[{"embeddable":true,"href":"https:\/\/autopdz.com\/ar\/wp-json\/wp\/v2\/media\/5167"}],"wp:attachment":[{"href":"https:\/\/autopdz.com\/ar\/wp-json\/wp\/v2\/media?parent=5169"}],"wp:term":[{"taxonomy":"product_brand","embeddable":true,"href":"https:\/\/autopdz.com\/ar\/wp-json\/wp\/v2\/product_brand?post=5169"},{"taxonomy":"product_cat","embeddable":true,"href":"https:\/\/autopdz.com\/ar\/wp-json\/wp\/v2\/product_cat?post=5169"},{"taxonomy":"product_tag","embeddable":true,"href":"https:\/\/autopdz.com\/ar\/wp-json\/wp\/v2\/product_tag?post=5169"}],"curies":[{"name":"wp","href":"https:\/\/api.w.org\/{rel}","templated":true}]}}