{"id":5188,"date":"2024-10-20T11:39:59","date_gmt":"2024-10-20T10:39:59","guid":{"rendered":"https:\/\/autopdz.com\/product\/produit\/"},"modified":"2025-08-21T09:13:41","modified_gmt":"2025-08-21T08:13:41","slug":"produit","status":"publish","type":"product","link":"https:\/\/autopdz.com\/ar\/product\/produit\/","title":{"rendered":"Tablette Android Nakamichi Ram 1+32Gb 10.1&Prime; NAM5230"},"content":{"rendered":"<p>CARACT\u00c9RISTIQUES DU PRODUIT<\/p>\n<p>Le syst\u00e8me Android NK12.0<\/p>\n<p>Prise en charge de Mirrorlink pour t\u00e9l\u00e9phone iOS<\/p>\n<p>Prise en charge du lien miroir du t\u00e9l\u00e9phone Android<\/p>\n<p>R\u00e9glage du son de l&rsquo;\u00e9galiseur ASP 12 bandes int\u00e9gr\u00e9<\/p>\n<p>Prise en charge des sons graves puissants<\/p>\n<p>Prise en charge des sons d&rsquo;alarme mixtes<\/p>\n<p>-R\u00e9glage de l&rsquo;\u00e9galiseur int\u00e9gr\u00e9 : fort<\/p>\n<p>R\u00e9glage du gain<\/p>\n<p>\u00c9cran LCD AHD 1280*720P<\/p>\n<p>\u00c9cran tactile capacitif<\/p>\n<p>Grand espace de stockage de 32 Go<\/p>\n<p>Prise en charge de la vid\u00e9o 720\/1080P<\/p>\n<p>Lecture<\/p>\n<p>-Prise en charge de l&rsquo;image dans l&rsquo;image vid\u00e9o<\/p>\n<p>Prise en charge de la musique sans perte<\/p>\n<p>Radio num\u00e9rique haute sensibilit\u00e9<\/p>\n<p>Prise en charge du t\u00e9l\u00e9chargement, de l&rsquo;installation et de la suppression d&rsquo;APK<\/p>\n<p>\u25ca S\u00e9rie T :<\/p>\n<p>1. Radio : FM, sans AM<\/p>\n<p>2. Pr\u00e9-sortie :<\/p>\n<p>2.1 FL\/FR\/SUB (1+32G)<\/p>\n<p>4.1 AV\/AVG\/AR\/SOUS-MARIN (2+32G)<\/p>\n<p>Bluetooth int\u00e9gr\u00e9 : prend en charge A2DP<\/p>\n<p>Version : Bluetooth HS\/V4.0<\/p>\n<p>Prise en charge de la lecture de musique Bluetooth<\/p>\n<p>Prise en charge du partage de r\u00e9seau Bluetooth<\/p>\n<p>Prise en charge de la cam\u00e9ra 720P\/1080PAHD<\/p>\n<p>Prise en charge de la marche arri\u00e8re rapide<\/p>\n<p>2 canaux USB sont standard<\/p>\n<p>Prise en charge du DVR USB<\/p>\n<p>Prise en charge de la lecture DVR USB<\/p>\n<p>Prise en charge de l&rsquo;aper\u00e7u vid\u00e9o de la Dashcam<\/p>\n<p>Prise en charge de l&rsquo;enregistrement de conduite DVR<\/p>\n<p>Prise en charge du Wi-Fi\/point d&rsquo;acc\u00e8s mobile<\/p>\n<p>Acc\u00e8s Internet<\/p>\n<p>Positionnement GPS int\u00e9gr\u00e9<\/p>\n<p>Lampe multicolore int\u00e9gr\u00e9e<\/p>\n<p>Puissance maximale 50 W x 4<\/p>\n<p>\u25ca Sortie vid\u00e9o :<\/p>\n<p>La fonction de sortie vid\u00e9o du bo\u00eetier convertisseur peut \u00eatre achet\u00e9e s\u00e9par\u00e9ment pour ce produit. Veuillez contacter le distributeur pour plus de d\u00e9tails.<\/p>","protected":false},"excerpt":{"rendered":"<p>CARACT\u00c9RISTIQUES DU PRODUIT Le syst\u00e8me Android NK12.0 Prise en charge de Mirrorlink pour t\u00e9l\u00e9phone iOS Prise en charge du lien miroir du t\u00e9l\u00e9phone Android R\u00e9glage du son de l&rsquo;\u00e9galiseur ASP 12 bandes int\u00e9gr\u00e9 Prise en charge des sons graves puissants Prise en charge des sons d&rsquo;alarme mixtes -R\u00e9glage de l&rsquo;\u00e9galiseur int\u00e9gr\u00e9 : fort R\u00e9glage du [&hellip;]<\/p>","protected":false},"featured_media":5185,"comment_status":"open","ping_status":"closed","template":"","meta":[],"product_brand":[],"product_cat":[24],"product_tag":[86,99,87],"class_list":{"0":"post-5188","1":"product","2":"type-product","3":"status-publish","4":"has-post-thumbnail","6":"product_cat-accessoires-interieur","7":"product_tag-android","8":"product_tag-nakamichi","9":"product_tag-tablette","11":"first","12":"outofstock","13":"shipping-taxable","14":"purchasable","15":"product-type-simple"},"jetpack_sharing_enabled":true,"_links":{"self":[{"href":"https:\/\/autopdz.com\/ar\/wp-json\/wp\/v2\/product\/5188","targetHints":{"allow":["GET"]}}],"collection":[{"href":"https:\/\/autopdz.com\/ar\/wp-json\/wp\/v2\/product"}],"about":[{"href":"https:\/\/autopdz.com\/ar\/wp-json\/wp\/v2\/types\/product"}],"replies":[{"embeddable":true,"href":"https:\/\/autopdz.com\/ar\/wp-json\/wp\/v2\/comments?post=5188"}],"wp:featuredmedia":[{"embeddable":true,"href":"https:\/\/autopdz.com\/ar\/wp-json\/wp\/v2\/media\/5185"}],"wp:attachment":[{"href":"https:\/\/autopdz.com\/ar\/wp-json\/wp\/v2\/media?parent=5188"}],"wp:term":[{"taxonomy":"product_brand","embeddable":true,"href":"https:\/\/autopdz.com\/ar\/wp-json\/wp\/v2\/product_brand?post=5188"},{"taxonomy":"product_cat","embeddable":true,"href":"https:\/\/autopdz.com\/ar\/wp-json\/wp\/v2\/product_cat?post=5188"},{"taxonomy":"product_tag","embeddable":true,"href":"https:\/\/autopdz.com\/ar\/wp-json\/wp\/v2\/product_tag?post=5188"}],"curies":[{"name":"wp","href":"https:\/\/api.w.org\/{rel}","templated":true}]}}