{"id":520,"date":"2023-09-03T15:39:33","date_gmt":"2023-09-03T14:39:33","guid":{"rendered":"https:\/\/autopdz.com\/?post_type=product&#038;p=520"},"modified":"2024-11-07T13:47:45","modified_gmt":"2024-11-07T12:47:45","slug":"lampe-led-multiples-modes-dambiance-au-niveau-des-pieds","status":"publish","type":"product","link":"https:\/\/autopdz.com\/ar\/product\/lampe-led-multiples-modes-dambiance-au-niveau-des-pieds\/","title":{"rendered":"Lampe LED multiples modes d&rsquo;ambiance au niveau des pieds"},"content":{"rendered":"<h1><span style=\"color: #000000;\">Lampe LED multiples modes d&rsquo;ambiance<\/span><\/h1>\n<p><span style=\"color: #000000;\">Kit de lumi\u00e8res int\u00e9rieures de voiture rvb 7 couleurs sans fil.Lumi\u00e8res de bande LED de haute qualit\u00e9 de rvb, imperm\u00e9ables, anticollision, anticorrosion.Contr\u00f4le IR sans fil, changez la couleur comme vous le souhaitez.Est \u00e9galement livr\u00e9 avec le mode de contr\u00f4le , rend votre voiture plus attrayante.<\/span><br \/>\n<span style=\"color: #000000;\">Installation:Directement \u00e0 la configuration du produit\u00a0dans la prise allume-cigare prise allume-cigare peut \u00eatre, sans aucune modification de fils.\u00a0Contenu de l\u2019emballage:1 set Lumi\u00e8re\u00a0\u00a0Contenu de l\u2019emballage:1 set Lumi\u00e8re\u00a0<\/span><\/p>","protected":false},"excerpt":{"rendered":"<p>Lampe LED multiples modes d&rsquo;ambiance Kit de lumi\u00e8res int\u00e9rieures de voiture rvb 7 couleurs sans fil.Lumi\u00e8res de bande LED de haute qualit\u00e9 de rvb, imperm\u00e9ables, anticollision, anticorrosion.Contr\u00f4le IR sans fil, changez la couleur comme vous le souhaitez.Est \u00e9galement livr\u00e9 avec le mode de contr\u00f4le , rend votre voiture plus attrayante. Installation:Directement \u00e0 la configuration du [&hellip;]<\/p>","protected":false},"featured_media":1262,"comment_status":"open","ping_status":"closed","template":"","meta":[],"product_brand":[],"product_cat":[24],"product_tag":[18],"class_list":{"0":"post-520","1":"product","2":"type-product","3":"status-publish","4":"has-post-thumbnail","6":"product_cat-accessoires-interieur","7":"product_tag-led","9":"first","10":"outofstock","11":"shipping-taxable","12":"purchasable","13":"product-type-simple"},"jetpack_sharing_enabled":true,"_links":{"self":[{"href":"https:\/\/autopdz.com\/ar\/wp-json\/wp\/v2\/product\/520","targetHints":{"allow":["GET"]}}],"collection":[{"href":"https:\/\/autopdz.com\/ar\/wp-json\/wp\/v2\/product"}],"about":[{"href":"https:\/\/autopdz.com\/ar\/wp-json\/wp\/v2\/types\/product"}],"replies":[{"embeddable":true,"href":"https:\/\/autopdz.com\/ar\/wp-json\/wp\/v2\/comments?post=520"}],"wp:featuredmedia":[{"embeddable":true,"href":"https:\/\/autopdz.com\/ar\/wp-json\/wp\/v2\/media\/1262"}],"wp:attachment":[{"href":"https:\/\/autopdz.com\/ar\/wp-json\/wp\/v2\/media?parent=520"}],"wp:term":[{"taxonomy":"product_brand","embeddable":true,"href":"https:\/\/autopdz.com\/ar\/wp-json\/wp\/v2\/product_brand?post=520"},{"taxonomy":"product_cat","embeddable":true,"href":"https:\/\/autopdz.com\/ar\/wp-json\/wp\/v2\/product_cat?post=520"},{"taxonomy":"product_tag","embeddable":true,"href":"https:\/\/autopdz.com\/ar\/wp-json\/wp\/v2\/product_tag?post=520"}],"curies":[{"name":"wp","href":"https:\/\/api.w.org\/{rel}","templated":true}]}}