{"id":5267,"date":"2024-10-22T13:39:52","date_gmt":"2024-10-22T12:39:52","guid":{"rendered":"https:\/\/autopdz.com\/product\/monogramme-sigl-r-pour-calandre-vw\/"},"modified":"2024-12-30T14:32:43","modified_gmt":"2024-12-30T13:32:43","slug":"monogramme-sigl-r-pour-calandre-vw","status":"publish","type":"product","link":"https:\/\/autopdz.com\/ar\/product\/monogramme-sigl-r-pour-calandre-vw\/","title":{"rendered":"Monogramme Sigl R Pour Calandre VW"},"content":{"rendered":"<p>Am\u00e9liorez l&rsquo;attrait esth\u00e9tique de votre R avec nos badges R de GT Concepts. Con\u00e7us pour les passionn\u00e9s de voitures exigeants, ces accessoires de rechange allient parfaitement style et performances, ajoutant une touche sophistiqu\u00e9e \u00e0 votre v\u00e9hicule.<\/p>\n<p>Produit d&rsquo;excellente qualit\u00e9<br \/>\nOption de montage disponible<br \/>\nAchetez en ligne &#8211; Livraison dans tout le pays<br \/>\nMeilleur prix garanti<br \/>\nN.B. &#8211; Pi\u00e8ce non d&rsquo;origine<br \/>\nConvient \u00e0 la plupart des v\u00e9hicules (non d&rsquo;origine)<\/p>","protected":false},"excerpt":{"rendered":"<p>Am\u00e9liorez l&rsquo;attrait esth\u00e9tique de votre R avec nos badges R de GT Concepts. Con\u00e7us pour les passionn\u00e9s de voitures exigeants, ces accessoires de rechange allient parfaitement style et performances, ajoutant une touche sophistiqu\u00e9e \u00e0 votre v\u00e9hicule. Produit d&rsquo;excellente qualit\u00e9 Option de montage disponible Achetez en ligne &#8211; Livraison dans tout le pays Meilleur prix garanti [&hellip;]<\/p>","protected":false},"featured_media":5266,"comment_status":"open","ping_status":"closed","template":"","meta":[],"product_brand":[],"product_cat":[26],"product_tag":[],"class_list":{"0":"post-5267","1":"product","2":"type-product","3":"status-publish","4":"has-post-thumbnail","6":"product_cat-accessoires-exterieur","8":"first","9":"outofstock","10":"shipping-taxable","11":"purchasable","12":"product-type-simple"},"jetpack_sharing_enabled":true,"_links":{"self":[{"href":"https:\/\/autopdz.com\/ar\/wp-json\/wp\/v2\/product\/5267","targetHints":{"allow":["GET"]}}],"collection":[{"href":"https:\/\/autopdz.com\/ar\/wp-json\/wp\/v2\/product"}],"about":[{"href":"https:\/\/autopdz.com\/ar\/wp-json\/wp\/v2\/types\/product"}],"replies":[{"embeddable":true,"href":"https:\/\/autopdz.com\/ar\/wp-json\/wp\/v2\/comments?post=5267"}],"wp:featuredmedia":[{"embeddable":true,"href":"https:\/\/autopdz.com\/ar\/wp-json\/wp\/v2\/media\/5266"}],"wp:attachment":[{"href":"https:\/\/autopdz.com\/ar\/wp-json\/wp\/v2\/media?parent=5267"}],"wp:term":[{"taxonomy":"product_brand","embeddable":true,"href":"https:\/\/autopdz.com\/ar\/wp-json\/wp\/v2\/product_brand?post=5267"},{"taxonomy":"product_cat","embeddable":true,"href":"https:\/\/autopdz.com\/ar\/wp-json\/wp\/v2\/product_cat?post=5267"},{"taxonomy":"product_tag","embeddable":true,"href":"https:\/\/autopdz.com\/ar\/wp-json\/wp\/v2\/product_tag?post=5267"}],"curies":[{"name":"wp","href":"https:\/\/api.w.org\/{rel}","templated":true}]}}