{"id":5318,"date":"2024-10-23T13:55:36","date_gmt":"2024-10-23T12:55:36","guid":{"rendered":"https:\/\/autopdz.com\/product\/lot-de-2-cosses-batterie-serrage-rapide-liberation-rapide-12v\/"},"modified":"2025-12-22T16:29:09","modified_gmt":"2025-12-22T15:29:09","slug":"lot-de-2-cosses-batterie-serrage-rapide-liberation-rapide-12v","status":"publish","type":"product","link":"https:\/\/autopdz.com\/ar\/product\/lot-de-2-cosses-batterie-serrage-rapide-liberation-rapide-12v\/","title":{"rendered":"Lot de 2 Cosses Batterie Serrage Rapide, Lib\u00e9ration Rapide 12V"},"content":{"rendered":"<p>Design Professionnel: Con\u00e7u pour les batteries de poteaux sup\u00e9rieurs et les batteries de poteaux lat\u00e9raux avec adaptateurs de poteau standard.<br \/>\n\u2605 Connecteurs de batterie de voiture \u00e0 d\u00e9gagement rapide: facile et pratique. Il est con\u00e7u pour les utilisateurs qui ont souvent besoin de changer la batterie.<br \/>\n\u2605 Facile \u00e0 utiliser: lorsque vous souhaitez changer la batterie, il vous suffit de soulever la coque isolante capable de retirer rapidement la batterie, puis de mettre une nouvelle batterie pouvant \u00eatre fix\u00e9e fermement.<br \/>\n\u2605 Le c\u00e2ble est fix\u00e9 par un collier de serrage \u00e0 vis. Ce sont pour les batteries classiques rondes de terminaux seulement.<br \/>\n\u2605 Quantit\u00e9: 2 pcs (1 \u00d7 Positif, 1 \u00d7 N\u00e9gatif); int\u00e9rieur de +P\u00f4le: 19MM, -P\u00f4le: 17MM de t\u00eate de pile de batterie.<\/p>","protected":false},"excerpt":{"rendered":"<p>Design Professionnel: Con\u00e7u pour les batteries de poteaux sup\u00e9rieurs et les batteries de poteaux lat\u00e9raux avec adaptateurs de poteau standard. \u2605 Connecteurs de batterie de voiture \u00e0 d\u00e9gagement rapide: facile et pratique. Il est con\u00e7u pour les utilisateurs qui ont souvent besoin de changer la batterie. \u2605 Facile \u00e0 utiliser: lorsque vous souhaitez changer la [&hellip;]<\/p>","protected":false},"featured_media":5314,"comment_status":"open","ping_status":"closed","template":"","meta":[],"product_brand":[],"product_cat":[26],"product_tag":[],"class_list":{"0":"post-5318","1":"product","2":"type-product","3":"status-publish","4":"has-post-thumbnail","6":"product_cat-accessoires-exterieur","8":"first","9":"instock","10":"shipping-taxable","11":"purchasable","12":"product-type-simple"},"jetpack_sharing_enabled":true,"_links":{"self":[{"href":"https:\/\/autopdz.com\/ar\/wp-json\/wp\/v2\/product\/5318","targetHints":{"allow":["GET"]}}],"collection":[{"href":"https:\/\/autopdz.com\/ar\/wp-json\/wp\/v2\/product"}],"about":[{"href":"https:\/\/autopdz.com\/ar\/wp-json\/wp\/v2\/types\/product"}],"replies":[{"embeddable":true,"href":"https:\/\/autopdz.com\/ar\/wp-json\/wp\/v2\/comments?post=5318"}],"wp:featuredmedia":[{"embeddable":true,"href":"https:\/\/autopdz.com\/ar\/wp-json\/wp\/v2\/media\/5314"}],"wp:attachment":[{"href":"https:\/\/autopdz.com\/ar\/wp-json\/wp\/v2\/media?parent=5318"}],"wp:term":[{"taxonomy":"product_brand","embeddable":true,"href":"https:\/\/autopdz.com\/ar\/wp-json\/wp\/v2\/product_brand?post=5318"},{"taxonomy":"product_cat","embeddable":true,"href":"https:\/\/autopdz.com\/ar\/wp-json\/wp\/v2\/product_cat?post=5318"},{"taxonomy":"product_tag","embeddable":true,"href":"https:\/\/autopdz.com\/ar\/wp-json\/wp\/v2\/product_tag?post=5318"}],"curies":[{"name":"wp","href":"https:\/\/api.w.org\/{rel}","templated":true}]}}