{"id":5324,"date":"2024-10-23T14:10:36","date_gmt":"2024-10-23T13:10:36","guid":{"rendered":"https:\/\/autopdz.com\/product\/support-magnetique-pour-tableau-de-bord-de-voiture-pour-telephone-portable\/"},"modified":"2026-01-28T13:59:07","modified_gmt":"2026-01-28T12:59:07","slug":"support-magnetique-pour-tableau-de-bord-de-voiture-pour-telephone-portable","status":"publish","type":"product","link":"https:\/\/autopdz.com\/ar\/product\/support-magnetique-pour-tableau-de-bord-de-voiture-pour-telephone-portable\/","title":{"rendered":"Support magn\u00e9tique pour tableau de bord de voiture pour t\u00e9l\u00e9phone portable"},"content":{"rendered":"","protected":false},"excerpt":{"rendered":"","protected":false},"featured_media":33878,"comment_status":"open","ping_status":"closed","template":"","meta":[],"product_brand":[],"product_cat":[38],"product_tag":[],"class_list":{"0":"post-5324","1":"product","2":"type-product","3":"status-publish","4":"has-post-thumbnail","6":"product_cat-support-telephone","8":"first","9":"instock","10":"shipping-taxable","11":"purchasable","12":"product-type-simple"},"jetpack_sharing_enabled":true,"_links":{"self":[{"href":"https:\/\/autopdz.com\/ar\/wp-json\/wp\/v2\/product\/5324","targetHints":{"allow":["GET"]}}],"collection":[{"href":"https:\/\/autopdz.com\/ar\/wp-json\/wp\/v2\/product"}],"about":[{"href":"https:\/\/autopdz.com\/ar\/wp-json\/wp\/v2\/types\/product"}],"replies":[{"embeddable":true,"href":"https:\/\/autopdz.com\/ar\/wp-json\/wp\/v2\/comments?post=5324"}],"wp:featuredmedia":[{"embeddable":true,"href":"https:\/\/autopdz.com\/ar\/wp-json\/wp\/v2\/media\/33878"}],"wp:attachment":[{"href":"https:\/\/autopdz.com\/ar\/wp-json\/wp\/v2\/media?parent=5324"}],"wp:term":[{"taxonomy":"product_brand","embeddable":true,"href":"https:\/\/autopdz.com\/ar\/wp-json\/wp\/v2\/product_brand?post=5324"},{"taxonomy":"product_cat","embeddable":true,"href":"https:\/\/autopdz.com\/ar\/wp-json\/wp\/v2\/product_cat?post=5324"},{"taxonomy":"product_tag","embeddable":true,"href":"https:\/\/autopdz.com\/ar\/wp-json\/wp\/v2\/product_tag?post=5324"}],"curies":[{"name":"wp","href":"https:\/\/api.w.org\/{rel}","templated":true}]}}