{"id":5374,"date":"2024-10-24T19:25:38","date_gmt":"2024-10-24T18:25:38","guid":{"rendered":"https:\/\/autopdz.com\/product\/lecteur-mp5-video-audio-radio-de-voiture-1din-4-pouces\/"},"modified":"2025-04-22T08:31:38","modified_gmt":"2025-04-22T07:31:38","slug":"lecteur-mp5-video-audio-radio-de-voiture-1din-4-pouces","status":"publish","type":"product","link":"https:\/\/autopdz.com\/ar\/product\/lecteur-mp5-video-audio-radio-de-voiture-1din-4-pouces\/","title":{"rendered":"Lecteur MP5 Vid\u00e9o Audio Radio de Voiture 1DIN 4 pouces"},"content":{"rendered":"<p>\u00c9cran LCD haute r\u00e9solution Full HD.<\/p>\n<p>Recherche radio num\u00e9rique enti\u00e8rement \u00e9lectronique, recherche automatique de radio FM \u00e0 r\u00e9glage num\u00e9rique haute performance, stockage de 18 radios.<\/p>\n<p>Prise en charge de l&rsquo;entr\u00e9e de cam\u00e9ra de recul.<\/p>\n<p>Fabrication soign\u00e9e et bonnes performances<\/p>\n<p>Post et mp5 \ud83d\ude0d<\/p>\n<p>Tableau DVD\ud83d\ude0d\u2705\ufe0f<\/p>\n<p>\u2705Il a USB<\/p>\n<p>\u2705\ufe0fBluetooth<\/p>\n<p>\u2705 Une cam\u00e9ra est install\u00e9e dessus<\/p>\n<p>\u2705 Auxiliaire Auxiliaire<\/p>\n<p>\u2705ma photo GM<\/p>\n<p>\u2705Son 4 sortie<\/p>","protected":false},"excerpt":{"rendered":"<p>\u00c9cran LCD haute r\u00e9solution Full HD. Recherche radio num\u00e9rique enti\u00e8rement \u00e9lectronique, recherche automatique de radio FM \u00e0 r\u00e9glage num\u00e9rique haute performance, stockage de 18 radios. Prise en charge de l&rsquo;entr\u00e9e de cam\u00e9ra de recul. Fabrication soign\u00e9e et bonnes performances Post et mp5 \ud83d\ude0d Tableau DVD\ud83d\ude0d\u2705\ufe0f \u2705Il a USB \u2705\ufe0fBluetooth \u2705 Une cam\u00e9ra est install\u00e9e dessus [&hellip;]<\/p>","protected":false},"featured_media":5365,"comment_status":"open","ping_status":"closed","template":"","meta":[],"product_brand":[],"product_cat":[24],"product_tag":[106,105],"class_list":{"0":"post-5374","1":"product","2":"type-product","3":"status-publish","4":"has-post-thumbnail","6":"product_cat-accessoires-interieur","7":"product_tag-lecteur-mp5","8":"product_tag-radio-mp5","10":"first","11":"instock","12":"sale","13":"shipping-taxable","14":"purchasable","15":"product-type-simple"},"jetpack_sharing_enabled":true,"_links":{"self":[{"href":"https:\/\/autopdz.com\/ar\/wp-json\/wp\/v2\/product\/5374","targetHints":{"allow":["GET"]}}],"collection":[{"href":"https:\/\/autopdz.com\/ar\/wp-json\/wp\/v2\/product"}],"about":[{"href":"https:\/\/autopdz.com\/ar\/wp-json\/wp\/v2\/types\/product"}],"replies":[{"embeddable":true,"href":"https:\/\/autopdz.com\/ar\/wp-json\/wp\/v2\/comments?post=5374"}],"wp:featuredmedia":[{"embeddable":true,"href":"https:\/\/autopdz.com\/ar\/wp-json\/wp\/v2\/media\/5365"}],"wp:attachment":[{"href":"https:\/\/autopdz.com\/ar\/wp-json\/wp\/v2\/media?parent=5374"}],"wp:term":[{"taxonomy":"product_brand","embeddable":true,"href":"https:\/\/autopdz.com\/ar\/wp-json\/wp\/v2\/product_brand?post=5374"},{"taxonomy":"product_cat","embeddable":true,"href":"https:\/\/autopdz.com\/ar\/wp-json\/wp\/v2\/product_cat?post=5374"},{"taxonomy":"product_tag","embeddable":true,"href":"https:\/\/autopdz.com\/ar\/wp-json\/wp\/v2\/product_tag?post=5374"}],"curies":[{"name":"wp","href":"https:\/\/api.w.org\/{rel}","templated":true}]}}