{"id":5391,"date":"2024-10-24T22:29:21","date_gmt":"2024-10-24T21:29:21","guid":{"rendered":"https:\/\/autopdz.com\/product\/ecran-carplay-tactile-7-pouces-wifi-lecteur-dvd-de-voiture-android-pour-auto\/"},"modified":"2024-11-26T08:04:41","modified_gmt":"2024-11-26T07:04:41","slug":"ecran-carplay-tactile-7-pouces-wifi-lecteur-dvd-de-voiture-android-pour-auto","status":"publish","type":"product","link":"https:\/\/autopdz.com\/ar\/product\/ecran-carplay-tactile-7-pouces-wifi-lecteur-dvd-de-voiture-android-pour-auto\/","title":{"rendered":"\u00c9cran Carplay tactile 7 pouces  Wifi Lecteur DVD de voiture Android pour Auto"},"content":{"rendered":"<p>Syst\u00e8me de navigation automobile Android Informations g\u00e9n\u00e9rales :<\/p>\n<p>Syst\u00e8me d&rsquo;exploitation : Android<\/p>\n<p>Processeur et fr\u00e9quence : Allwinner, Quad core RAM DDR3 1G\/2G (en option) M\u00e9moire flash Nand : 16G\/32G int\u00e9gr\u00e9e (en option)<\/p>\n<p>Caract\u00e9ristiques standard : Wi-Fi int\u00e9gr\u00e9 + GPS Navi + Bluetooth<\/p>\n<p>Radio FM Multim\u00e9dia + Lien miroir<\/p>\n<p>Afficher<\/p>\n<p>Taille: 7<\/p>\n<p>\u00c9cran : \u00c9cran tactile multipoint capacitif<\/p>\n<p>R\u00e9solution: 1024*600<\/p>\n<p>Internet<\/p>\n<p>Wi-Fi : 802.11b\/g\/n, 2,4 GHz, compatible WLAN<\/p>\n<p>Stockage de carte GPS : Flash int\u00e9gr\u00e9<\/p>","protected":false},"excerpt":{"rendered":"<p>Syst\u00e8me de navigation automobile Android Informations g\u00e9n\u00e9rales : Syst\u00e8me d&rsquo;exploitation : Android Processeur et fr\u00e9quence : Allwinner, Quad core RAM DDR3 1G\/2G (en option) M\u00e9moire flash Nand : 16G\/32G int\u00e9gr\u00e9e (en option) Caract\u00e9ristiques standard : Wi-Fi int\u00e9gr\u00e9 + GPS Navi + Bluetooth Radio FM Multim\u00e9dia + Lien miroir Afficher Taille: 7 \u00c9cran : \u00c9cran tactile [&hellip;]<\/p>","protected":false},"featured_media":5386,"comment_status":"open","ping_status":"closed","template":"","meta":[],"product_brand":[],"product_cat":[24],"product_tag":[],"class_list":{"0":"post-5391","1":"product","2":"type-product","3":"status-publish","4":"has-post-thumbnail","6":"product_cat-accessoires-interieur","8":"first","9":"outofstock","10":"shipping-taxable","11":"purchasable","12":"product-type-simple"},"jetpack_sharing_enabled":true,"_links":{"self":[{"href":"https:\/\/autopdz.com\/ar\/wp-json\/wp\/v2\/product\/5391","targetHints":{"allow":["GET"]}}],"collection":[{"href":"https:\/\/autopdz.com\/ar\/wp-json\/wp\/v2\/product"}],"about":[{"href":"https:\/\/autopdz.com\/ar\/wp-json\/wp\/v2\/types\/product"}],"replies":[{"embeddable":true,"href":"https:\/\/autopdz.com\/ar\/wp-json\/wp\/v2\/comments?post=5391"}],"wp:featuredmedia":[{"embeddable":true,"href":"https:\/\/autopdz.com\/ar\/wp-json\/wp\/v2\/media\/5386"}],"wp:attachment":[{"href":"https:\/\/autopdz.com\/ar\/wp-json\/wp\/v2\/media?parent=5391"}],"wp:term":[{"taxonomy":"product_brand","embeddable":true,"href":"https:\/\/autopdz.com\/ar\/wp-json\/wp\/v2\/product_brand?post=5391"},{"taxonomy":"product_cat","embeddable":true,"href":"https:\/\/autopdz.com\/ar\/wp-json\/wp\/v2\/product_cat?post=5391"},{"taxonomy":"product_tag","embeddable":true,"href":"https:\/\/autopdz.com\/ar\/wp-json\/wp\/v2\/product_tag?post=5391"}],"curies":[{"name":"wp","href":"https:\/\/api.w.org\/{rel}","templated":true}]}}