{"id":5413,"date":"2024-10-26T00:37:25","date_gmt":"2024-10-25T23:37:25","guid":{"rendered":"https:\/\/autopdz.com\/?post_type=product&#038;p=5413"},"modified":"2025-12-22T16:18:26","modified_gmt":"2025-12-22T15:18:26","slug":"bande-chrome-de-voiture-15m","status":"publish","type":"product","link":"https:\/\/autopdz.com\/ar\/product\/bande-chrome-de-voiture-15m\/","title":{"rendered":"Bande chrom\u00e9 de voiture 15m"},"content":{"rendered":"<p>Bande de carrosserie chrom\u00e9e ext\u00e9rieure de voiture, protection de porte de voiture, moulage, garniture de style, autocollant de lampe de voiture, garniture de fen\u00eatre, garniture ext\u00e9rieure de voiture<\/p>\n<p>Caract\u00e9ristiques:<\/p>\n<p>Nom : Bande d\u00e9corative chrom\u00e9e universelle pour voiture<\/p>\n<p>Mat\u00e9riau : PVC souple avec chrome poli. Cette garniture n&rsquo;est pas flexible, ne peut pas \u00eatre pli\u00e9e, veuillez en tenir compte.<\/p>\n<p>Couleur : Argent chrom\u00e9<\/p>\n<p>Caract\u00e9ristiques:<\/p>\n<p>Pour la d\u00e9coration ext\u00e9rieure : calandre avant, phares, r\u00e9troviseurs, feux arri\u00e8re, montant de capot, garniture d&rsquo;aile, garniture d&rsquo;enjoliveur de roue etc&#8230;<\/p>\n<p>Pour la d\u00e9coration int\u00e9rieure : console centrale radio, haut-parleurs, panneaux int\u00e9rieurs, poign\u00e9es de porte, pommeau de levier de vitesse etc&#8230;<\/p>\n<p>Rendez votre voiture brillante et plus unique Facile \u00e0 couper \u00e0 la longueur appropri\u00e9e dont vous avez besoin.<\/p>\n<p>Installation:<\/p>\n<p>Nettoyez votre zone d&rsquo;application.<\/p>\n<p>Chauffer la ligne d\u00e9corative \u00e0 60 \u00e0 70 degr\u00e9s Celsius avec un pistolet \u00e0 air chaud \u00e9lectrique (ou un s\u00e8che-cheveux).<\/p>\n<p>Dans un court laps de temps, collez-le dans la voiture.<\/p>\n<p>Collez les lignes d\u00e9coratives de la presse \u00e0 main.<\/p>\n<p>(Apr\u00e8s l&rsquo;installation, ne lavez pas votre voiture dans les 3 jours)<\/p>","protected":false},"excerpt":{"rendered":"<p>Bande de carrosserie chrom\u00e9e ext\u00e9rieure de voiture, protection de porte de voiture, moulage, garniture de style, autocollant de lampe de voiture, garniture de fen\u00eatre, garniture ext\u00e9rieure de voiture Caract\u00e9ristiques: Nom : Bande d\u00e9corative chrom\u00e9e universelle pour voiture Mat\u00e9riau : PVC souple avec chrome poli. Cette garniture n&rsquo;est pas flexible, ne peut pas \u00eatre pli\u00e9e, veuillez [&hellip;]<\/p>","protected":false},"featured_media":5408,"comment_status":"open","ping_status":"closed","template":"","meta":[],"product_brand":[],"product_cat":[26],"product_tag":[],"class_list":{"0":"post-5413","1":"product","2":"type-product","3":"status-publish","4":"has-post-thumbnail","6":"product_cat-accessoires-exterieur","8":"first","9":"instock","10":"shipping-taxable","11":"purchasable","12":"product-type-variable"},"jetpack_sharing_enabled":true,"_links":{"self":[{"href":"https:\/\/autopdz.com\/ar\/wp-json\/wp\/v2\/product\/5413","targetHints":{"allow":["GET"]}}],"collection":[{"href":"https:\/\/autopdz.com\/ar\/wp-json\/wp\/v2\/product"}],"about":[{"href":"https:\/\/autopdz.com\/ar\/wp-json\/wp\/v2\/types\/product"}],"replies":[{"embeddable":true,"href":"https:\/\/autopdz.com\/ar\/wp-json\/wp\/v2\/comments?post=5413"}],"wp:featuredmedia":[{"embeddable":true,"href":"https:\/\/autopdz.com\/ar\/wp-json\/wp\/v2\/media\/5408"}],"wp:attachment":[{"href":"https:\/\/autopdz.com\/ar\/wp-json\/wp\/v2\/media?parent=5413"}],"wp:term":[{"taxonomy":"product_brand","embeddable":true,"href":"https:\/\/autopdz.com\/ar\/wp-json\/wp\/v2\/product_brand?post=5413"},{"taxonomy":"product_cat","embeddable":true,"href":"https:\/\/autopdz.com\/ar\/wp-json\/wp\/v2\/product_cat?post=5413"},{"taxonomy":"product_tag","embeddable":true,"href":"https:\/\/autopdz.com\/ar\/wp-json\/wp\/v2\/product_tag?post=5413"}],"curies":[{"name":"wp","href":"https:\/\/api.w.org\/{rel}","templated":true}]}}