{"id":544,"date":"2023-09-21T18:00:57","date_gmt":"2023-09-21T17:00:57","guid":{"rendered":"https:\/\/autopdz.com\/?post_type=product&#038;p=544"},"modified":"2025-01-15T14:01:27","modified_gmt":"2025-01-15T13:01:27","slug":"support-telephone-voiture-magnetique-universel-ventilation-rotation-360-a-grille","status":"publish","type":"product","link":"https:\/\/autopdz.com\/ar\/product\/support-telephone-voiture-magnetique-universel-ventilation-rotation-360-a-grille\/","title":{"rendered":"Support T\u00e9l\u00e9phone Voiture Magn\u00e9tique Universel Ventilation Rotation 360\u00b0 \u00e0 Grille"},"content":{"rendered":"<p class=\"fpMb\">Support t\u00e9l\u00e9phone voiture universel avec rotation 360\u00b0, ultra pratique. Compatible avec tous les smartphones. Installation et utilisation facile. Maintien de votre portable garanti.<\/p>","protected":false},"excerpt":{"rendered":"<p>Support t\u00e9l\u00e9phone voiture universel avec rotation 360\u00b0, ultra pratique. Compatible avec tous les smartphones. Installation et utilisation facile. Maintien de votre portable garanti.<\/p>","protected":false},"featured_media":546,"comment_status":"open","ping_status":"closed","template":"","meta":[],"product_brand":[],"product_cat":[38],"product_tag":[],"class_list":{"0":"post-544","1":"product","2":"type-product","3":"status-publish","4":"has-post-thumbnail","6":"product_cat-support-telephone","8":"first","9":"instock","10":"shipping-taxable","11":"purchasable","12":"product-type-simple"},"jetpack_sharing_enabled":true,"_links":{"self":[{"href":"https:\/\/autopdz.com\/ar\/wp-json\/wp\/v2\/product\/544","targetHints":{"allow":["GET"]}}],"collection":[{"href":"https:\/\/autopdz.com\/ar\/wp-json\/wp\/v2\/product"}],"about":[{"href":"https:\/\/autopdz.com\/ar\/wp-json\/wp\/v2\/types\/product"}],"replies":[{"embeddable":true,"href":"https:\/\/autopdz.com\/ar\/wp-json\/wp\/v2\/comments?post=544"}],"wp:featuredmedia":[{"embeddable":true,"href":"https:\/\/autopdz.com\/ar\/wp-json\/wp\/v2\/media\/546"}],"wp:attachment":[{"href":"https:\/\/autopdz.com\/ar\/wp-json\/wp\/v2\/media?parent=544"}],"wp:term":[{"taxonomy":"product_brand","embeddable":true,"href":"https:\/\/autopdz.com\/ar\/wp-json\/wp\/v2\/product_brand?post=544"},{"taxonomy":"product_cat","embeddable":true,"href":"https:\/\/autopdz.com\/ar\/wp-json\/wp\/v2\/product_cat?post=544"},{"taxonomy":"product_tag","embeddable":true,"href":"https:\/\/autopdz.com\/ar\/wp-json\/wp\/v2\/product_tag?post=544"}],"curies":[{"name":"wp","href":"https:\/\/api.w.org\/{rel}","templated":true}]}}