{"id":548,"date":"2023-09-21T18:06:11","date_gmt":"2023-09-21T17:06:11","guid":{"rendered":"https:\/\/autopdz.com\/?post_type=product&#038;p=548"},"modified":"2025-03-03T14:54:05","modified_gmt":"2025-03-03T13:54:05","slug":"support-telephone-voiture-magnetique-universel-pour-smartphone-rotation-360acier","status":"publish","type":"product","link":"https:\/\/autopdz.com\/ar\/product\/support-telephone-voiture-magnetique-universel-pour-smartphone-rotation-360acier\/","title":{"rendered":"Support T\u00e9l\u00e9phone Voiture Magn\u00e9tique Universel pour Smartphone Rotation 360\u00b0Acier"},"content":{"rendered":"<p><span style=\"color: #000000;\">Fabriqu\u00e9 en aluminium, ce support magn\u00e9tique voiture dispose d&rsquo;une surface acier inoxydable lui permettant de conserver une surface brillante tout en restant solide, Un coussin adh\u00e9sif 3M fournit une adh\u00e9sion tr\u00e8s forte. Ce support restera solidement attach\u00e9 dans diverses situations, compatible avec tous les type de portable.<\/span><\/p>","protected":false},"excerpt":{"rendered":"<p>Fabriqu\u00e9 en aluminium, ce support magn\u00e9tique voiture dispose d&rsquo;une surface acier inoxydable lui permettant de conserver une surface brillante tout en restant solide, Un coussin adh\u00e9sif 3M fournit une adh\u00e9sion tr\u00e8s forte. Ce support restera solidement attach\u00e9 dans diverses situations, compatible avec tous les type de portable.<\/p>","protected":false},"featured_media":552,"comment_status":"open","ping_status":"closed","template":"","meta":[],"product_brand":[],"product_cat":[38],"product_tag":[42],"class_list":{"0":"post-548","1":"product","2":"type-product","3":"status-publish","4":"has-post-thumbnail","6":"product_cat-support-telephone","7":"product_tag-support-telephone-magnetique","9":"first","10":"instock","11":"shipping-taxable","12":"purchasable","13":"product-type-simple"},"jetpack_sharing_enabled":true,"_links":{"self":[{"href":"https:\/\/autopdz.com\/ar\/wp-json\/wp\/v2\/product\/548","targetHints":{"allow":["GET"]}}],"collection":[{"href":"https:\/\/autopdz.com\/ar\/wp-json\/wp\/v2\/product"}],"about":[{"href":"https:\/\/autopdz.com\/ar\/wp-json\/wp\/v2\/types\/product"}],"replies":[{"embeddable":true,"href":"https:\/\/autopdz.com\/ar\/wp-json\/wp\/v2\/comments?post=548"}],"wp:featuredmedia":[{"embeddable":true,"href":"https:\/\/autopdz.com\/ar\/wp-json\/wp\/v2\/media\/552"}],"wp:attachment":[{"href":"https:\/\/autopdz.com\/ar\/wp-json\/wp\/v2\/media?parent=548"}],"wp:term":[{"taxonomy":"product_brand","embeddable":true,"href":"https:\/\/autopdz.com\/ar\/wp-json\/wp\/v2\/product_brand?post=548"},{"taxonomy":"product_cat","embeddable":true,"href":"https:\/\/autopdz.com\/ar\/wp-json\/wp\/v2\/product_cat?post=548"},{"taxonomy":"product_tag","embeddable":true,"href":"https:\/\/autopdz.com\/ar\/wp-json\/wp\/v2\/product_tag?post=548"}],"curies":[{"name":"wp","href":"https:\/\/api.w.org\/{rel}","templated":true}]}}