{"id":5514,"date":"2024-10-28T12:33:31","date_gmt":"2024-10-28T11:33:31","guid":{"rendered":"https:\/\/autopdz.com\/product\/bande-protection-de-pare-chocs-avant-samurai\/"},"modified":"2025-07-02T10:28:31","modified_gmt":"2025-07-02T09:28:31","slug":"bande-protection-de-pare-chocs-avant-samurai","status":"publish","type":"product","link":"https:\/\/autopdz.com\/ar\/product\/bande-protection-de-pare-chocs-avant-samurai\/","title":{"rendered":"Bande Protection de pare-chocs avant SAMURAI"},"content":{"rendered":"<ul class=\"a-unordered-list a-vertical a-spacing-none\" style=\"margin:0px0px0px1.8rem;padding:0px;font-family:\">\n<li class=\"a-spacing-mini\" style=\"margin:0px\">2,5m\u00e8tre<\/li>\n<li>Couleur: Noir \/ Noir Carbon<\/li>\n<li><span class=\"a-list-item\" style=\"color:var(--__N4QdCheV6mGo,#0f1111)\">universel pour la plupart des voitures, camions et VUS.<\/span><\/li>\n<li class=\"a-spacing-mini\" style=\"margin:0px\"><span class=\"a-list-item\" style=\"color:var(--__N4QdCheV6mGo,#0f1111)\">Garde de protection jupe en caoutchouc spoiler pare-chocs, anti-rayures et d\u00e9coratif.<\/span><\/li>\n<li class=\"a-spacing-mini\" style=\"margin:0px\"><span class=\"a-list-item\" style=\"color:var(--__N4QdCheV6mGo,#0f1111)\">Mat\u00e9riau en caoutchouc de haute qualit\u00e9, section lisse et d\u00e9licate, prot\u00e9geant les voitures contre les collisions et att\u00e9nuant les dommages<\/span><\/li>\n<li class=\"a-spacing-mini\" style=\"margin:0px\"><span class=\"a-list-item\" style=\"color:var(--__N4QdCheV6mGo,#0f1111)\">Obtenez un look unique et agressif &#8211; donnez \u00e0 votre voiture un aspect plus luxueux<\/span><\/li>\n<li class=\"a-spacing-mini\" style=\"margin:0px\"><span class=\"a-list-item\" style=\"color:var(--__N4QdCheV6mGo,#0f1111)\">Facile \u00e0 plier, couper et plier, suffisamment flexible pour r\u00e9pondre \u00e0 vos besoins.<\/span><\/li>\n<\/ul>","protected":false},"excerpt":{"rendered":"<p>2,5m\u00e8tre Couleur: Noir \/ Noir Carbon universel pour la plupart des voitures, camions et VUS. Garde de protection jupe en caoutchouc spoiler pare-chocs, anti-rayures et d\u00e9coratif. Mat\u00e9riau en caoutchouc de haute qualit\u00e9, section lisse et d\u00e9licate, prot\u00e9geant les voitures contre les collisions et att\u00e9nuant les dommages Obtenez un look unique et agressif &#8211; donnez \u00e0 [&hellip;]<\/p>","protected":false},"featured_media":9417,"comment_status":"open","ping_status":"closed","template":"","meta":[],"product_brand":[],"product_cat":[26],"product_tag":[],"class_list":{"0":"post-5514","1":"product","2":"type-product","3":"status-publish","4":"has-post-thumbnail","6":"product_cat-accessoires-exterieur","8":"first","9":"instock","10":"sale","11":"shipping-taxable","12":"purchasable","13":"product-type-simple"},"jetpack_sharing_enabled":true,"_links":{"self":[{"href":"https:\/\/autopdz.com\/ar\/wp-json\/wp\/v2\/product\/5514","targetHints":{"allow":["GET"]}}],"collection":[{"href":"https:\/\/autopdz.com\/ar\/wp-json\/wp\/v2\/product"}],"about":[{"href":"https:\/\/autopdz.com\/ar\/wp-json\/wp\/v2\/types\/product"}],"replies":[{"embeddable":true,"href":"https:\/\/autopdz.com\/ar\/wp-json\/wp\/v2\/comments?post=5514"}],"wp:featuredmedia":[{"embeddable":true,"href":"https:\/\/autopdz.com\/ar\/wp-json\/wp\/v2\/media\/9417"}],"wp:attachment":[{"href":"https:\/\/autopdz.com\/ar\/wp-json\/wp\/v2\/media?parent=5514"}],"wp:term":[{"taxonomy":"product_brand","embeddable":true,"href":"https:\/\/autopdz.com\/ar\/wp-json\/wp\/v2\/product_brand?post=5514"},{"taxonomy":"product_cat","embeddable":true,"href":"https:\/\/autopdz.com\/ar\/wp-json\/wp\/v2\/product_cat?post=5514"},{"taxonomy":"product_tag","embeddable":true,"href":"https:\/\/autopdz.com\/ar\/wp-json\/wp\/v2\/product_tag?post=5514"}],"curies":[{"name":"wp","href":"https:\/\/api.w.org\/{rel}","templated":true}]}}