{"id":559,"date":"2023-09-21T18:32:30","date_gmt":"2023-09-21T17:32:30","guid":{"rendered":"https:\/\/autopdz.com\/?post_type=product&#038;p=559"},"modified":"2023-09-21T18:32:30","modified_gmt":"2023-09-21T17:32:30","slug":"support-de-telephone-magnetique-360","status":"publish","type":"product","link":"https:\/\/autopdz.com\/ar\/product\/support-de-telephone-magnetique-360\/","title":{"rendered":"Support de t\u00e9l\u00e9phone magn\u00e9tique 360"},"content":{"rendered":"<p>Support de t\u00e9l\u00e9phone magn\u00e9tique, fonctionnement \u00e0 une main, Rotation \u00e0 360 degr\u00e9s, antid\u00e9rapant, fabrication soign\u00e9e, support de t\u00e9l\u00e9phone portable magn\u00e9tique pour v\u00e9hicule<\/p>","protected":false},"excerpt":{"rendered":"<p>Support de t\u00e9l\u00e9phone magn\u00e9tique, fonctionnement \u00e0 une main, Rotation \u00e0 360 degr\u00e9s, antid\u00e9rapant, fabrication soign\u00e9e, support de t\u00e9l\u00e9phone portable magn\u00e9tique pour v\u00e9hicule<\/p>","protected":false},"featured_media":564,"comment_status":"open","ping_status":"closed","template":"","meta":[],"product_brand":[],"product_cat":[38],"product_tag":[42],"class_list":{"0":"post-559","1":"product","2":"type-product","3":"status-publish","4":"has-post-thumbnail","6":"product_cat-support-telephone","7":"product_tag-support-telephone-magnetique","9":"first","10":"instock","11":"shipping-taxable","12":"purchasable","13":"product-type-simple"},"jetpack_sharing_enabled":true,"_links":{"self":[{"href":"https:\/\/autopdz.com\/ar\/wp-json\/wp\/v2\/product\/559","targetHints":{"allow":["GET"]}}],"collection":[{"href":"https:\/\/autopdz.com\/ar\/wp-json\/wp\/v2\/product"}],"about":[{"href":"https:\/\/autopdz.com\/ar\/wp-json\/wp\/v2\/types\/product"}],"replies":[{"embeddable":true,"href":"https:\/\/autopdz.com\/ar\/wp-json\/wp\/v2\/comments?post=559"}],"wp:featuredmedia":[{"embeddable":true,"href":"https:\/\/autopdz.com\/ar\/wp-json\/wp\/v2\/media\/564"}],"wp:attachment":[{"href":"https:\/\/autopdz.com\/ar\/wp-json\/wp\/v2\/media?parent=559"}],"wp:term":[{"taxonomy":"product_brand","embeddable":true,"href":"https:\/\/autopdz.com\/ar\/wp-json\/wp\/v2\/product_brand?post=559"},{"taxonomy":"product_cat","embeddable":true,"href":"https:\/\/autopdz.com\/ar\/wp-json\/wp\/v2\/product_cat?post=559"},{"taxonomy":"product_tag","embeddable":true,"href":"https:\/\/autopdz.com\/ar\/wp-json\/wp\/v2\/product_tag?post=559"}],"curies":[{"name":"wp","href":"https:\/\/api.w.org\/{rel}","templated":true}]}}