{"id":5617,"date":"2024-10-30T13:55:56","date_gmt":"2024-10-30T12:55:56","guid":{"rendered":"https:\/\/autopdz.com\/product\/chargeur-de-voiture-usb-a-6-ports-avec-lumiere-rgb-charge-rapide-48w\/"},"modified":"2025-02-15T11:33:54","modified_gmt":"2025-02-15T10:33:54","slug":"chargeur-de-voiture-usb-a-6-ports-avec-lumiere-rgb-charge-rapide-48w","status":"publish","type":"product","link":"https:\/\/autopdz.com\/ar\/product\/chargeur-de-voiture-usb-a-6-ports-avec-lumiere-rgb-charge-rapide-48w\/","title":{"rendered":"Chargeur de voiture USB \u00e0 6 ports avec lumi\u00e8re RGB Charge rapide 48W"},"content":{"rendered":"<p>Ce chargeur de voiture dispose de 6 ports, qui peuvent charger plusieurs appareils en m\u00eame temps, \u00e9liminant ainsi les probl\u00e8mes de chargeurs multiples.<br \/>\n2. Conception d&rsquo;extension avant et arri\u00e8re : \u00e9quip\u00e9 de deux ports de chargeur avant et arri\u00e8re, il est pratique pour les passagers et les conducteurs \u00e0 utiliser, et ne vous inqui\u00e9tez plus d&rsquo;affecter l&rsquo;exp\u00e9rience de la voiture en raison d&rsquo;un espace de chargeur insuffisant.<br \/>\n3. Charge rapide : \u00e9quip\u00e9 d&rsquo;un adaptateur d&rsquo;alimentation \u00e0 charge rapide, il peut fournir une vitesse de charge plus rapide et plus stable pour votre appareil, \u00e9conomisant du temps et am\u00e9liorant l&rsquo;efficacit\u00e9.<br \/>\n4. Quatre ports USB + 2TYPE-C : \u00e9quip\u00e9 de quatre ports USB et de 2 ports TYPE-C, il convient \u00e0 une vari\u00e9t\u00e9 d&rsquo;appareils de charge, tels que les t\u00e9l\u00e9phones portables, les tablettes, les appareils photo num\u00e9riques, etc.<br \/>\n5. C\u00e2ble de 1,45 m\u00e8tre de long : le c\u00e2ble du chargeur mesure jusqu&rsquo;\u00e0 1,45 m\u00e8tre de long, ce qui permet d&rsquo;installer facilement le chargeur dans n&rsquo;importe quelle position du v\u00e9hicule, ce qui rend l&rsquo;utilisation de votre voiture plus \u00e9tendue.<\/p>","protected":false},"excerpt":{"rendered":"<p>Ce chargeur de voiture dispose de 6 ports, qui peuvent charger plusieurs appareils en m\u00eame temps, \u00e9liminant ainsi les probl\u00e8mes de chargeurs multiples. 2. Conception d&rsquo;extension avant et arri\u00e8re : \u00e9quip\u00e9 de deux ports de chargeur avant et arri\u00e8re, il est pratique pour les passagers et les conducteurs \u00e0 utiliser, et ne vous inqui\u00e9tez plus [&hellip;]<\/p>","protected":false},"featured_media":5614,"comment_status":"open","ping_status":"closed","template":"","meta":[],"product_brand":[],"product_cat":[24],"product_tag":[],"class_list":{"0":"post-5617","1":"product","2":"type-product","3":"status-publish","4":"has-post-thumbnail","6":"product_cat-accessoires-interieur","8":"first","9":"outofstock","10":"shipping-taxable","11":"purchasable","12":"product-type-simple"},"jetpack_sharing_enabled":true,"_links":{"self":[{"href":"https:\/\/autopdz.com\/ar\/wp-json\/wp\/v2\/product\/5617","targetHints":{"allow":["GET"]}}],"collection":[{"href":"https:\/\/autopdz.com\/ar\/wp-json\/wp\/v2\/product"}],"about":[{"href":"https:\/\/autopdz.com\/ar\/wp-json\/wp\/v2\/types\/product"}],"replies":[{"embeddable":true,"href":"https:\/\/autopdz.com\/ar\/wp-json\/wp\/v2\/comments?post=5617"}],"wp:featuredmedia":[{"embeddable":true,"href":"https:\/\/autopdz.com\/ar\/wp-json\/wp\/v2\/media\/5614"}],"wp:attachment":[{"href":"https:\/\/autopdz.com\/ar\/wp-json\/wp\/v2\/media?parent=5617"}],"wp:term":[{"taxonomy":"product_brand","embeddable":true,"href":"https:\/\/autopdz.com\/ar\/wp-json\/wp\/v2\/product_brand?post=5617"},{"taxonomy":"product_cat","embeddable":true,"href":"https:\/\/autopdz.com\/ar\/wp-json\/wp\/v2\/product_cat?post=5617"},{"taxonomy":"product_tag","embeddable":true,"href":"https:\/\/autopdz.com\/ar\/wp-json\/wp\/v2\/product_tag?post=5617"}],"curies":[{"name":"wp","href":"https:\/\/api.w.org\/{rel}","templated":true}]}}