{"id":5631,"date":"2024-10-30T14:20:51","date_gmt":"2024-10-30T13:20:51","guid":{"rendered":"https:\/\/autopdz.com\/product\/transmetteur-fm-bluetooth-main-libre-double-port-usb\/"},"modified":"2025-11-19T09:49:25","modified_gmt":"2025-11-19T08:49:25","slug":"transmetteur-fm-bluetooth-main-libre-double-port-usb","status":"publish","type":"product","link":"https:\/\/autopdz.com\/ar\/product\/transmetteur-fm-bluetooth-main-libre-double-port-usb\/","title":{"rendered":"Transmetteur FM Bluetooth Main Libre Double Port USB"},"content":{"rendered":"<ul class=\"a-unordered-list a-vertical a-spacing-none\" style=\"margin:0px0px0px1.8rem;padding:0px;font-family:\">\n<li class=\"a-spacing-mini\" style=\"margin:0px\"><span class=\"a-list-item\" style=\"color:var(--__N4QdCheV6mGo,#0f1111)\">\u2605Version Bluetooth: V3.0<\/span><\/li>\n<li class=\"a-spacing-mini\" style=\"margin:0px\"><span class=\"a-list-item\" style=\"color:var(--__N4QdCheV6mGo,#0f1111)\">\u2605Liste de colisage: 1 x kit mains libres transmetteur FM,1 x t\u00e9l\u00e9commande<\/span><\/li>\n<li class=\"a-spacing-mini\" style=\"margin:0px\"><span class=\"a-list-item\" style=\"color:var(--__N4QdCheV6mGo,#0f1111)\">\u2605COMPATIBILIT\u00c9 \u00c9LEV\u00c9E: ARINO kit bluetooth transmetteur FM est adapt\u00e9 \u00e0 tous les appareils Bluetooth, tels que iPhone, iPad, iPod, tablette, smartphone ou lecteur MP3, MP4, connexion via la prise audio 3,5 mm ou via le emplacement de carte.<\/span><\/li>\n<li class=\"a-spacing-mini\" style=\"margin:0px\"><span class=\"a-list-item\" style=\"color:var(--__N4QdCheV6mGo,#0f1111)\">\u2605\u3010DEUX SORTIES USB\u3011Mpow FM Bluetooth transmetteur avec deux ports USB. Un port de USB peut lire le lecteur flash USB. L&rsquo;autre port USB vous permet de recharger le t\u00e9l\u00e9phone portable conveniently.<\/span><\/li>\n<li class=\"a-spacing-mini\" style=\"margin:0px\"><span class=\"a-list-item\" style=\"color:var(--__N4QdCheV6mGo,#0f1111)\">\u2605\u2605[Appel mains libres] Avec ce transmetteur FM Bluetooth, vous pouvez facilement prend en charge les appels mains libres avec microphone. Technologie d&rsquo;annulation de bruit avanc\u00e9e adopt\u00e9e &#8211; La technologie CVC cr\u00e9e un son en duplex int\u00e9gral et supprime le bruit et le vent.<\/span><\/li>\n<\/ul>","protected":false},"excerpt":{"rendered":"<p>\u2605Version Bluetooth: V3.0 \u2605Liste de colisage: 1 x kit mains libres transmetteur FM,1 x t\u00e9l\u00e9commande \u2605COMPATIBILIT\u00c9 \u00c9LEV\u00c9E: ARINO kit bluetooth transmetteur FM est adapt\u00e9 \u00e0 tous les appareils Bluetooth, tels que iPhone, iPad, iPod, tablette, smartphone ou lecteur MP3, MP4, connexion via la prise audio 3,5 mm ou via le emplacement de carte. \u2605\u3010DEUX SORTIES [&hellip;]<\/p>","protected":false},"featured_media":5629,"comment_status":"open","ping_status":"closed","template":"","meta":[],"product_brand":[],"product_cat":[24],"product_tag":[],"class_list":{"0":"post-5631","1":"product","2":"type-product","3":"status-publish","4":"has-post-thumbnail","6":"product_cat-accessoires-interieur","8":"first","9":"outofstock","10":"shipping-taxable","11":"purchasable","12":"product-type-simple"},"jetpack_sharing_enabled":true,"_links":{"self":[{"href":"https:\/\/autopdz.com\/ar\/wp-json\/wp\/v2\/product\/5631","targetHints":{"allow":["GET"]}}],"collection":[{"href":"https:\/\/autopdz.com\/ar\/wp-json\/wp\/v2\/product"}],"about":[{"href":"https:\/\/autopdz.com\/ar\/wp-json\/wp\/v2\/types\/product"}],"replies":[{"embeddable":true,"href":"https:\/\/autopdz.com\/ar\/wp-json\/wp\/v2\/comments?post=5631"}],"wp:featuredmedia":[{"embeddable":true,"href":"https:\/\/autopdz.com\/ar\/wp-json\/wp\/v2\/media\/5629"}],"wp:attachment":[{"href":"https:\/\/autopdz.com\/ar\/wp-json\/wp\/v2\/media?parent=5631"}],"wp:term":[{"taxonomy":"product_brand","embeddable":true,"href":"https:\/\/autopdz.com\/ar\/wp-json\/wp\/v2\/product_brand?post=5631"},{"taxonomy":"product_cat","embeddable":true,"href":"https:\/\/autopdz.com\/ar\/wp-json\/wp\/v2\/product_cat?post=5631"},{"taxonomy":"product_tag","embeddable":true,"href":"https:\/\/autopdz.com\/ar\/wp-json\/wp\/v2\/product_tag?post=5631"}],"curies":[{"name":"wp","href":"https:\/\/api.w.org\/{rel}","templated":true}]}}