{"id":5637,"date":"2024-10-30T14:39:12","date_gmt":"2024-10-30T13:39:12","guid":{"rendered":"https:\/\/autopdz.com\/product\/chargeur-et-transmetteur-fm-via-bluetooth-avec-port-usb-pour-entree-auxiliaire-mp3-35-mm\/"},"modified":"2024-10-30T14:39:12","modified_gmt":"2024-10-30T13:39:12","slug":"chargeur-et-transmetteur-fm-via-bluetooth-avec-port-usb-pour-entree-auxiliaire-mp3-35-mm","status":"publish","type":"product","link":"https:\/\/autopdz.com\/ar\/product\/chargeur-et-transmetteur-fm-via-bluetooth-avec-port-usb-pour-entree-auxiliaire-mp3-35-mm\/","title":{"rendered":"Chargeur et transmetteur FM via Bluetooth avec port USB pour entr\u00e9e auxiliaire MP3 3,5 mm"},"content":{"rendered":"<p>Sp\u00e9cifications du produit<\/p>\n<p>Transmetteur FM \u00e0 pleine fr\u00e9quence<\/p>\n<p>Affichage num\u00e9rique<\/p>\n<p>\u2022 Prend en charge l&rsquo;entr\u00e9e audio de ligne avec interrupteur d&rsquo;arr\u00eat (connexion directe USB)<\/p>\n<p>\u2022 Prend en charge le lecteur de carte U Disk TF<\/p>\n<p>\u2022 Prend en charge la musique au format MP3, WMA<\/p>\n<p>Bt r\u00e9pond, raccroche, rejette, recompose les appels et autres fonctions<\/p>\n<p>Lecture de musique st\u00e9r\u00e9o BT<\/p>\n<p>\u200e\u202b\u0648\u0629 \u0645\u0631\u0637\u0648\u0641 \u0631 \u0627\u0644\u062c\u0631\u062c \u0628\u0637\u0648\u0631\u202c\u200e<\/p>\n<p>Mauvais et Leron<\/p>\n<p>Technologie d&rsquo;annulation d&rsquo;\u00e9cho et de suppression du bruit (CVC) pour un appel<\/p>\n<p>\u2022 Prend en charge la tension de sortie USB, la sortie maximale 5 V\/2,5 A<\/p>\n<p>\u2022 Fonction de m\u00e9moire d&rsquo;arr\u00eat automatique<\/p>","protected":false},"excerpt":{"rendered":"<p>Sp\u00e9cifications du produit Transmetteur FM \u00e0 pleine fr\u00e9quence Affichage num\u00e9rique \u2022 Prend en charge l&rsquo;entr\u00e9e audio de ligne avec interrupteur d&rsquo;arr\u00eat (connexion directe USB) \u2022 Prend en charge le lecteur de carte U Disk TF \u2022 Prend en charge la musique au format MP3, WMA Bt r\u00e9pond, raccroche, rejette, recompose les appels et autres fonctions [&hellip;]<\/p>","protected":false},"featured_media":5635,"comment_status":"open","ping_status":"closed","template":"","meta":[],"product_brand":[],"product_cat":[24],"product_tag":[],"class_list":{"0":"post-5637","1":"product","2":"type-product","3":"status-publish","4":"has-post-thumbnail","6":"product_cat-accessoires-interieur","8":"first","9":"instock","10":"shipping-taxable","11":"purchasable","12":"product-type-simple"},"jetpack_sharing_enabled":true,"_links":{"self":[{"href":"https:\/\/autopdz.com\/ar\/wp-json\/wp\/v2\/product\/5637","targetHints":{"allow":["GET"]}}],"collection":[{"href":"https:\/\/autopdz.com\/ar\/wp-json\/wp\/v2\/product"}],"about":[{"href":"https:\/\/autopdz.com\/ar\/wp-json\/wp\/v2\/types\/product"}],"replies":[{"embeddable":true,"href":"https:\/\/autopdz.com\/ar\/wp-json\/wp\/v2\/comments?post=5637"}],"wp:featuredmedia":[{"embeddable":true,"href":"https:\/\/autopdz.com\/ar\/wp-json\/wp\/v2\/media\/5635"}],"wp:attachment":[{"href":"https:\/\/autopdz.com\/ar\/wp-json\/wp\/v2\/media?parent=5637"}],"wp:term":[{"taxonomy":"product_brand","embeddable":true,"href":"https:\/\/autopdz.com\/ar\/wp-json\/wp\/v2\/product_brand?post=5637"},{"taxonomy":"product_cat","embeddable":true,"href":"https:\/\/autopdz.com\/ar\/wp-json\/wp\/v2\/product_cat?post=5637"},{"taxonomy":"product_tag","embeddable":true,"href":"https:\/\/autopdz.com\/ar\/wp-json\/wp\/v2\/product_tag?post=5637"}],"curies":[{"name":"wp","href":"https:\/\/api.w.org\/{rel}","templated":true}]}}