{"id":565,"date":"2023-09-21T18:40:36","date_gmt":"2023-09-21T17:40:36","guid":{"rendered":"https:\/\/autopdz.com\/?post_type=product&#038;p=565"},"modified":"2025-01-18T15:21:55","modified_gmt":"2025-01-18T14:21:55","slug":"support-magnetique-universel-reglable","status":"publish","type":"product","link":"https:\/\/autopdz.com\/ar\/product\/support-magnetique-universel-reglable\/","title":{"rendered":"Support magn\u00e9tique universel r\u00e9glable"},"content":{"rendered":"<p><span style=\"color: #000000;\"><strong data-spm-anchor-id=\"a2g0o.detail.1000023.i0.38ecADvUADvUN2\">Description:<\/strong><\/span><br \/>\n<span style=\"color: #000000;\">Avec une conception \u00e0 forte absorption magn\u00e9tique, il est s\u00fbr et ferme. Il adopte un silicone souple antid\u00e9rapant et un design \u00e9paissi, ce qui peut bien prot\u00e9ger le t\u00e9l\u00e9phone portable.<\/span><br \/>\n<span style=\"color: #000000;\">Avec la fonction de rotation \u00e0 360 degr\u00e9s, vous pouvez ajuster librement l&rsquo;angle en fonction de vos propres besoins.<\/span><br \/>\n<span style=\"color: #000000;\">Fabriqu\u00e9 en mat\u00e9riau ABS de haute qualit\u00e9, il est solide et durable.<\/span><br \/>\n<span style=\"color: #000000;\">La longueur du produit est de 60mm, la largeur est de 24mm et la hauteur est de 19mm.<\/span><br \/>\n<span style=\"color: #000000;\">Il convient \u00e0 la console centrale de voiture et au bureau. Et il est compatible avec tous les types de smartphones.<\/span><\/p>\n<p><span style=\"color: #000000;\">Nom de l&rsquo;article: Support De T\u00e9l\u00e9phone Portable Pour Voiture<\/span><br \/>\n<span style=\"color: #000000;\">Mat\u00e9riel: ABS<\/span><br \/>\n<span style=\"color: #000000;\">Occasion Applicable: Console centrale de voiture, bureau<\/span><br \/>\n<span style=\"color: #000000;\">Mod\u00e8les compatibles: pour tous les Types de Smartphones<\/span><br \/>\n<span style=\"color: #000000;\">Caract\u00e9ristiques: universel, Rotation \u00e0 360 degr\u00e9s, antid\u00e9rapant<\/span><br \/>\n<span style=\"color: #000000;\">D\u00e9tails de taille:<\/span><br \/>\n<span style=\"color: #000000;\">6cm x 2.4cm x 1.9cm\/2.36 \u00ab\u00a0x 0.94\u00a0\u00bb x 0.75 \u00ab\u00a0(environ)<\/span><\/p>\n<p><span style=\"color: #000000;\">Notes:<\/span><br \/>\n<span style=\"color: #000000;\">En raison de la diff\u00e9rence de r\u00e9glage de la lumi\u00e8re et de l&rsquo;\u00e9cran, la couleur de l&rsquo;article peut \u00eatre l\u00e9g\u00e8rement diff\u00e9rente des images.<\/span><br \/>\n<span style=\"color: #000000;\">Veuillez permettre une l\u00e9g\u00e8re diff\u00e9rence de dimension due \u00e0 des mesures manuelles diff\u00e9rentes.<\/span><\/p>\n<p><span style=\"color: #000000;\">Le forfait Comprend:<\/span><br \/>\n<span style=\"color: #000000;\">1 x Support De T\u00e9l\u00e9phone Portable Pour Voiture<\/span><\/p>","protected":false},"excerpt":{"rendered":"<p>Description: Avec une conception \u00e0 forte absorption magn\u00e9tique, il est s\u00fbr et ferme. Il adopte un silicone souple antid\u00e9rapant et un design \u00e9paissi, ce qui peut bien prot\u00e9ger le t\u00e9l\u00e9phone portable. Avec la fonction de rotation \u00e0 360 degr\u00e9s, vous pouvez ajuster librement l&rsquo;angle en fonction de vos propres besoins. Fabriqu\u00e9 en mat\u00e9riau ABS de [&hellip;]<\/p>","protected":false},"featured_media":568,"comment_status":"open","ping_status":"closed","template":"","meta":[],"product_brand":[],"product_cat":[38],"product_tag":[42],"class_list":{"0":"post-565","1":"product","2":"type-product","3":"status-publish","4":"has-post-thumbnail","6":"product_cat-support-telephone","7":"product_tag-support-telephone-magnetique","9":"first","10":"outofstock","11":"shipping-taxable","12":"purchasable","13":"product-type-simple"},"jetpack_sharing_enabled":true,"_links":{"self":[{"href":"https:\/\/autopdz.com\/ar\/wp-json\/wp\/v2\/product\/565","targetHints":{"allow":["GET"]}}],"collection":[{"href":"https:\/\/autopdz.com\/ar\/wp-json\/wp\/v2\/product"}],"about":[{"href":"https:\/\/autopdz.com\/ar\/wp-json\/wp\/v2\/types\/product"}],"replies":[{"embeddable":true,"href":"https:\/\/autopdz.com\/ar\/wp-json\/wp\/v2\/comments?post=565"}],"wp:featuredmedia":[{"embeddable":true,"href":"https:\/\/autopdz.com\/ar\/wp-json\/wp\/v2\/media\/568"}],"wp:attachment":[{"href":"https:\/\/autopdz.com\/ar\/wp-json\/wp\/v2\/media?parent=565"}],"wp:term":[{"taxonomy":"product_brand","embeddable":true,"href":"https:\/\/autopdz.com\/ar\/wp-json\/wp\/v2\/product_brand?post=565"},{"taxonomy":"product_cat","embeddable":true,"href":"https:\/\/autopdz.com\/ar\/wp-json\/wp\/v2\/product_cat?post=565"},{"taxonomy":"product_tag","embeddable":true,"href":"https:\/\/autopdz.com\/ar\/wp-json\/wp\/v2\/product_tag?post=565"}],"curies":[{"name":"wp","href":"https:\/\/api.w.org\/{rel}","templated":true}]}}