{"id":5755,"date":"2024-11-02T12:05:51","date_gmt":"2024-11-02T11:05:51","guid":{"rendered":"https:\/\/autopdz.com\/product\/klaxon-a-air-double-trompette-12-v-178-db\/"},"modified":"2024-11-02T12:05:51","modified_gmt":"2024-11-02T11:05:51","slug":"klaxon-a-air-double-trompette-12-v-178-db","status":"publish","type":"product","link":"https:\/\/autopdz.com\/ar\/product\/klaxon-a-air-double-trompette-12-v-178-db\/","title":{"rendered":"Klaxon \u00e0 air double trompette 12 V 178 dB"},"content":{"rendered":"<p>Klaxon \u00e0 air puissant et durable &#8211; Klaxon \u00e0 air extr\u00eamement fort de 178 dB (plus fort que les autres 135 dB\/150 dB). Fabriqu\u00e9 en plastique et m\u00e9tal de haute qualit\u00e9 r\u00e9sistant aux intemp\u00e9ries, assure une longue dur\u00e9e de vie.<\/p>\n<p>Soyez entendu et soyez en s\u00e9curit\u00e9 &#8211; Ne vous inqui\u00e9tez plus des accidents de la circulation caus\u00e9s par d&rsquo;autres personnes qui ne font pas attention \u00e0 votre voiture avec ce klaxon \u00e0 air double ton super puissant.<\/p>\n<p>Klaxon \u00e0 air universel et compatible &#8211; S&rsquo;adapte \u00e0 tout v\u00e9hicule 12 volts (voiture, camion, SUV, moto, bateau, v\u00e9hicule tout-terrain, bus, etc.), fonctionne dans un environnement d&rsquo;eau douce ou sal\u00e9e et id\u00e9al pour presque toutes les conditions m\u00e9t\u00e9orologiques.<\/p>\n<p>Facile \u00e0 installer &#8211; Installation facile avec le kit de montage du klaxon \u00e0 air comprim\u00e9,<\/p>\n<p>Sp\u00e9cifications :<br \/>\nCouleur du klaxon \u00e0 air comprim\u00e9 : noir<br \/>\nMat\u00e9riau : ABS et klaxon \u00e0 air comprim\u00e9 en m\u00e9tal<br \/>\nLongueur du petit klaxon \u00e0 air comprim\u00e9 : 6,2 po<br \/>\nDiam\u00e8tre du petit klaxon \u00e0 air comprim\u00e9 : 2,75 po<br \/>\nLongueur du grand klaxon \u00e0 air comprim\u00e9 : 8,2 po<br \/>\nDiam\u00e8tre du grand klaxon \u00e0 air comprim\u00e9 : 2,95 po<br \/>\nVolume du klaxon \u00e0 air comprim\u00e9 : 178 dB<br \/>\nTension : 12 V<\/p>\n<p>Contenu de l&#8217;emballage :<br \/>\n2 tubes de klaxon \u00e0 air comprim\u00e9<br \/>\n1 compresseur<br \/>\n1 relais<br \/>\n1 tuyau d&rsquo;air comprim\u00e9<br \/>\n1 kit de fixation pour klaxon \u00e0 air comprim\u00e9<\/p>","protected":false},"excerpt":{"rendered":"<p>Klaxon \u00e0 air puissant et durable &#8211; Klaxon \u00e0 air extr\u00eamement fort de 178 dB (plus fort que les autres 135 dB\/150 dB). Fabriqu\u00e9 en plastique et m\u00e9tal de haute qualit\u00e9 r\u00e9sistant aux intemp\u00e9ries, assure une longue dur\u00e9e de vie. Soyez entendu et soyez en s\u00e9curit\u00e9 &#8211; Ne vous inqui\u00e9tez plus des accidents de la [&hellip;]<\/p>","protected":false},"featured_media":5750,"comment_status":"open","ping_status":"closed","template":"","meta":[],"product_brand":[],"product_cat":[24],"product_tag":[],"class_list":{"0":"post-5755","1":"product","2":"type-product","3":"status-publish","4":"has-post-thumbnail","6":"product_cat-accessoires-interieur","8":"first","9":"instock","10":"shipping-taxable","11":"purchasable","12":"product-type-simple"},"jetpack_sharing_enabled":true,"_links":{"self":[{"href":"https:\/\/autopdz.com\/ar\/wp-json\/wp\/v2\/product\/5755","targetHints":{"allow":["GET"]}}],"collection":[{"href":"https:\/\/autopdz.com\/ar\/wp-json\/wp\/v2\/product"}],"about":[{"href":"https:\/\/autopdz.com\/ar\/wp-json\/wp\/v2\/types\/product"}],"replies":[{"embeddable":true,"href":"https:\/\/autopdz.com\/ar\/wp-json\/wp\/v2\/comments?post=5755"}],"wp:featuredmedia":[{"embeddable":true,"href":"https:\/\/autopdz.com\/ar\/wp-json\/wp\/v2\/media\/5750"}],"wp:attachment":[{"href":"https:\/\/autopdz.com\/ar\/wp-json\/wp\/v2\/media?parent=5755"}],"wp:term":[{"taxonomy":"product_brand","embeddable":true,"href":"https:\/\/autopdz.com\/ar\/wp-json\/wp\/v2\/product_brand?post=5755"},{"taxonomy":"product_cat","embeddable":true,"href":"https:\/\/autopdz.com\/ar\/wp-json\/wp\/v2\/product_cat?post=5755"},{"taxonomy":"product_tag","embeddable":true,"href":"https:\/\/autopdz.com\/ar\/wp-json\/wp\/v2\/product_tag?post=5755"}],"curies":[{"name":"wp","href":"https:\/\/api.w.org\/{rel}","templated":true}]}}