{"id":577,"date":"2023-09-21T21:21:48","date_gmt":"2023-09-21T20:21:48","guid":{"rendered":"https:\/\/autopdz.com\/?post_type=product&#038;p=577"},"modified":"2025-01-26T15:37:37","modified_gmt":"2025-01-26T14:37:37","slug":"support-de-telephone-portable-universel-rotatif-a-360","status":"publish","type":"product","link":"https:\/\/autopdz.com\/ar\/product\/support-de-telephone-portable-universel-rotatif-a-360\/","title":{"rendered":"Support de t\u00e9l\u00e9phone portable universel rotatif \u00e0 360 \u00b0"},"content":{"rendered":"<p><span style=\"color: #000000;\" data-spm-anchor-id=\"a2g0o.detail.1000023.i0.1febwrLRwrLRlX\">Caract\u00e9ristiques:<\/span><\/p>\n<p><span style=\"color: #000000;\">1. Support robuste: support solide, besoin de plier fort, pas facile \u00e0 plier, et refuser de secouer le t\u00e9l\u00e9phone.<\/span><\/p>\n<p><span style=\"color: #000000;\">2. Coussinet antid\u00e9rapant: le coussinet souple joue le r\u00f4le d&rsquo;antid\u00e9rapant et prot\u00e8ge en m\u00eame temps le t\u00e9l\u00e9phone des frottements directs avec le support.<\/span><\/p>\n<p><span style=\"color: #000000;\">3. Ventouse de gel de silice: puissante ventouse de gel de silice, grande aspiration, pas facile \u00e0 tomber, facile \u00e0 utiliser et \u00e0 installer.<\/span><\/p>\n<p>&nbsp;<\/p>\n<p><span style=\"color: #000000;\">Description:<\/span><\/p>\n<p><span style=\"color: #000000;\">Ce produit est un support de t\u00e9l\u00e9phone portable, un support solide, il doit \u00eatre pli\u00e9 dur, pas facile \u00e0 plier, et il refuse de secouer le t\u00e9l\u00e9phone.<\/span><\/p>\n<p>&nbsp;<\/p>\n<p><span style=\"color: #000000;\">Sp\u00e9cifications:<\/span><\/p>\n<p><span style=\"color: #000000;\">Mat\u00e9riau: plastique ABS + coussinet antid\u00e9rapant EVA + fil d&rsquo;acier au carbone<\/span><\/p>\n<p><span style=\"color: #000000;\">Largeur de t\u00e9l\u00e9phone portable applicable: 60mm ~ 100mm<\/span><\/p>\n<p><span style=\"color: #000000;\" data-spm-anchor-id=\"a2g0o.detail.1000023.i1.1febwrLRwrLRlX\">Taille: 10*11cm<\/span><\/p>","protected":false},"excerpt":{"rendered":"<p>Caract\u00e9ristiques: 1. Support robuste: support solide, besoin de plier fort, pas facile \u00e0 plier, et refuser de secouer le t\u00e9l\u00e9phone. 2. Coussinet antid\u00e9rapant: le coussinet souple joue le r\u00f4le d&rsquo;antid\u00e9rapant et prot\u00e8ge en m\u00eame temps le t\u00e9l\u00e9phone des frottements directs avec le support. 3. Ventouse de gel de silice: puissante ventouse de gel de silice, [&hellip;]<\/p>","protected":false},"featured_media":582,"comment_status":"open","ping_status":"closed","template":"","meta":[],"product_brand":[],"product_cat":[38],"product_tag":[40],"class_list":{"0":"post-577","1":"product","2":"type-product","3":"status-publish","4":"has-post-thumbnail","6":"product_cat-support-telephone","7":"product_tag-support-telephone-voiture","9":"first","10":"instock","11":"shipping-taxable","12":"purchasable","13":"product-type-simple"},"jetpack_sharing_enabled":true,"_links":{"self":[{"href":"https:\/\/autopdz.com\/ar\/wp-json\/wp\/v2\/product\/577","targetHints":{"allow":["GET"]}}],"collection":[{"href":"https:\/\/autopdz.com\/ar\/wp-json\/wp\/v2\/product"}],"about":[{"href":"https:\/\/autopdz.com\/ar\/wp-json\/wp\/v2\/types\/product"}],"replies":[{"embeddable":true,"href":"https:\/\/autopdz.com\/ar\/wp-json\/wp\/v2\/comments?post=577"}],"wp:featuredmedia":[{"embeddable":true,"href":"https:\/\/autopdz.com\/ar\/wp-json\/wp\/v2\/media\/582"}],"wp:attachment":[{"href":"https:\/\/autopdz.com\/ar\/wp-json\/wp\/v2\/media?parent=577"}],"wp:term":[{"taxonomy":"product_brand","embeddable":true,"href":"https:\/\/autopdz.com\/ar\/wp-json\/wp\/v2\/product_brand?post=577"},{"taxonomy":"product_cat","embeddable":true,"href":"https:\/\/autopdz.com\/ar\/wp-json\/wp\/v2\/product_cat?post=577"},{"taxonomy":"product_tag","embeddable":true,"href":"https:\/\/autopdz.com\/ar\/wp-json\/wp\/v2\/product_tag?post=577"}],"curies":[{"name":"wp","href":"https:\/\/api.w.org\/{rel}","templated":true}]}}