{"id":5794,"date":"2024-11-04T13:25:28","date_gmt":"2024-11-04T12:25:28","guid":{"rendered":"https:\/\/autopdz.com\/product\/spoiler-universel-noir\/"},"modified":"2025-09-14T15:36:33","modified_gmt":"2025-09-14T14:36:33","slug":"spoiler-universel-noir","status":"publish","type":"product","link":"https:\/\/autopdz.com\/ar\/product\/spoiler-universel-noir\/","title":{"rendered":"Spoiler Universel Noir 1,5m"},"content":{"rendered":"<p>Fabriqu\u00e9 \u00e0 partir d&rsquo;un mat\u00e9riau PU flexible et durable avec un aspect de NOIR brillant.<br \/>\nUne coupe est requise pour ce kit de spoiler.<br \/>\nArtistique: Augmentez la rationalit\u00e9 de l&rsquo;apparence de la voiture en installant une jupe de protection de spoiler de toit arri\u00e8re, ce qui rend votre voiture plus cool et plus \u00e9l\u00e9gante.<br \/>\nPrincipales caract\u00e9ristiques<br \/>\nBecquet De Coffre Universelle<br \/>\nsport Look<br \/>\nBecquet de haute qualit\u00e9. peut \u00eatre Coup\u00e9.<br \/>\nInstallation facile et assurer \u00e0 l&rsquo;aide de l&rsquo;adh\u00e9sif double face inclus.<br \/>\nTunnel de lavage et conduite sur autoroute ne poseront aucun probl\u00e8me.<br \/>\nContenu de la bo\u00eete<br \/>\n1 PCS<br \/>\nCaract\u00e9ristiques<br \/>\nSKU: SA050CA0G1WBKNAFAMZ<\/p>\n<p>Gamme de produits: produit pour toute les modeles de voiture<\/p>\n<p>Taille (Longueur x Largeur x Hauteur cm): 1.45 X 3.5 X 2<\/p>\n<p>Poids (kg): 0.5<\/p>\n<p>Couleur: NOIR<\/p>\n<p>Mat\u00e9riau principal: caoutchouc<\/p>","protected":false},"excerpt":{"rendered":"<p>Fabriqu\u00e9 \u00e0 partir d&rsquo;un mat\u00e9riau PU flexible et durable avec un aspect de NOIR brillant. Une coupe est requise pour ce kit de spoiler. Artistique: Augmentez la rationalit\u00e9 de l&rsquo;apparence de la voiture en installant une jupe de protection de spoiler de toit arri\u00e8re, ce qui rend votre voiture plus cool et plus \u00e9l\u00e9gante. Principales [&hellip;]<\/p>","protected":false},"featured_media":5791,"comment_status":"open","ping_status":"closed","template":"","meta":[],"product_brand":[],"product_cat":[26],"product_tag":[113],"class_list":{"0":"post-5794","1":"product","2":"type-product","3":"status-publish","4":"has-post-thumbnail","6":"product_cat-accessoires-exterieur","7":"product_tag-spoiler","9":"first","10":"outofstock","11":"shipping-taxable","12":"purchasable","13":"product-type-simple"},"jetpack_sharing_enabled":true,"_links":{"self":[{"href":"https:\/\/autopdz.com\/ar\/wp-json\/wp\/v2\/product\/5794","targetHints":{"allow":["GET"]}}],"collection":[{"href":"https:\/\/autopdz.com\/ar\/wp-json\/wp\/v2\/product"}],"about":[{"href":"https:\/\/autopdz.com\/ar\/wp-json\/wp\/v2\/types\/product"}],"replies":[{"embeddable":true,"href":"https:\/\/autopdz.com\/ar\/wp-json\/wp\/v2\/comments?post=5794"}],"wp:featuredmedia":[{"embeddable":true,"href":"https:\/\/autopdz.com\/ar\/wp-json\/wp\/v2\/media\/5791"}],"wp:attachment":[{"href":"https:\/\/autopdz.com\/ar\/wp-json\/wp\/v2\/media?parent=5794"}],"wp:term":[{"taxonomy":"product_brand","embeddable":true,"href":"https:\/\/autopdz.com\/ar\/wp-json\/wp\/v2\/product_brand?post=5794"},{"taxonomy":"product_cat","embeddable":true,"href":"https:\/\/autopdz.com\/ar\/wp-json\/wp\/v2\/product_cat?post=5794"},{"taxonomy":"product_tag","embeddable":true,"href":"https:\/\/autopdz.com\/ar\/wp-json\/wp\/v2\/product_tag?post=5794"}],"curies":[{"name":"wp","href":"https:\/\/api.w.org\/{rel}","templated":true}]}}