{"id":5825,"date":"2024-11-05T12:15:17","date_gmt":"2024-11-05T11:15:17","guid":{"rendered":"https:\/\/autopdz.com\/product\/tasse-de-chauffage-et-de-refroidissement-intelligente-pour-automobiles\/"},"modified":"2024-11-05T12:22:48","modified_gmt":"2024-11-05T11:22:48","slug":"tasse-de-chauffage-et-de-refroidissement-intelligente-pour-automobiles","status":"publish","type":"product","link":"https:\/\/autopdz.com\/ar\/product\/tasse-de-chauffage-et-de-refroidissement-intelligente-pour-automobiles\/","title":{"rendered":"Tasse de Chauffage et de Refroidissement Intelligente pour Automobiles"},"content":{"rendered":"<p>Caract\u00e9ristiques du produit<\/p>\n<p>Nom du produit : Tasse de chauffage et de refroidissement intelligente pour automobiles<\/p>\n<p>Tension de fonctionnement : DC12V<\/p>\n<p>Courant de fonctionnement : 3A<\/p>\n<p>Puissance : 36 W<\/p>\n<p>Temp\u00e9rature de chauffage : La temp\u00e9rature du produit peut \u00eatre augment\u00e9e \u00e0 ~ 58 \u00b0C en environ trois minutes, l&rsquo;eau sera consid\u00e9rablement chauff\u00e9e apr\u00e8s 15 \u00e0 20 minutes, l&rsquo;effet de chauffage r\u00e9el sera li\u00e9 \u00e0 la temp\u00e9rature de l&rsquo;objet et \u00e0 la conductivit\u00e9 thermique du mat\u00e9riau.<\/p>\n<p>Temp\u00e9rature de refroidissement : La temp\u00e9rature du produit peut \u00eatre r\u00e9duite \u00e0 -2\u00b0C~0\u00b0C (temp\u00e9rature ambiante \u00e0 30\u00b0C~35\u00b0C) en environ trente minutes, l&rsquo;eau aura une sensation de fra\u00eecheur significative apr\u00e8s 15-20 minutes, l&rsquo;effet de refroidissement r\u00e9el sera li\u00e9 \u00e0 la temp\u00e9rature de l&rsquo;objet et \u00e0 la conductivit\u00e9 froide du mat\u00e9riau.<\/p>\n<p>Mat\u00e9riau : plastique ABS respectueux de l&rsquo;environnement + aluminium respectueux de l&rsquo;environnement<\/p>","protected":false},"excerpt":{"rendered":"<p>Caract\u00e9ristiques du produit Nom du produit : Tasse de chauffage et de refroidissement intelligente pour automobiles Tension de fonctionnement : DC12V Courant de fonctionnement : 3A Puissance : 36 W Temp\u00e9rature de chauffage : La temp\u00e9rature du produit peut \u00eatre augment\u00e9e \u00e0 ~ 58 \u00b0C en environ trois minutes, l&rsquo;eau sera consid\u00e9rablement chauff\u00e9e apr\u00e8s 15 [&hellip;]<\/p>","protected":false},"featured_media":5826,"comment_status":"open","ping_status":"closed","template":"","meta":[],"product_brand":[],"product_cat":[24],"product_tag":[],"class_list":{"0":"post-5825","1":"product","2":"type-product","3":"status-publish","4":"has-post-thumbnail","6":"product_cat-accessoires-interieur","8":"first","9":"instock","10":"shipping-taxable","11":"purchasable","12":"product-type-simple"},"jetpack_sharing_enabled":true,"_links":{"self":[{"href":"https:\/\/autopdz.com\/ar\/wp-json\/wp\/v2\/product\/5825","targetHints":{"allow":["GET"]}}],"collection":[{"href":"https:\/\/autopdz.com\/ar\/wp-json\/wp\/v2\/product"}],"about":[{"href":"https:\/\/autopdz.com\/ar\/wp-json\/wp\/v2\/types\/product"}],"replies":[{"embeddable":true,"href":"https:\/\/autopdz.com\/ar\/wp-json\/wp\/v2\/comments?post=5825"}],"wp:featuredmedia":[{"embeddable":true,"href":"https:\/\/autopdz.com\/ar\/wp-json\/wp\/v2\/media\/5826"}],"wp:attachment":[{"href":"https:\/\/autopdz.com\/ar\/wp-json\/wp\/v2\/media?parent=5825"}],"wp:term":[{"taxonomy":"product_brand","embeddable":true,"href":"https:\/\/autopdz.com\/ar\/wp-json\/wp\/v2\/product_brand?post=5825"},{"taxonomy":"product_cat","embeddable":true,"href":"https:\/\/autopdz.com\/ar\/wp-json\/wp\/v2\/product_cat?post=5825"},{"taxonomy":"product_tag","embeddable":true,"href":"https:\/\/autopdz.com\/ar\/wp-json\/wp\/v2\/product_tag?post=5825"}],"curies":[{"name":"wp","href":"https:\/\/api.w.org\/{rel}","templated":true}]}}