{"id":584,"date":"2023-09-21T21:41:20","date_gmt":"2023-09-21T20:41:20","guid":{"rendered":"https:\/\/autopdz.com\/?post_type=product&#038;p=584"},"modified":"2025-05-20T12:48:49","modified_gmt":"2025-05-20T11:48:49","slug":"support-de-telephone-a-ventouse-avec-coussin-de-gel-adhesif-solide","status":"publish","type":"product","link":"https:\/\/autopdz.com\/ar\/product\/support-de-telephone-a-ventouse-avec-coussin-de-gel-adhesif-solide\/","title":{"rendered":"Support de t\u00e9l\u00e9phone \u00e0 ventouse avec coussin de Gel adh\u00e9sif solide"},"content":{"rendered":"<p><span style=\"color: #000000;\"><strong data-spm-anchor-id=\"a2700.wholesale.0.i73.7f514270AUlJQC\">Caract\u00e9ristiques:<\/strong><\/span><\/p>\n<p><span style=\"color: #000000;\">* 3 en 1, peut \u00eatre utilis\u00e9 dans la ventilation, ou sur le tableau de bord, ou sur le verre<\/span><\/p>\n<p><span style=\"color: #000000;\">* Rotation Flexible, plus pratique;<\/span><\/p>\n<p data-spm-anchor-id=\"a2700.wholesale.0.i74.7f514270AUlJQC\"><span style=\"color: #000000;\">* Micro-aspiration nanom\u00e9trique, b\u00e2ton solide, plus stable et r\u00e9utilisable, ne laisse aucune trace;<\/span><\/p>\n<p><span style=\"color: #000000;\">* Brillant m\u00e9tallique, surface si pleine et lisse avec une couleur \u00e9lev\u00e9e.<\/span><\/p>\n<p><img fetchpriority=\"high\" decoding=\"async\" class=\"alignnone size-medium wp-image-590\" src=\"https:\/\/autopdz.com\/wp-content\/uploads\/2023\/09\/HTB1IyQ1J1uSBuNjSsplq6ze8pXac-400x400.jpg\" alt=\"\" width=\"400\" height=\"400\" srcset=\"https:\/\/autopdz.com\/wp-content\/uploads\/2023\/09\/HTB1IyQ1J1uSBuNjSsplq6ze8pXac-400x400.jpg 400w, https:\/\/autopdz.com\/wp-content\/uploads\/2023\/09\/HTB1IyQ1J1uSBuNjSsplq6ze8pXac-100x100.jpg 100w, https:\/\/autopdz.com\/wp-content\/uploads\/2023\/09\/HTB1IyQ1J1uSBuNjSsplq6ze8pXac-510x510.jpg 510w, https:\/\/autopdz.com\/wp-content\/uploads\/2023\/09\/HTB1IyQ1J1uSBuNjSsplq6ze8pXac-280x280.jpg 280w, https:\/\/autopdz.com\/wp-content\/uploads\/2023\/09\/HTB1IyQ1J1uSBuNjSsplq6ze8pXac-768x768.jpg 768w, https:\/\/autopdz.com\/wp-content\/uploads\/2023\/09\/HTB1IyQ1J1uSBuNjSsplq6ze8pXac.jpg 800w\" sizes=\"(max-width: 400px) 100vw, 400px\" \/><\/p>\n<p>&nbsp;<\/p>","protected":false},"excerpt":{"rendered":"<p>Caract\u00e9ristiques: * 3 en 1, peut \u00eatre utilis\u00e9 dans la ventilation, ou sur le tableau de bord, ou sur le verre * Rotation Flexible, plus pratique; * Micro-aspiration nanom\u00e9trique, b\u00e2ton solide, plus stable et r\u00e9utilisable, ne laisse aucune trace; * Brillant m\u00e9tallique, surface si pleine et lisse avec une couleur \u00e9lev\u00e9e. &nbsp;<\/p>","protected":false},"featured_media":591,"comment_status":"open","ping_status":"closed","template":"","meta":[],"product_brand":[],"product_cat":[38],"product_tag":[40],"class_list":{"0":"post-584","1":"product","2":"type-product","3":"status-publish","4":"has-post-thumbnail","6":"product_cat-support-telephone","7":"product_tag-support-telephone-voiture","9":"first","10":"instock","11":"shipping-taxable","12":"purchasable","13":"product-type-simple"},"jetpack_sharing_enabled":true,"_links":{"self":[{"href":"https:\/\/autopdz.com\/ar\/wp-json\/wp\/v2\/product\/584","targetHints":{"allow":["GET"]}}],"collection":[{"href":"https:\/\/autopdz.com\/ar\/wp-json\/wp\/v2\/product"}],"about":[{"href":"https:\/\/autopdz.com\/ar\/wp-json\/wp\/v2\/types\/product"}],"replies":[{"embeddable":true,"href":"https:\/\/autopdz.com\/ar\/wp-json\/wp\/v2\/comments?post=584"}],"wp:featuredmedia":[{"embeddable":true,"href":"https:\/\/autopdz.com\/ar\/wp-json\/wp\/v2\/media\/591"}],"wp:attachment":[{"href":"https:\/\/autopdz.com\/ar\/wp-json\/wp\/v2\/media?parent=584"}],"wp:term":[{"taxonomy":"product_brand","embeddable":true,"href":"https:\/\/autopdz.com\/ar\/wp-json\/wp\/v2\/product_brand?post=584"},{"taxonomy":"product_cat","embeddable":true,"href":"https:\/\/autopdz.com\/ar\/wp-json\/wp\/v2\/product_cat?post=584"},{"taxonomy":"product_tag","embeddable":true,"href":"https:\/\/autopdz.com\/ar\/wp-json\/wp\/v2\/product_tag?post=584"}],"curies":[{"name":"wp","href":"https:\/\/api.w.org\/{rel}","templated":true}]}}