{"id":5844,"date":"2024-11-05T13:22:04","date_gmt":"2024-11-05T12:22:04","guid":{"rendered":"https:\/\/autopdz.com\/product\/led-eclairages-interieurs-de-voiture-application-mobile\/"},"modified":"2025-02-15T11:57:45","modified_gmt":"2025-02-15T10:57:45","slug":"led-eclairages-interieurs-de-voiture-application-mobile","status":"publish","type":"product","link":"https:\/\/autopdz.com\/ar\/product\/led-eclairages-interieurs-de-voiture-application-mobile\/","title":{"rendered":"Led \u00e9clairages int\u00e9rieurs de voiture Application mobile"},"content":{"rendered":"<p>Caract\u00e9ristiques:<\/p>\n<p>100% tout neuf et de haute qualit\u00e9<\/p>\n<p>D\u00e9coration de voiture, f\u00eates, camping, d\u00e9coration de bar disponibles.<\/p>\n<p>Couleurs RVB en option.<\/p>\n<p>Moins de rayonnement thermique, faible consommation d&rsquo;\u00e9nergie.<\/p>\n<p>Connexion Bluetooth avec t\u00e9l\u00e9phone portable (IOS ou Android) disponible.<\/p>\n<p>Flexible et peut \u00eatre coup\u00e9.<\/p>\n<p>Tension : 12 V CC<\/p>\n<p>Type de LED : LED 5050<\/p>\n<p>Non<\/p>\n<p>Canal de sortie : 5 canaux\/RGBW3 canaux\/RGB<\/p>\n<p>Couleur de la lumi\u00e8re : RVB<\/p>\n<p>Mode d&rsquo;\u00e9clairage :<\/p>\n<p>Effets sonores actifs.<\/p>\n<p>\u00c9quipement de capteurs sonores et \u00e9clairage LED synchronis\u00e9s avec le rythme de la musique.<\/p>\n<p>Mode sommeil.<\/p>\n<p>La luminosit\u00e9 peut \u00eatre modifi\u00e9e automatiquement par ce mode.<\/p>\n<p>R\u00e9glage de la temp\u00e9rature de couleur.<\/p>\n<p>Changez la temp\u00e9rature de couleur selon vos envies<\/p>","protected":false},"excerpt":{"rendered":"<p>Caract\u00e9ristiques: 100% tout neuf et de haute qualit\u00e9 D\u00e9coration de voiture, f\u00eates, camping, d\u00e9coration de bar disponibles. Couleurs RVB en option. Moins de rayonnement thermique, faible consommation d&rsquo;\u00e9nergie. Connexion Bluetooth avec t\u00e9l\u00e9phone portable (IOS ou Android) disponible. Flexible et peut \u00eatre coup\u00e9. Tension : 12 V CC Type de LED : LED 5050 Non Canal [&hellip;]<\/p>","protected":false},"featured_media":12263,"comment_status":"open","ping_status":"closed","template":"","meta":[],"product_brand":[],"product_cat":[23],"product_tag":[],"class_list":{"0":"post-5844","1":"product","2":"type-product","3":"status-publish","4":"has-post-thumbnail","6":"product_cat-eclairage","8":"first","9":"instock","10":"shipping-taxable","11":"purchasable","12":"product-type-simple"},"jetpack_sharing_enabled":true,"_links":{"self":[{"href":"https:\/\/autopdz.com\/ar\/wp-json\/wp\/v2\/product\/5844","targetHints":{"allow":["GET"]}}],"collection":[{"href":"https:\/\/autopdz.com\/ar\/wp-json\/wp\/v2\/product"}],"about":[{"href":"https:\/\/autopdz.com\/ar\/wp-json\/wp\/v2\/types\/product"}],"replies":[{"embeddable":true,"href":"https:\/\/autopdz.com\/ar\/wp-json\/wp\/v2\/comments?post=5844"}],"wp:featuredmedia":[{"embeddable":true,"href":"https:\/\/autopdz.com\/ar\/wp-json\/wp\/v2\/media\/12263"}],"wp:attachment":[{"href":"https:\/\/autopdz.com\/ar\/wp-json\/wp\/v2\/media?parent=5844"}],"wp:term":[{"taxonomy":"product_brand","embeddable":true,"href":"https:\/\/autopdz.com\/ar\/wp-json\/wp\/v2\/product_brand?post=5844"},{"taxonomy":"product_cat","embeddable":true,"href":"https:\/\/autopdz.com\/ar\/wp-json\/wp\/v2\/product_cat?post=5844"},{"taxonomy":"product_tag","embeddable":true,"href":"https:\/\/autopdz.com\/ar\/wp-json\/wp\/v2\/product_tag?post=5844"}],"curies":[{"name":"wp","href":"https:\/\/api.w.org\/{rel}","templated":true}]}}